{"id":5783,"date":"2017-10-31T01:32:28","date_gmt":"2017-10-31T00:32:28","guid":{"rendered":"http:\/\/www.gcaudron.com\/?page_id=5783"},"modified":"2017-10-31T01:32:28","modified_gmt":"2017-10-31T00:32:28","slug":"jeux-traditionnels","status":"publish","type":"page","link":"http:\/\/www.gcaudron.com\/?page_id=5783","title":{"rendered":"JEUX TRADITIONNELS"},"content":{"rendered":"<p>Les racines de Villeneuve d\u2019Ascq qui plongent profond\u00e9ment dans les terroirs de Flers, d\u2019Annappes et d\u2019Ascq ont laiss\u00e9 vivre dans la ville des jeux traditionnels qui ont presque disparus du reste de nos r\u00e9gions.<\/p>\n<p>&nbsp;<\/p>\n<p>Je passe sur les combats de coqs et leur atmosph\u00e8re si particuli\u00e8re qui n\u2019ont pas surv\u00e9cu aux ann\u00e9es 80, pour \u00e9voquer le JAVELOT, sorte de grosse et lourde fl\u00e9chette (j\u2019y ai fait jouer Lionel Jospin au temps de notre jeunesse) et la BOURLE pour laquelle nous avons m\u00eame reconstruit un \u00e9quipement sur Ascq : c\u2019est un gros disque qui se lance sur une piste incurv\u00e9e.<\/p>\n<p>&nbsp;<\/p>\n<p>Avec l\u2019\u00e9levage de chevaux de trait de Monsieur Bonvarlet autour de sa ferme, les activit\u00e9s de la ferme du H\u00e9ron et m\u00eame la vie agricole qui a repris dans des fermes qui avaient \u00e9t\u00e9 expropri\u00e9es lors des d\u00e9buts de la Ville nouvelle, on a, l\u00e0, la plupart des riches \u00e9l\u00e9ments de notre culture populaire et de nos traditions.<\/p>\n<p>&nbsp;<\/p>\n<p>Une des raisons de la r\u00e9ussite de Villeneuve d\u2019Ascq c\u2019est d\u2019avoir su retrouver et mettre en valeur ses racines.<\/p>\n<p>&nbsp;<\/p>\n<p>Les nouveaux habitants de la Ville nouvelle ne sont ainsi jamais arriv\u00e9s sur une terre anonyme et sans Histoire\u2026\u00a0<strong>c\u2019est pourquoi sans doute ils sont devenus si rapidement des Villeneuvois.<\/strong><\/p>\n","protected":false},"excerpt":{"rendered":"<p>Les racines de Villeneuve d\u2019Ascq qui plongent profond\u00e9ment dans les terroirs de Flers, d\u2019Annappes et d\u2019Ascq ont laiss\u00e9 vivre dans la ville des jeux traditionnels qui ont presque disparus du reste de nos r\u00e9gions. &nbsp; Je passe sur les combats de coqs et leur atmosph\u00e8re si particuli\u00e8re qui n\u2019ont pas surv\u00e9cu aux ann\u00e9es 80, pour &hellip; <\/p>\n<p><a class=\"more-link btn\" href=\"http:\/\/www.gcaudron.com\/?page_id=5783\">Continue reading<\/a><\/p>\n","protected":false},"author":3,"featured_media":0,"parent":1021,"menu_order":59,"comment_status":"closed","ping_status":"closed","template":"","meta":{"footnotes":""},"class_list":["post-5783","page","type-page","status-publish","hentry","nodate","item-wrap"],"_links":{"self":[{"href":"http:\/\/www.gcaudron.com\/index.php?rest_route=\/wp\/v2\/pages\/5783","targetHints":{"allow":["GET"]}}],"collection":[{"href":"http:\/\/www.gcaudron.com\/index.php?rest_route=\/wp\/v2\/pages"}],"about":[{"href":"http:\/\/www.gcaudron.com\/index.php?rest_route=\/wp\/v2\/types\/page"}],"author":[{"embeddable":true,"href":"http:\/\/www.gcaudron.com\/index.php?rest_route=\/wp\/v2\/users\/3"}],"replies":[{"embeddable":true,"href":"http:\/\/www.gcaudron.com\/index.php?rest_route=%2Fwp%2Fv2%2Fcomments&post=5783"}],"version-history":[{"count":1,"href":"http:\/\/www.gcaudron.com\/index.php?rest_route=\/wp\/v2\/pages\/5783\/revisions"}],"predecessor-version":[{"id":5784,"href":"http:\/\/www.gcaudron.com\/index.php?rest_route=\/wp\/v2\/pages\/5783\/revisions\/5784"}],"up":[{"embeddable":true,"href":"http:\/\/www.gcaudron.com\/index.php?rest_route=\/wp\/v2\/pages\/1021"}],"wp:attachment":[{"href":"http:\/\/www.gcaudron.com\/index.php?rest_route=%2Fwp%2Fv2%2Fmedia&parent=5783"}],"curies":[{"name":"wp","href":"https:\/\/api.w.org\/{rel}","templated":true}]}}