{"id":5781,"date":"2017-10-31T01:31:44","date_gmt":"2017-10-31T00:31:44","guid":{"rendered":"http:\/\/www.gcaudron.com\/?page_id=5781"},"modified":"2017-10-31T01:31:44","modified_gmt":"2017-10-31T00:31:44","slug":"les-jeunes","status":"publish","type":"page","link":"http:\/\/www.gcaudron.com\/?page_id=5781","title":{"rendered":"LES JEUNES"},"content":{"rendered":"<p>Chacun a pu le remarquer\u00a0: Si les adultes parlent volontiers de leurs enfants, quand ces derniers ont grandi, ces m\u00eames adultes parlent \u00ab\u00a0des jeunes\u00a0\u00bb g\u00e9n\u00e9ralement pour en dire du mal, , en oubliant 3 choses\u00a0:<\/p>\n<p>&nbsp;<\/p>\n<p>&#8211;\u00a0\u00a0\u00a0\u00a0\u00a0\u00a0\u00a0\u00a0\u00a0\u00a0qu\u2019ils sont \u00ab\u00a0leurs\u00a0\u00bb jeunes, et pas ceux des autres<\/p>\n<p>&#8211;\u00a0\u00a0\u00a0\u00a0\u00a0\u00a0\u00a0\u00a0\u00a0\u00a0qu\u2019ils sont les fruits de leur \u00e9ducation ou de leur absence d\u2019\u00e9ducation<\/p>\n<p>&#8211;\u00a0\u00a0\u00a0\u00a0\u00a0\u00a0\u00a0\u00a0\u00a0\u00a0et qu\u2019ils sont leur avenir<strong>,\u00a0<\/strong>que cela leur plaise ou non.<\/p>\n<p>&nbsp;<\/p>\n<p><strong>Une soci\u00e9t\u00e9 qui entre en conflit avec sa jeunesse est bien malade.<\/strong><\/p>\n<p><strong>Une soci\u00e9t\u00e9 qui entre en guerre avec elle, est condamn\u00e9e.<\/strong><\/p>\n<p>&nbsp;<\/p>\n<p>A Villeneuve d\u2019Ascq, sa jeunesse, ses jeunes ont \u00e9t\u00e9 pour beaucoup dans la r\u00e9ussite d\u2019une Ville dont la moyenne d\u2019age reste inf\u00e9rieure \u00e0 30 ans.<\/p>\n<p>&nbsp;<\/p>\n<p>La Mairie s\u2019est, pourrait-on dire, \u00ab\u00a0content\u00e9\u00a0\u00bb de leur donner les moyens en terme d\u2019animation d\u2019encadrement, de services et d\u2019\u00e9quipements. Le Maire que je fus les a en permanence rencontr\u00e9 en tous lieux et a discut\u00e9 avec eux sans exc\u00e8s ni laxisme.<\/p>\n<p>&nbsp;<\/p>\n<p>Ils nous ont bien rendu ce qu\u2019on leur a donn\u00e9 et nous le rendent encore. Ils m\u2019ont personnellement beaucoup apport\u00e9.<\/p>\n<p>&nbsp;<\/p>\n<p><strong>Il faut maintenant veiller \u00e0 ce que l\u2019effort ne soit pas rel\u00e2ch\u00e9\u2026<\/strong>\u00a0fut-ce pour des raisons budg\u00e9taires.<\/p>\n<p>&nbsp;<\/p>\n<p>Une maison de jeunes peut \u00eatre ferm\u00e9e sans bruit.<\/p>\n<p>Une activit\u00e9 \u00ab\u00a0jeunes\u00a0\u00bb peut dispara\u00eetre sans drame d\u2019un centre social.<\/p>\n<p>Des centres de loisirs ou de vacances peuvent \u00eatre r\u00e9duits tr\u00e8s discr\u00e8tement.<\/p>\n<p>&nbsp;<\/p>\n<p><strong>Oui, tout cela est budg\u00e9tairement \u00ab\u00a0bel et bon\u00a0\u00bb<\/strong>\u00a0jusqu\u2019au jour ou aux nuits o\u00f9 des voitures se mettent \u00e0 exploser, des \u00e9coles \u00e0 br\u00fbler et o\u00f9 la peur s\u2019installe dans les cages d\u2019escaliers.<\/p>\n","protected":false},"excerpt":{"rendered":"<p>Chacun a pu le remarquer\u00a0: Si les adultes parlent volontiers de leurs enfants, quand ces derniers ont grandi, ces m\u00eames adultes parlent \u00ab\u00a0des jeunes\u00a0\u00bb g\u00e9n\u00e9ralement pour en dire du mal, , en oubliant 3 choses\u00a0: &nbsp; &#8211;\u00a0\u00a0\u00a0\u00a0\u00a0\u00a0\u00a0\u00a0\u00a0\u00a0qu\u2019ils sont \u00ab\u00a0leurs\u00a0\u00bb jeunes, et pas ceux des autres &#8211;\u00a0\u00a0\u00a0\u00a0\u00a0\u00a0\u00a0\u00a0\u00a0\u00a0qu\u2019ils sont les fruits de leur \u00e9ducation ou de leur &hellip; <\/p>\n<p><a class=\"more-link btn\" href=\"http:\/\/www.gcaudron.com\/?page_id=5781\">Continue reading<\/a><\/p>\n","protected":false},"author":3,"featured_media":0,"parent":1021,"menu_order":58,"comment_status":"closed","ping_status":"closed","template":"","meta":{"footnotes":""},"class_list":["post-5781","page","type-page","status-publish","hentry","nodate","item-wrap"],"_links":{"self":[{"href":"http:\/\/www.gcaudron.com\/index.php?rest_route=\/wp\/v2\/pages\/5781","targetHints":{"allow":["GET"]}}],"collection":[{"href":"http:\/\/www.gcaudron.com\/index.php?rest_route=\/wp\/v2\/pages"}],"about":[{"href":"http:\/\/www.gcaudron.com\/index.php?rest_route=\/wp\/v2\/types\/page"}],"author":[{"embeddable":true,"href":"http:\/\/www.gcaudron.com\/index.php?rest_route=\/wp\/v2\/users\/3"}],"replies":[{"embeddable":true,"href":"http:\/\/www.gcaudron.com\/index.php?rest_route=%2Fwp%2Fv2%2Fcomments&post=5781"}],"version-history":[{"count":1,"href":"http:\/\/www.gcaudron.com\/index.php?rest_route=\/wp\/v2\/pages\/5781\/revisions"}],"predecessor-version":[{"id":5782,"href":"http:\/\/www.gcaudron.com\/index.php?rest_route=\/wp\/v2\/pages\/5781\/revisions\/5782"}],"up":[{"embeddable":true,"href":"http:\/\/www.gcaudron.com\/index.php?rest_route=\/wp\/v2\/pages\/1021"}],"wp:attachment":[{"href":"http:\/\/www.gcaudron.com\/index.php?rest_route=%2Fwp%2Fv2%2Fmedia&parent=5781"}],"curies":[{"name":"wp","href":"https:\/\/api.w.org\/{rel}","templated":true}]}}