{"id":5779,"date":"2017-10-31T01:31:04","date_gmt":"2017-10-31T00:31:04","guid":{"rendered":"http:\/\/www.gcaudron.com\/?page_id=5779"},"modified":"2017-10-31T01:31:04","modified_gmt":"2017-10-31T00:31:04","slug":"jerusalem","status":"publish","type":"page","link":"http:\/\/www.gcaudron.com\/?page_id=5779","title":{"rendered":"J\u00c9RUSALEM"},"content":{"rendered":"<p>J\u00c9RUSALEM est pour moi, la plus belle ville au monde. C\u2019est un lieu mythique porteur de tout ce qui a fait la civilisation jud\u00e9o-chr\u00e9tienne, l\u2019endroit o\u00f9 le meilleur comme le pire se rencontrent \u00e0 chaque coin de rue ou de ruelle.<\/p>\n<p>&nbsp;<\/p>\n<p>Je l\u2019ai parcourue plusieurs fois et dans tous les sens. J\u2019ai m\u00eame le souvenir pr\u00e9cis d\u2019une nuit presque enti\u00e8rement pass\u00e9e \u00e0 regarder les remparts \u00e9clair\u00e9s de la Vieille Ville depuis un balcon du \u00ab King David H\u00f4tel \u00bb. J\u2019\u00e9tais comme hypnotis\u00e9.<\/p>\n<p>&nbsp;<\/p>\n<p>Pour \u00eatre honn\u00eate, j\u2019ai \u00e9t\u00e9 moins enthousiaste lors de mon dernier voyage en traversant des quartiers tout de noir v\u00eatus. C\u2019\u00e9tait il y a 5 ans.<\/p>\n<p>&nbsp;<\/p>\n<p>Malgr\u00e9 tout, je pense que la Paix du Monde passera demain par J\u00e9rusalem et la r\u00e9conciliation en ce lieu des Isra\u00e9liens et des Palestiniens.<\/p>\n<p>&nbsp;<\/p>\n<p>Il n\u2019est pas d\u2019autre lieu. Il n\u2019est pas d\u2019autre voie.<\/p>\n<p>Il n\u2019est pas d\u2019autre issue pour la Paix.<\/p>\n","protected":false},"excerpt":{"rendered":"<p>J\u00c9RUSALEM est pour moi, la plus belle ville au monde. C\u2019est un lieu mythique porteur de tout ce qui a fait la civilisation jud\u00e9o-chr\u00e9tienne, l\u2019endroit o\u00f9 le meilleur comme le pire se rencontrent \u00e0 chaque coin de rue ou de ruelle. &nbsp; Je l\u2019ai parcourue plusieurs fois et dans tous les sens. J\u2019ai m\u00eame le &hellip; <\/p>\n<p><a class=\"more-link btn\" href=\"http:\/\/www.gcaudron.com\/?page_id=5779\">Continue reading<\/a><\/p>\n","protected":false},"author":3,"featured_media":0,"parent":1021,"menu_order":57,"comment_status":"closed","ping_status":"closed","template":"","meta":{"footnotes":""},"class_list":["post-5779","page","type-page","status-publish","hentry","nodate","item-wrap"],"_links":{"self":[{"href":"http:\/\/www.gcaudron.com\/index.php?rest_route=\/wp\/v2\/pages\/5779","targetHints":{"allow":["GET"]}}],"collection":[{"href":"http:\/\/www.gcaudron.com\/index.php?rest_route=\/wp\/v2\/pages"}],"about":[{"href":"http:\/\/www.gcaudron.com\/index.php?rest_route=\/wp\/v2\/types\/page"}],"author":[{"embeddable":true,"href":"http:\/\/www.gcaudron.com\/index.php?rest_route=\/wp\/v2\/users\/3"}],"replies":[{"embeddable":true,"href":"http:\/\/www.gcaudron.com\/index.php?rest_route=%2Fwp%2Fv2%2Fcomments&post=5779"}],"version-history":[{"count":1,"href":"http:\/\/www.gcaudron.com\/index.php?rest_route=\/wp\/v2\/pages\/5779\/revisions"}],"predecessor-version":[{"id":5780,"href":"http:\/\/www.gcaudron.com\/index.php?rest_route=\/wp\/v2\/pages\/5779\/revisions\/5780"}],"up":[{"embeddable":true,"href":"http:\/\/www.gcaudron.com\/index.php?rest_route=\/wp\/v2\/pages\/1021"}],"wp:attachment":[{"href":"http:\/\/www.gcaudron.com\/index.php?rest_route=%2Fwp%2Fv2%2Fmedia&parent=5779"}],"curies":[{"name":"wp","href":"https:\/\/api.w.org\/{rel}","templated":true}]}}