{"id":5777,"date":"2017-10-31T01:30:26","date_gmt":"2017-10-31T00:30:26","guid":{"rendered":"http:\/\/www.gcaudron.com\/?page_id=5777"},"modified":"2017-10-31T01:30:26","modified_gmt":"2017-10-31T00:30:26","slug":"iznogoud-ou-lhistoire-de-celui-qui-veut-etre-c-a-la-place-du-c","status":"publish","type":"page","link":"http:\/\/www.gcaudron.com\/?page_id=5777","title":{"rendered":"IZNOGOUD OU L\u2019HISTOIRE DE CELUI QUI VEUT \u00caTRE C. \u00c0 LA PLACE DU C. \u2026"},"content":{"rendered":"<p>Voil\u00e0 un personnage de bande dessin\u00e9e qui pourrait ais\u00e9ment symboliser l\u2019homme politique mod\u00e8le standard\u2026<\/p>\n<p>&nbsp;<\/p>\n<p>Qui donc n\u2019en a jamais rencontr\u00e9 ?<\/p>\n<p>&nbsp;<\/p>\n<p>Quel que soit l\u2019endroit ou le niveau\u2026<\/p>\n<p>&nbsp;<\/p>\n<p>Celui qui prendrait le risque d\u2019en dresser la liste d\u00e9ciderait, ce faisant, de se faire quelques ennemis suppl\u00e9mentaires, car si l\u2019ami n\u2019existe pas en politique, l\u2019ennemi, lui, c\u2019est s\u00fbr, il existe !<\/p>\n<p>Les \u201cIznogoud\u201d de tout poil irritent autant qu\u2019ils flattent leur calife.<\/p>\n<p>&nbsp;<\/p>\n<p>Moi ils me font plut\u00f4t sourire\u2026 (de plaisir souvent, de d\u00e9pit parfois).<\/p>\n","protected":false},"excerpt":{"rendered":"<p>Voil\u00e0 un personnage de bande dessin\u00e9e qui pourrait ais\u00e9ment symboliser l\u2019homme politique mod\u00e8le standard\u2026 &nbsp; Qui donc n\u2019en a jamais rencontr\u00e9 ? &nbsp; Quel que soit l\u2019endroit ou le niveau\u2026 &nbsp; Celui qui prendrait le risque d\u2019en dresser la liste d\u00e9ciderait, ce faisant, de se faire quelques ennemis suppl\u00e9mentaires, car si l\u2019ami n\u2019existe pas en &hellip; <\/p>\n<p><a class=\"more-link btn\" href=\"http:\/\/www.gcaudron.com\/?page_id=5777\">Continue reading<\/a><\/p>\n","protected":false},"author":3,"featured_media":0,"parent":1021,"menu_order":56,"comment_status":"closed","ping_status":"closed","template":"","meta":{"footnotes":""},"class_list":["post-5777","page","type-page","status-publish","hentry","nodate","item-wrap"],"_links":{"self":[{"href":"http:\/\/www.gcaudron.com\/index.php?rest_route=\/wp\/v2\/pages\/5777","targetHints":{"allow":["GET"]}}],"collection":[{"href":"http:\/\/www.gcaudron.com\/index.php?rest_route=\/wp\/v2\/pages"}],"about":[{"href":"http:\/\/www.gcaudron.com\/index.php?rest_route=\/wp\/v2\/types\/page"}],"author":[{"embeddable":true,"href":"http:\/\/www.gcaudron.com\/index.php?rest_route=\/wp\/v2\/users\/3"}],"replies":[{"embeddable":true,"href":"http:\/\/www.gcaudron.com\/index.php?rest_route=%2Fwp%2Fv2%2Fcomments&post=5777"}],"version-history":[{"count":1,"href":"http:\/\/www.gcaudron.com\/index.php?rest_route=\/wp\/v2\/pages\/5777\/revisions"}],"predecessor-version":[{"id":5778,"href":"http:\/\/www.gcaudron.com\/index.php?rest_route=\/wp\/v2\/pages\/5777\/revisions\/5778"}],"up":[{"embeddable":true,"href":"http:\/\/www.gcaudron.com\/index.php?rest_route=\/wp\/v2\/pages\/1021"}],"wp:attachment":[{"href":"http:\/\/www.gcaudron.com\/index.php?rest_route=%2Fwp%2Fv2%2Fmedia&parent=5777"}],"curies":[{"name":"wp","href":"https:\/\/api.w.org\/{rel}","templated":true}]}}