{"id":5775,"date":"2017-10-31T01:29:48","date_gmt":"2017-10-31T00:29:48","guid":{"rendered":"http:\/\/www.gcaudron.com\/?page_id=5775"},"modified":"2017-10-31T01:29:48","modified_gmt":"2017-10-31T00:29:48","slug":"interview","status":"publish","type":"page","link":"http:\/\/www.gcaudron.com\/?page_id=5775","title":{"rendered":"INTERVIEW"},"content":{"rendered":"<p>Dans ma longue vie d\u2019\u00e9lu, j\u2019ai donn\u00e9 sans doute des centaines d\u2019interviews sinon plus\u2026<\/p>\n<p>&nbsp;<\/p>\n<p>Quand on est au \u201csommet\u201d ou quand on vous pr\u00eate l\u2019illusion de pouvoir l\u2019atteindre, les m\u00e9dias sont aux petits soins avec vous.<\/p>\n<p>&nbsp;<\/p>\n<p>J\u2019ai oubli\u00e9 la plupart d\u2019entre elles sauf quand je feuillette mes dossiers poussi\u00e9reux et mes archives humides\u2026 quant aux cassettes VHS, la plupart sont devenues inaudibles.<\/p>\n<p>&nbsp;<\/p>\n<p>Il est pourtant une interview qui me restera toujours en m\u00e9moire. Je l\u2019avais accord\u00e9 en juin 1977, 3 mois apr\u00e8s mon \u00e9lection, au \u00abCLAMPIN LIB\u00c9R\u00c9\u00bb qui avait titr\u00e9 : \u201cG\u00e9rard CAUDRON, 32 ans, nouveau Maire de Villeneuve d\u2019Ascq : \u00ab NON, je ne serai jamais un notable ! \u00bb\u201d Je pense avoir tenu parole\u2026 tout au moins je l\u2019esp\u00e8re.<\/p>\n","protected":false},"excerpt":{"rendered":"<p>Dans ma longue vie d\u2019\u00e9lu, j\u2019ai donn\u00e9 sans doute des centaines d\u2019interviews sinon plus\u2026 &nbsp; Quand on est au \u201csommet\u201d ou quand on vous pr\u00eate l\u2019illusion de pouvoir l\u2019atteindre, les m\u00e9dias sont aux petits soins avec vous. &nbsp; J\u2019ai oubli\u00e9 la plupart d\u2019entre elles sauf quand je feuillette mes dossiers poussi\u00e9reux et mes archives humides\u2026 &hellip; <\/p>\n<p><a class=\"more-link btn\" href=\"http:\/\/www.gcaudron.com\/?page_id=5775\">Continue reading<\/a><\/p>\n","protected":false},"author":3,"featured_media":0,"parent":1021,"menu_order":55,"comment_status":"closed","ping_status":"closed","template":"","meta":{"footnotes":""},"class_list":["post-5775","page","type-page","status-publish","hentry","nodate","item-wrap"],"_links":{"self":[{"href":"http:\/\/www.gcaudron.com\/index.php?rest_route=\/wp\/v2\/pages\/5775","targetHints":{"allow":["GET"]}}],"collection":[{"href":"http:\/\/www.gcaudron.com\/index.php?rest_route=\/wp\/v2\/pages"}],"about":[{"href":"http:\/\/www.gcaudron.com\/index.php?rest_route=\/wp\/v2\/types\/page"}],"author":[{"embeddable":true,"href":"http:\/\/www.gcaudron.com\/index.php?rest_route=\/wp\/v2\/users\/3"}],"replies":[{"embeddable":true,"href":"http:\/\/www.gcaudron.com\/index.php?rest_route=%2Fwp%2Fv2%2Fcomments&post=5775"}],"version-history":[{"count":1,"href":"http:\/\/www.gcaudron.com\/index.php?rest_route=\/wp\/v2\/pages\/5775\/revisions"}],"predecessor-version":[{"id":5776,"href":"http:\/\/www.gcaudron.com\/index.php?rest_route=\/wp\/v2\/pages\/5775\/revisions\/5776"}],"up":[{"embeddable":true,"href":"http:\/\/www.gcaudron.com\/index.php?rest_route=\/wp\/v2\/pages\/1021"}],"wp:attachment":[{"href":"http:\/\/www.gcaudron.com\/index.php?rest_route=%2Fwp%2Fv2%2Fmedia&parent=5775"}],"curies":[{"name":"wp","href":"https:\/\/api.w.org\/{rel}","templated":true}]}}