{"id":5773,"date":"2017-10-31T01:29:04","date_gmt":"2017-10-31T00:29:04","guid":{"rendered":"http:\/\/www.gcaudron.com\/?page_id=5773"},"modified":"2017-10-31T01:29:04","modified_gmt":"2017-10-31T00:29:04","slug":"houphouet-boigny-felix","status":"publish","type":"page","link":"http:\/\/www.gcaudron.com\/?page_id=5773","title":{"rendered":"HOUPHOU\u00cbT\u2013BOIGNY F\u00c9LIX"},"content":{"rendered":"<p>Nous sommes dans les ann\u00e9es 80.<\/p>\n<p>&nbsp;<\/p>\n<p>Un grand rassemblement mondial politique est organis\u00e9 au S\u00e9n\u00e9gal pr\u00e8s de Dakar, sur l\u2019Ile de Gor\u00e9e, contre\u00a0<strong>l\u2019apartheid qui r\u00e8gne en ma\u00eetre en Afrique du Sud\u00a0<\/strong>o\u00f9 Nelson Mandela n\u2019est encore qu\u2019un \u201crebelle\u201d\u2026<\/p>\n<p>&nbsp;<\/p>\n<p>Pierre Mauroy pr\u00e9side ce rassemblement aux cot\u00e9s du Pr\u00e9sident du S\u00e9n\u00e9gal, Abdou Diouf, et tout se passe bien, malgr\u00e9 quelques tensions presque palpables durant la nuit festive de \u201cl\u2019\u00eele aux esclaves\u201d.<\/p>\n<p>&nbsp;<\/p>\n<p>Un probl\u00e8me se pose : le Pr\u00e9sident de la C\u00f4te d\u2019Ivoire HOUPHOU\u00cbT\u2013BOIGNY aurait voulu \u00eatre \u201cpuissance invitante\u201d et il est tr\u00e8s vex\u00e9 !<\/p>\n<p>&nbsp;<\/p>\n<p>Histoire d\u2019att\u00e9nuer sa peine, il nous envoie \u201cson 747\u201d pour une visite de 48 heures dans sa nouvelle capitale de Yamoussoukro.<\/p>\n<p>&nbsp;<\/p>\n<p>L\u2019avion, bond\u00e9 et charg\u00e9 de tous nos bagages personnels nous m\u00e8ne donc en 3 heures au c\u0153ur de la C\u00f4te d\u2019Ivoire et la route qui joint l\u2019a\u00e9roport \u00e0 la capitale est bord\u00e9e d\u2019une foule \u201cbigarr\u00e9e et enthousiaste\u201d.<\/p>\n<p>&nbsp;<\/p>\n<p>On se serait cru revenu \u201cau bon temps de la coloniale\u201d.<\/p>\n<p>&nbsp;<\/p>\n<p>Dans un h\u00f4tel qui nous accueille (et o\u00f9 l\u2019on nous prend nos passeports qui nous seront rendus &#8211; en vrac &#8211; le lendemain), une s\u00e9ance solennelle est pr\u00e9vue et, surprise ! , le Pr\u00e9sident HOUPHOU\u00cbT\u2013BOIGNY est excus\u00e9 pour cause de sant\u00e9. Il fait donc lire son discours par son attach\u00e9 militaire.<\/p>\n<p>&nbsp;<\/p>\n<p>Apr\u00e8s cette s\u00e9ance, une r\u00e9ception \u00e9tait pr\u00e9vue \u00e0 la R\u00e9sidence Pr\u00e9sidentielle\u2026 et nous y retrouvons le Pr\u00e9sident en pleine forme qui saluera les centaines d\u2019invit\u00e9s un par un \u00e0 leur arriv\u00e9e.<\/p>\n<p>&nbsp;<\/p>\n<p>Le retour nous verra \u00e0 nouveau \u201cacclam\u00e9s\u201d par les m\u00eames ivoiriens qui nous avaient \u201cacclam\u00e9s\u201d \u00e0 l\u2019arriv\u00e9e.<\/p>\n<p>&nbsp;<\/p>\n<p>L\u2019avion d\u00e9colle encore plus charg\u00e9 du fait des cadeaux pr\u00e9sidentiels (une valise pour chacun avec une couverture, du caf\u00e9 et quelques bibelots divers\u2026) avant de redescendre \u00e0 peine une heure plus tard pour un passage en rase-mottes au dessus de la ville d\u2019Abidjan entre les immeubles et les monuments.<\/p>\n<p>&nbsp;<\/p>\n<p>Le pilote du 747 ira m\u00eame jusqu\u2019\u00e0 nous offrir un passage sur la piste de l\u2019a\u00e9roport, roues pos\u00e9es, et reprise des gaz.<\/p>\n<p>&nbsp;<\/p>\n<p>Je vous laisse imaginer la t\u00eate des connaisseurs, scotch\u00e9s \u00e0 leur si\u00e8ge\u2026<\/p>\n<p>&nbsp;<\/p>\n<p>C\u2019\u00e9tait une \u00ab histoire africaine \u00bb qui se termine finalement bien.<\/p>\n","protected":false},"excerpt":{"rendered":"<p>Nous sommes dans les ann\u00e9es 80. &nbsp; Un grand rassemblement mondial politique est organis\u00e9 au S\u00e9n\u00e9gal pr\u00e8s de Dakar, sur l\u2019Ile de Gor\u00e9e, contre\u00a0l\u2019apartheid qui r\u00e8gne en ma\u00eetre en Afrique du Sud\u00a0o\u00f9 Nelson Mandela n\u2019est encore qu\u2019un \u201crebelle\u201d\u2026 &nbsp; Pierre Mauroy pr\u00e9side ce rassemblement aux cot\u00e9s du Pr\u00e9sident du S\u00e9n\u00e9gal, Abdou Diouf, et tout se &hellip; <\/p>\n<p><a class=\"more-link btn\" href=\"http:\/\/www.gcaudron.com\/?page_id=5773\">Continue reading<\/a><\/p>\n","protected":false},"author":3,"featured_media":0,"parent":1021,"menu_order":54,"comment_status":"closed","ping_status":"closed","template":"","meta":{"footnotes":""},"class_list":["post-5773","page","type-page","status-publish","hentry","nodate","item-wrap"],"_links":{"self":[{"href":"http:\/\/www.gcaudron.com\/index.php?rest_route=\/wp\/v2\/pages\/5773","targetHints":{"allow":["GET"]}}],"collection":[{"href":"http:\/\/www.gcaudron.com\/index.php?rest_route=\/wp\/v2\/pages"}],"about":[{"href":"http:\/\/www.gcaudron.com\/index.php?rest_route=\/wp\/v2\/types\/page"}],"author":[{"embeddable":true,"href":"http:\/\/www.gcaudron.com\/index.php?rest_route=\/wp\/v2\/users\/3"}],"replies":[{"embeddable":true,"href":"http:\/\/www.gcaudron.com\/index.php?rest_route=%2Fwp%2Fv2%2Fcomments&post=5773"}],"version-history":[{"count":1,"href":"http:\/\/www.gcaudron.com\/index.php?rest_route=\/wp\/v2\/pages\/5773\/revisions"}],"predecessor-version":[{"id":5774,"href":"http:\/\/www.gcaudron.com\/index.php?rest_route=\/wp\/v2\/pages\/5773\/revisions\/5774"}],"up":[{"embeddable":true,"href":"http:\/\/www.gcaudron.com\/index.php?rest_route=\/wp\/v2\/pages\/1021"}],"wp:attachment":[{"href":"http:\/\/www.gcaudron.com\/index.php?rest_route=%2Fwp%2Fv2%2Fmedia&parent=5773"}],"curies":[{"name":"wp","href":"https:\/\/api.w.org\/{rel}","templated":true}]}}