{"id":5771,"date":"2017-10-31T01:28:25","date_gmt":"2017-10-31T00:28:25","guid":{"rendered":"http:\/\/www.gcaudron.com\/?page_id=5771"},"modified":"2017-10-31T01:28:25","modified_gmt":"2017-10-31T00:28:25","slug":"hollande-francois","status":"publish","type":"page","link":"http:\/\/www.gcaudron.com\/?page_id=5771","title":{"rendered":"HOLLANDE FRAN\u00c7OIS"},"content":{"rendered":"<p>Il parait, m\u2019a-t-on dit, qu\u2019il ne m\u2019a jamais vraiment pardonn\u00e9 de l\u2019avoir un jour \u201ccaricatur\u00e9\u201d sous la forme de \u201cPorcinet\u201d (sympathique personnage du dessin anim\u00e9 Wynnie l\u2019Ourson) dans mon journal citoyen sur Internet.<\/p>\n<p>&nbsp;<\/p>\n<p>Aujourd\u2019hui, je veux le rassurer :<\/p>\n<p>&nbsp;<\/p>\n<p>Si c\u2019\u00e9tait \u00e0 refaire, je ne le referais pas.<\/p>\n<p>&nbsp;<\/p>\n<p>A l\u2019\u00e9poque, pour moi, c\u2019\u00e9tait plut\u00f4t un geste amical que j\u2019adressais \u00e0 celui \u00e0 qui, pourtant, je reprochais de ne pas savoir prendre ni assurer toutes ses responsabilit\u00e9s.<\/p>\n<p>&nbsp;<\/p>\n<p>Depuis, il a grandi. Sera-t-il un jour \u201cau premier rang\u201d ?<\/p>\n<p>&nbsp;<\/p>\n<p>J\u2019ai encore la faiblesse de le lui souhaiter, une victoire de la gauche durable et appr\u00e9ci\u00e9e par le peuple, suppose un grand parti socialiste bien ancr\u00e9 \u00e0 gauche. C\u2019est une condition n\u00e9cessaire \u00e0 d\u00e9faut d\u2019\u00eatre une condition suffisante.<\/p>\n<p>&nbsp;<\/p>\n<p>En 2006 et 2007, ainsi qu\u2019en ont d\u00e9cid\u00e9 les adh\u00e9rents du PS, ce sc\u00e9nario d\u00e9pend largement de lui.<\/p>\n<p>&nbsp;<\/p>\n<p>Je ne saurai pourtant, en cet instant, faire de pronostic sur ses chances de r\u00e9ussite.<\/p>\n","protected":false},"excerpt":{"rendered":"<p>Il parait, m\u2019a-t-on dit, qu\u2019il ne m\u2019a jamais vraiment pardonn\u00e9 de l\u2019avoir un jour \u201ccaricatur\u00e9\u201d sous la forme de \u201cPorcinet\u201d (sympathique personnage du dessin anim\u00e9 Wynnie l\u2019Ourson) dans mon journal citoyen sur Internet. &nbsp; Aujourd\u2019hui, je veux le rassurer : &nbsp; Si c\u2019\u00e9tait \u00e0 refaire, je ne le referais pas. &nbsp; A l\u2019\u00e9poque, pour moi, &hellip; <\/p>\n<p><a class=\"more-link btn\" href=\"http:\/\/www.gcaudron.com\/?page_id=5771\">Continue reading<\/a><\/p>\n","protected":false},"author":3,"featured_media":0,"parent":1021,"menu_order":53,"comment_status":"closed","ping_status":"closed","template":"","meta":{"footnotes":""},"class_list":["post-5771","page","type-page","status-publish","hentry","nodate","item-wrap"],"_links":{"self":[{"href":"http:\/\/www.gcaudron.com\/index.php?rest_route=\/wp\/v2\/pages\/5771","targetHints":{"allow":["GET"]}}],"collection":[{"href":"http:\/\/www.gcaudron.com\/index.php?rest_route=\/wp\/v2\/pages"}],"about":[{"href":"http:\/\/www.gcaudron.com\/index.php?rest_route=\/wp\/v2\/types\/page"}],"author":[{"embeddable":true,"href":"http:\/\/www.gcaudron.com\/index.php?rest_route=\/wp\/v2\/users\/3"}],"replies":[{"embeddable":true,"href":"http:\/\/www.gcaudron.com\/index.php?rest_route=%2Fwp%2Fv2%2Fcomments&post=5771"}],"version-history":[{"count":1,"href":"http:\/\/www.gcaudron.com\/index.php?rest_route=\/wp\/v2\/pages\/5771\/revisions"}],"predecessor-version":[{"id":5772,"href":"http:\/\/www.gcaudron.com\/index.php?rest_route=\/wp\/v2\/pages\/5771\/revisions\/5772"}],"up":[{"embeddable":true,"href":"http:\/\/www.gcaudron.com\/index.php?rest_route=\/wp\/v2\/pages\/1021"}],"wp:attachment":[{"href":"http:\/\/www.gcaudron.com\/index.php?rest_route=%2Fwp%2Fv2%2Fmedia&parent=5771"}],"curies":[{"name":"wp","href":"https:\/\/api.w.org\/{rel}","templated":true}]}}