{"id":5769,"date":"2017-10-31T01:26:53","date_gmt":"2017-10-31T00:26:53","guid":{"rendered":"http:\/\/www.gcaudron.com\/?page_id=5769"},"modified":"2017-10-31T01:26:53","modified_gmt":"2017-10-31T00:26:53","slug":"heron-parc-du","status":"publish","type":"page","link":"http:\/\/www.gcaudron.com\/?page_id=5769","title":{"rendered":"H\u00c9RON ( PARC DU )"},"content":{"rendered":"<p><strong>Il n\u2019est pas de promeneur\u00a0<\/strong>\u00e0 ma connaissance qui n\u2019ait, un jour, \u00e9t\u00e9 frapp\u00e9 par la beaut\u00e9 du lieu.<\/p>\n<p>&nbsp;<\/p>\n<p>Plus de 100 hectares de terres agricoles, des fermes, des chevaux, une colline foresti\u00e8re, un grand lac, une r\u00e9serve naturelle,\u2026 le tout au coeur d\u2019une ville de plus de 60 000 habitants.<\/p>\n<p>&nbsp;<\/p>\n<p>Aujourd\u2019hui quoi de plus naturel, nous dirat-on. Mais dans les ann\u00e9es 80, d\u00e9cider de ne pas urbaniser un million de m2\u00a0pourtant pr\u00e9vus \u00e0 cet effet,\u00a0<strong>c\u2019\u00e9tait contraire \u00e0 toutes les id\u00e9es dominantes\u00a0<\/strong>o\u00f9 le b\u00e9tonnage habill\u00e9 de briques \u00e9tait la r\u00e8gle, et, m\u00eame, un signe de grandeur pour la plupart des \u00e9lus.<\/p>\n<p>&nbsp;<\/p>\n<p><strong>Depuis, les choses ont chang\u00e9\u00a0<\/strong>et seuls quelques ringards \u00e9prouvent encore une certaine jouissance \u00e0 sacrifier de l\u2019espace rural.<\/p>\n<p>&nbsp;<\/p>\n<p>Quant aux cons\u00e9quences financi\u00e8res d\u2019un tel choix \u00e0 l\u2019\u00e9poque, elles n\u2019\u00e9taient pas minces.<\/p>\n<p>&nbsp;<\/p>\n<p><strong>D\u00e9cider de ne pas construire au H\u00e9ron\u00a0<\/strong>cela signifiait abandonner une perspective financi\u00e8re d\u2019au minimum 40 millions de francs (soit plus de 6 millions d\u2019euros) rien qu\u2019au niveau du foncier.<\/p>\n<p>&nbsp;<\/p>\n<p>En cons\u00e9quence, dire non \u00e0 un promoteur immobilier, c\u2019\u00e9tait infiniment plus difficile que de dire oui\u2026 et on se faisait davantage d\u2019ennemis en d\u00e9fendant la nature qu\u2019en la sacrifiant.<\/p>\n<p>&nbsp;<\/p>\n<p>Au demeurant, est-il aussi s\u00fbr que cela a chang\u00e9 depuis ?<\/p>\n","protected":false},"excerpt":{"rendered":"<p>Il n\u2019est pas de promeneur\u00a0\u00e0 ma connaissance qui n\u2019ait, un jour, \u00e9t\u00e9 frapp\u00e9 par la beaut\u00e9 du lieu. &nbsp; Plus de 100 hectares de terres agricoles, des fermes, des chevaux, une colline foresti\u00e8re, un grand lac, une r\u00e9serve naturelle,\u2026 le tout au coeur d\u2019une ville de plus de 60 000 habitants. &nbsp; Aujourd\u2019hui quoi de &hellip; <\/p>\n<p><a class=\"more-link btn\" href=\"http:\/\/www.gcaudron.com\/?page_id=5769\">Continue reading<\/a><\/p>\n","protected":false},"author":3,"featured_media":0,"parent":1021,"menu_order":52,"comment_status":"closed","ping_status":"closed","template":"","meta":{"footnotes":""},"class_list":["post-5769","page","type-page","status-publish","hentry","nodate","item-wrap"],"_links":{"self":[{"href":"http:\/\/www.gcaudron.com\/index.php?rest_route=\/wp\/v2\/pages\/5769","targetHints":{"allow":["GET"]}}],"collection":[{"href":"http:\/\/www.gcaudron.com\/index.php?rest_route=\/wp\/v2\/pages"}],"about":[{"href":"http:\/\/www.gcaudron.com\/index.php?rest_route=\/wp\/v2\/types\/page"}],"author":[{"embeddable":true,"href":"http:\/\/www.gcaudron.com\/index.php?rest_route=\/wp\/v2\/users\/3"}],"replies":[{"embeddable":true,"href":"http:\/\/www.gcaudron.com\/index.php?rest_route=%2Fwp%2Fv2%2Fcomments&post=5769"}],"version-history":[{"count":1,"href":"http:\/\/www.gcaudron.com\/index.php?rest_route=\/wp\/v2\/pages\/5769\/revisions"}],"predecessor-version":[{"id":5770,"href":"http:\/\/www.gcaudron.com\/index.php?rest_route=\/wp\/v2\/pages\/5769\/revisions\/5770"}],"up":[{"embeddable":true,"href":"http:\/\/www.gcaudron.com\/index.php?rest_route=\/wp\/v2\/pages\/1021"}],"wp:attachment":[{"href":"http:\/\/www.gcaudron.com\/index.php?rest_route=%2Fwp%2Fv2%2Fmedia&parent=5769"}],"curies":[{"name":"wp","href":"https:\/\/api.w.org\/{rel}","templated":true}]}}