{"id":5765,"date":"2017-10-31T01:25:48","date_gmt":"2017-10-31T00:25:48","guid":{"rendered":"http:\/\/www.gcaudron.com\/?page_id=5765"},"modified":"2017-10-31T01:25:48","modified_gmt":"2017-10-31T00:25:48","slug":"guerre-dalgerie","status":"publish","type":"page","link":"http:\/\/www.gcaudron.com\/?page_id=5765","title":{"rendered":"GUERRE D\u2019ALG\u00c9RIE"},"content":{"rendered":"<p>Alors que mon grand-p\u00e8re \u00e9tait trop jeune pour \u00eatre mobilis\u00e9 en 1914, que mon p\u00e8re, n\u00e9 en juillet 1921, n\u2019\u00e9tait pas appel\u00e9 en 1939, et que n\u00e9 en 1945, je n\u2019ai pas fait la guerre d\u2019Alg\u00e9rie, \u00e0 5 ans pr\u00e8s, un de mes cousins y a fait 30 mois, apr\u00e8s que son p\u00e8re ait \u00e9t\u00e9 fait prisonnier en Allemagne durant 5 ans et que son grand p\u00e8re ait \u00e9t\u00e9 tu\u00e9 durant \u201cla grande guerre\u201d.<\/p>\n<p>&nbsp;<\/p>\n<p>Ainsi va la vie comme le disait ma grand-m\u00e8re mais pour ce qui est de mon cousin : il ne s\u2019en est jamais remis<strong>,\u00a0<\/strong>comme la plupart de ses camarades.<\/p>\n<p>&nbsp;<\/p>\n<p>Rappelons-le sans cesse : la guerre d\u2019Alg\u00e9rie, cette guerre longtemps sans nom, a caus\u00e9 la mort de centaines de milliers d\u2019Alg\u00e9riens, celle de dizaines de milliers de Fran\u00e7ais et chass\u00e9 de leurs foyers deux millions de rapatri\u00e9s, sans oublier le massacre des Harkis.<\/p>\n<p>&nbsp;<\/p>\n<p>Son histoire commence \u00e0 s\u2019\u00e9crire avec ses horreurs, sa violence et ses exc\u00e8s.<\/p>\n<p>&nbsp;<\/p>\n<p>Mais \u00e9crira-t-on jamais, un jour, la vie bris\u00e9e de millions de jeunes fran\u00e7ais envoy\u00e9s, sans pr\u00e9paration, d\u00e9fendre une cause inexpliqu\u00e9e avant de leur dire tout le mal d\u2019une mission qu\u2019on leur avait impos\u00e9 de remplir ?<\/p>\n<p>&nbsp;<\/p>\n<p>Au del\u00e0 des morts et des bless\u00e9s, dira-t-on un jour les morts pr\u00e9matur\u00e9es, les maladies, les suicides, les silences oppressants\u2026 ?<\/p>\n<p>&nbsp;<\/p>\n<p>En Alg\u00e9rie hier, mais aussi au Vietnam et aujourd\u2019hui en Irak, des gouvernements irresponsables continuent, sous une autre forme, \u00e0 utiliser leurs jeunes citoyens comme au bon vieux temps de \u201cla chair \u00e0 canons\u201d\u2026<\/p>\n<p>&nbsp;<\/p>\n<p>Quant \u00e0 l\u2019Alg\u00e9rie, plus de 40 ans apr\u00e8s les accords d\u2019Evian, elle peine \u00e0 \u00eatre \u201cun pays comme les autres\u201d\u2026 et la violence reste son lot quotidien\u2026<\/p>\n","protected":false},"excerpt":{"rendered":"<p>Alors que mon grand-p\u00e8re \u00e9tait trop jeune pour \u00eatre mobilis\u00e9 en 1914, que mon p\u00e8re, n\u00e9 en juillet 1921, n\u2019\u00e9tait pas appel\u00e9 en 1939, et que n\u00e9 en 1945, je n\u2019ai pas fait la guerre d\u2019Alg\u00e9rie, \u00e0 5 ans pr\u00e8s, un de mes cousins y a fait 30 mois, apr\u00e8s que son p\u00e8re ait \u00e9t\u00e9 &hellip; <\/p>\n<p><a class=\"more-link btn\" href=\"http:\/\/www.gcaudron.com\/?page_id=5765\">Continue reading<\/a><\/p>\n","protected":false},"author":3,"featured_media":0,"parent":1021,"menu_order":50,"comment_status":"closed","ping_status":"closed","template":"","meta":{"footnotes":""},"class_list":["post-5765","page","type-page","status-publish","hentry","nodate","item-wrap"],"_links":{"self":[{"href":"http:\/\/www.gcaudron.com\/index.php?rest_route=\/wp\/v2\/pages\/5765","targetHints":{"allow":["GET"]}}],"collection":[{"href":"http:\/\/www.gcaudron.com\/index.php?rest_route=\/wp\/v2\/pages"}],"about":[{"href":"http:\/\/www.gcaudron.com\/index.php?rest_route=\/wp\/v2\/types\/page"}],"author":[{"embeddable":true,"href":"http:\/\/www.gcaudron.com\/index.php?rest_route=\/wp\/v2\/users\/3"}],"replies":[{"embeddable":true,"href":"http:\/\/www.gcaudron.com\/index.php?rest_route=%2Fwp%2Fv2%2Fcomments&post=5765"}],"version-history":[{"count":1,"href":"http:\/\/www.gcaudron.com\/index.php?rest_route=\/wp\/v2\/pages\/5765\/revisions"}],"predecessor-version":[{"id":5766,"href":"http:\/\/www.gcaudron.com\/index.php?rest_route=\/wp\/v2\/pages\/5765\/revisions\/5766"}],"up":[{"embeddable":true,"href":"http:\/\/www.gcaudron.com\/index.php?rest_route=\/wp\/v2\/pages\/1021"}],"wp:attachment":[{"href":"http:\/\/www.gcaudron.com\/index.php?rest_route=%2Fwp%2Fv2%2Fmedia&parent=5765"}],"curies":[{"name":"wp","href":"https:\/\/api.w.org\/{rel}","templated":true}]}}