{"id":5763,"date":"2017-10-31T01:25:10","date_gmt":"2017-10-31T00:25:10","guid":{"rendered":"http:\/\/www.gcaudron.com\/?page_id=5763"},"modified":"2017-10-31T01:25:10","modified_gmt":"2017-10-31T00:25:10","slug":"giscard-destaing-valery","status":"publish","type":"page","link":"http:\/\/www.gcaudron.com\/?page_id=5763","title":{"rendered":"GISCARD D\u2019ESTAING VAL\u00c9RY"},"content":{"rendered":"<p>Inutile de le pr\u00e9senter : il a tout \u00e9t\u00e9, y compris Pr\u00e9sident de la R\u00e9publique fran\u00e7aise, l\u2019unique Pr\u00e9sident sous la V\u00e8me\u00a0R\u00e9publique \u00e0 \u00eatre battu \u00e0 l\u2019issue d\u2019un seul mandat.<\/p>\n<p>&nbsp;<\/p>\n<p>En 2004-2005, il est le porteur du projet de Constitution Europ\u00e9enne rejet\u00e9 par les Fran\u00e7ais le 29 mai 2005.<\/p>\n<p>&nbsp;<\/p>\n<p>Je me souviens de lui au d\u00e9but des ann\u00e9es 90 alors qu\u2019il \u00e9tait Pr\u00e9sident du groupe lib\u00e9ral au Parlement europ\u00e9en venant me f\u00e9liciter chaleureusement pour le vote de mon rapport sur la T\u00e9l\u00e9vision Haute D\u00e9finition (TVHD) et m\u2019assurant de son soutien\u2026<\/p>\n<p>\u2026avant que je ne d\u00e9couvre le lendemain sur les listes de votes qu\u2019il n\u2019avait pas vot\u00e9 !<\/p>\n<p>&nbsp;<\/p>\n<p>Quelques mois plus tard, il allait quitter le groupe lib\u00e9ral (qu\u2019il pr\u00e9sidait) pour aller au PPE (Parti Populaire Europ\u00e9en) dans l\u2019espoir d\u2019\u00eatre Pr\u00e9sident du Parlement europ\u00e9en.<\/p>\n<p>&nbsp;<\/p>\n<p>Le PPE pr\u00e9sentera, bien s\u00fbr, un autre candidat que lui, un allemand, qui sera \u00e9lu avec le soutien des socialistes.<\/p>\n<p>&nbsp;<\/p>\n<p><strong>Un dernier souvenir qui concernera aussi mes relations avec Pierre Mauroy.<\/strong><\/p>\n<p><strong>\u00a0<\/strong><\/p>\n<p>C\u2019\u00e9tait en 1980 ; le Maire de Lille l\u2019avait invit\u00e9 en son H\u00f4tel de Ville.<\/p>\n<p>&nbsp;<\/p>\n<p>Avec la fougue de mes 35 ans j\u2019avais organis\u00e9 \u201cun chahut militant\u201d sous le Beffroi au moment du discours du Pr\u00e9sident de la R\u00e9publique : panique chez les policiers pour qui il \u00e9tait difficile de museler le Maire de Villeneuve d\u2019 Ascq\u2026 !<\/p>\n<p>&nbsp;<\/p>\n<p>Regard noir et col\u00e8re de Pierre Mauroy\u2026<\/p>\n<p>&nbsp;<\/p>\n<p>\u00c9tonnement de Val\u00e9ry Giscard d\u2019Estaing\u2026<\/p>\n<p>&nbsp;<\/p>\n<p>Quelques mois plus tard, d\u00e9jouant tous les pronostics,<\/p>\n<p>Fran\u00e7ois Mitterrand \u00e9tait \u00e9lu Pr\u00e9sident de la R\u00e9publique. Il nommait Pierre Mauroy premier Ministre.<\/p>\n<p>&nbsp;<\/p>\n<p>Il le restera trois ans, d\u2019abord comme artisan du changement ensuite comme celui de la rigueur\u2026. avant de \u201cs\u2019\u00e9craser\u201d sur le mur des \u00e9coles catholiques.<\/p>\n","protected":false},"excerpt":{"rendered":"<p>Inutile de le pr\u00e9senter : il a tout \u00e9t\u00e9, y compris Pr\u00e9sident de la R\u00e9publique fran\u00e7aise, l\u2019unique Pr\u00e9sident sous la V\u00e8me\u00a0R\u00e9publique \u00e0 \u00eatre battu \u00e0 l\u2019issue d\u2019un seul mandat. &nbsp; En 2004-2005, il est le porteur du projet de Constitution Europ\u00e9enne rejet\u00e9 par les Fran\u00e7ais le 29 mai 2005. &nbsp; Je me souviens de lui &hellip; <\/p>\n<p><a class=\"more-link btn\" href=\"http:\/\/www.gcaudron.com\/?page_id=5763\">Continue reading<\/a><\/p>\n","protected":false},"author":3,"featured_media":0,"parent":1021,"menu_order":49,"comment_status":"closed","ping_status":"closed","template":"","meta":{"footnotes":""},"class_list":["post-5763","page","type-page","status-publish","hentry","nodate","item-wrap"],"_links":{"self":[{"href":"http:\/\/www.gcaudron.com\/index.php?rest_route=\/wp\/v2\/pages\/5763","targetHints":{"allow":["GET"]}}],"collection":[{"href":"http:\/\/www.gcaudron.com\/index.php?rest_route=\/wp\/v2\/pages"}],"about":[{"href":"http:\/\/www.gcaudron.com\/index.php?rest_route=\/wp\/v2\/types\/page"}],"author":[{"embeddable":true,"href":"http:\/\/www.gcaudron.com\/index.php?rest_route=\/wp\/v2\/users\/3"}],"replies":[{"embeddable":true,"href":"http:\/\/www.gcaudron.com\/index.php?rest_route=%2Fwp%2Fv2%2Fcomments&post=5763"}],"version-history":[{"count":1,"href":"http:\/\/www.gcaudron.com\/index.php?rest_route=\/wp\/v2\/pages\/5763\/revisions"}],"predecessor-version":[{"id":5764,"href":"http:\/\/www.gcaudron.com\/index.php?rest_route=\/wp\/v2\/pages\/5763\/revisions\/5764"}],"up":[{"embeddable":true,"href":"http:\/\/www.gcaudron.com\/index.php?rest_route=\/wp\/v2\/pages\/1021"}],"wp:attachment":[{"href":"http:\/\/www.gcaudron.com\/index.php?rest_route=%2Fwp%2Fv2%2Fmedia&parent=5763"}],"curies":[{"name":"wp","href":"https:\/\/api.w.org\/{rel}","templated":true}]}}