{"id":5759,"date":"2017-10-31T01:23:41","date_gmt":"2017-10-31T00:23:41","guid":{"rendered":"http:\/\/www.gcaudron.com\/?page_id=5759"},"modified":"2017-10-31T01:23:41","modified_gmt":"2017-10-31T00:23:41","slug":"gerbe","status":"publish","type":"page","link":"http:\/\/www.gcaudron.com\/?page_id=5759","title":{"rendered":"GERBE"},"content":{"rendered":"<p>La gerbe est un des attributs les plus visibles de tout \u00e9lu.<\/p>\n<p>&nbsp;<\/p>\n<p>Faite de fleurs, elle est barr\u00e9e d\u2019un ruban tricolore sur lequel est inscrit le nom de la collectivit\u00e9 et parfois m\u00eame celui de l\u2019\u00e9lu qui la porte.<\/p>\n<p>&nbsp;<\/p>\n<p>Un Maire en d\u00e9pose, en g\u00e9n\u00e9ral, plus d\u2019une dizaine par an devant divers monuments, sans oublier celles destin\u00e9es \u00e0 honorer de \u201cgrands disparus\u201d.<\/p>\n<p>&nbsp;<\/p>\n<p>En 24 ans, les miennes se compteront donc par centaines et avec elles j\u2019ai v\u00e9cu des centaines de moments d\u2019\u00e9motion.<\/p>\n<p>&nbsp;<\/p>\n<p>Les anecdotes qui les \u00e9maillent sont nombreuses.<\/p>\n<p>&nbsp;<\/p>\n<p><strong>J\u2019en retiendrai 3.<\/strong><\/p>\n<p><strong>\u00a0<\/strong><\/p>\n<p><strong>C\u2019\u00e9tait en 1977\u00a0<\/strong>et donc une de mes premi\u00e8res manifestations.<\/p>\n<p>&nbsp;<\/p>\n<p>J\u2019\u00e9tais au garde \u00e0 vous devant le Monument aux Morts d\u2019Annappes. Le garde-champ\u00eatre va chercher la gerbe. Il vient vers moi avec elle comme pour me la tendre. Il ne s\u2019arr\u00eatera pas\u2026 et la d\u00e9posera lui-m\u00eame.<\/p>\n<p>&nbsp;<\/p>\n<p><strong>Deux ou trois ans plus tard<\/strong>, \u00e0 Flers-Bourg, j\u2019arrive \u00e0 l\u2019heure juste. L\u2019adjoint communiste pr\u00e9sent a sans doute une montre \u201cqui avance un peu\u201c et quand je rejoins les personnalit\u00e9s, la gerbe a d\u00e9j\u00e0 \u00e9t\u00e9 d\u00e9pos\u00e9e par ses soins.<\/p>\n<p>&nbsp;<\/p>\n<p><strong>Plus r\u00e9cemment, le 11 novembre 2005<\/strong>, je ne suis plus que conseiller municipal mais \u00e0 9 heures au Breucq un adjoint doit officier et comme chaque ann\u00e9e, j\u2019y suis pr\u00e9sent.<\/p>\n<p>&nbsp;<\/p>\n<p>Apr\u00e8s avoir gar\u00e9 ma voiture, je traverse le cimeti\u00e8re, je passe devant le monument o\u00f9 se trouve une gerbe au nom de Jean Michel STIEVENARD.<\/p>\n<p>&nbsp;<\/p>\n<p>Me serais-je tromp\u00e9 d\u2019heure ?<\/p>\n<p>&nbsp;<\/p>\n<p>Mais non, un peu plus loin les anciens combattants attendent l\u2019heure\u2026 et l\u2019adjoint la gerbe.<\/p>\n<p>&nbsp;<\/p>\n<p>Il partagera finalement celle des anciens combattants.<\/p>\n","protected":false},"excerpt":{"rendered":"<p>La gerbe est un des attributs les plus visibles de tout \u00e9lu. &nbsp; Faite de fleurs, elle est barr\u00e9e d\u2019un ruban tricolore sur lequel est inscrit le nom de la collectivit\u00e9 et parfois m\u00eame celui de l\u2019\u00e9lu qui la porte. &nbsp; Un Maire en d\u00e9pose, en g\u00e9n\u00e9ral, plus d\u2019une dizaine par an devant divers monuments, &hellip; <\/p>\n<p><a class=\"more-link btn\" href=\"http:\/\/www.gcaudron.com\/?page_id=5759\">Continue reading<\/a><\/p>\n","protected":false},"author":3,"featured_media":0,"parent":1021,"menu_order":47,"comment_status":"closed","ping_status":"closed","template":"","meta":{"footnotes":""},"class_list":["post-5759","page","type-page","status-publish","hentry","nodate","item-wrap"],"_links":{"self":[{"href":"http:\/\/www.gcaudron.com\/index.php?rest_route=\/wp\/v2\/pages\/5759","targetHints":{"allow":["GET"]}}],"collection":[{"href":"http:\/\/www.gcaudron.com\/index.php?rest_route=\/wp\/v2\/pages"}],"about":[{"href":"http:\/\/www.gcaudron.com\/index.php?rest_route=\/wp\/v2\/types\/page"}],"author":[{"embeddable":true,"href":"http:\/\/www.gcaudron.com\/index.php?rest_route=\/wp\/v2\/users\/3"}],"replies":[{"embeddable":true,"href":"http:\/\/www.gcaudron.com\/index.php?rest_route=%2Fwp%2Fv2%2Fcomments&post=5759"}],"version-history":[{"count":1,"href":"http:\/\/www.gcaudron.com\/index.php?rest_route=\/wp\/v2\/pages\/5759\/revisions"}],"predecessor-version":[{"id":5760,"href":"http:\/\/www.gcaudron.com\/index.php?rest_route=\/wp\/v2\/pages\/5759\/revisions\/5760"}],"up":[{"embeddable":true,"href":"http:\/\/www.gcaudron.com\/index.php?rest_route=\/wp\/v2\/pages\/1021"}],"wp:attachment":[{"href":"http:\/\/www.gcaudron.com\/index.php?rest_route=%2Fwp%2Fv2%2Fmedia&parent=5759"}],"curies":[{"name":"wp","href":"https:\/\/api.w.org\/{rel}","templated":true}]}}