{"id":5757,"date":"2017-10-31T01:22:59","date_gmt":"2017-10-31T00:22:59","guid":{"rendered":"http:\/\/www.gcaudron.com\/?page_id=5757"},"modified":"2017-10-31T01:22:59","modified_gmt":"2017-10-31T00:22:59","slug":"fusion-la","status":"publish","type":"page","link":"http:\/\/www.gcaudron.com\/?page_id=5757","title":{"rendered":"FUSION (LA)"},"content":{"rendered":"<p>La consommation d\u2019\u00e9nergie dans le monde atteindra, en 2050, au moins 2 fois sa consommation actuelle. L\u2019\u00e9puisement des combustibles fossiles rend indispensable le d\u00e9veloppement de nouvelles \u00e9nergies qui devront satisfaire des crit\u00e8res \u00e9conomiques et prendre en compte des exigences d\u2019environnement, de s\u00fbret\u00e9, de disponibilit\u00e9 des ressources.\u00a0<strong>L\u2019\u00e9nergie de fusion r\u00e9pond \u00e0 ces exigences<\/strong>.<\/p>\n<p><strong>\u00a0<\/strong><\/p>\n<p><strong>Rappelons que pour produire de l\u2019\u00e9nergie<\/strong>, il faut r\u00e9aliser une transformation dans laquelle, entre l\u2019\u00e9tat initial et l\u2019\u00e9tat final, un peu de la masse des corps en jeu a disparu. Ce d\u00e9faut de masse se retrouve sous forme d\u2019\u00e9nergie par la formule E=mc2.<\/p>\n<p>&nbsp;<\/p>\n<p>Si on part du noyau d\u2019un atome lourd (par exemple l\u2019atome d\u2019uranium) pour en faire des atomes plus l\u00e9gers :\u00a0<strong>c\u2019est la fission\u00a0<\/strong>et donc la centrale nucl\u00e9aire classique.<\/p>\n<p>&nbsp;<\/p>\n<p>Si on part de noyaux d\u2019atomes l\u00e9gers (exemple le deut\u00e9rium et le tritium) pour construire des atomes plus lourds :\u00a0<strong>c\u2019est la fusion<\/strong>.<\/p>\n<p>&nbsp;<\/p>\n<p><strong>Int\u00e9r\u00eats de la fusion :<\/strong><\/p>\n<p><strong>\u00a0<\/strong><\/p>\n<p>Le premier int\u00e9r\u00eat r\u00e9side dans la quantit\u00e9 d\u2019\u00e9nergie obtenue et dans la disponibilit\u00e9 des \u00e9l\u00e9ments employ\u00e9s, l\u2019hydrog\u00e8ne et ses isotopes, le deut\u00e9rium et le tritium.<\/p>\n<p>&nbsp;<\/p>\n<p>Le deut\u00e9rium existe en abondance dans l\u2019eau de mer. Le tritium peut \u00eatre produit \u00e0 partir de r\u00e9actions entre des neutrons et deux isotopes du lithium issus de la cro\u00fbte terrestre et de l\u2019eau de mer.<\/p>\n<p>&nbsp;<\/p>\n<p><strong>A titre d\u2019illustration<\/strong>, on peut estimer que la fusion du deut\u00e9rium contenu dans un litre d\u2019eau de mer permettrait d\u2019obtenir une \u00e9nergie \u00e9quivalente \u00e0 la combustion de 300 litres d\u2019essence.<\/p>\n<p>&nbsp;<\/p>\n<p>Par ailleurs, la fusion produit peu de d\u00e9chets et la dur\u00e9e de vie de ces d\u00e9chets est courte.<\/p>\n<p>&nbsp;<\/p>\n<p>Enfin, la fusion se contr\u00f4le \u00e0 tout instant et ne pr\u00e9sente aucun des risques de la fission (il n\u2019y a pas de r\u00e9action en cha\u00eene).<\/p>\n<p>&nbsp;<\/p>\n<p><strong>Le projet ITER\u00a0<\/strong>(International Thermonuclear Experimental Reactor) est n\u00e9 avec les Etats-Unis, la Russie, le Japon et l\u2019Europe (\u00e0 laquelle s\u2019est associ\u00e9 le Canada et plus r\u00e9cemment la Chine), sous les auspices de l\u2019Agence Internationale de l\u2019Energie Atomique.<\/p>\n<p>&nbsp;<\/p>\n<p>La phase d\u2019ing\u00e9nierie d\u00e9taill\u00e9e achev\u00e9e en juillet 2001, il a fallu, d\u00e8s lors, s\u2019occuper du site d\u2019ITER, des conditions de financement de la construction ainsi que des contours juridiques de la future entit\u00e9 qui aura en charge sa construction et son exploitation.<\/p>\n<p>&nbsp;<\/p>\n<p>En 2002, le Parlement europ\u00e9en a vot\u00e9 les cr\u00e9dits n\u00e9cessaires \u00e0 ITER dans le cadre du 6\u00e8me\u00a0PCRD.<\/p>\n<p>&nbsp;<\/p>\n<p>En 2005 le lieu d\u2019implantation est enfin choisi : ce sera en France \u00e0 Cadarache.<\/p>\n<p>&nbsp;<\/p>\n<p>ITER sera \u201dla premi\u00e8re machine\u201d qui int\u00e8grera les technologies essentielles \u00e0 la pr\u00e9paration du futur r\u00e9acteur \u00e0 fusion, en particulier dans le domaine du confinement \u00e9lectromagn\u00e9tique.<\/p>\n<p>&nbsp;<\/p>\n<p>C\u2019est un enjeu plan\u00e9taire majeur que de fournir \u00e0 l\u2019humanit\u00e9 cette \u00e9nergie dont elle aura besoin et donc un enjeu qui exige une r\u00e9ponse elle-m\u00eame plan\u00e9taire.<\/p>\n<p>&nbsp;<\/p>\n<p>Il n\u2019y a plus de temps \u00e0 perdre :<\/p>\n<p>&nbsp;<\/p>\n<p>&#8211; ni pour construire ITER,<\/p>\n<p>&#8211; ni pour poursuivre toutes les recherches sur la FUSION<\/p>\n<p>&#8211; ni pour former les chercheurs et techniciens qui travailleront sur le r\u00e9acteur exp\u00e9rimental avant de construire et de faire fonctionner un r\u00e9acteur \u201dFusion\u201d op\u00e9rationnel.<\/p>\n<p>&nbsp;<\/p>\n<p>\u00ab\u00a0<strong>Il est revenu le temps des cath\u00e9drales !\u00a0<\/strong>\u00bb<\/p>\n<p>&nbsp;<\/p>\n<p>(les premiers b\u00e2tisseurs savaient qu\u2019ils ne verraient pas leur oeuvre achev\u00e9e\u2026 mais ils savaient qu\u2019ils devaient l\u2019entreprendre.)<\/p>\n","protected":false},"excerpt":{"rendered":"<p>La consommation d\u2019\u00e9nergie dans le monde atteindra, en 2050, au moins 2 fois sa consommation actuelle. L\u2019\u00e9puisement des combustibles fossiles rend indispensable le d\u00e9veloppement de nouvelles \u00e9nergies qui devront satisfaire des crit\u00e8res \u00e9conomiques et prendre en compte des exigences d\u2019environnement, de s\u00fbret\u00e9, de disponibilit\u00e9 des ressources.\u00a0L\u2019\u00e9nergie de fusion r\u00e9pond \u00e0 ces exigences. \u00a0 Rappelons que &hellip; <\/p>\n<p><a class=\"more-link btn\" href=\"http:\/\/www.gcaudron.com\/?page_id=5757\">Continue reading<\/a><\/p>\n","protected":false},"author":3,"featured_media":0,"parent":1021,"menu_order":46,"comment_status":"closed","ping_status":"closed","template":"","meta":{"footnotes":""},"class_list":["post-5757","page","type-page","status-publish","hentry","nodate","item-wrap"],"_links":{"self":[{"href":"http:\/\/www.gcaudron.com\/index.php?rest_route=\/wp\/v2\/pages\/5757","targetHints":{"allow":["GET"]}}],"collection":[{"href":"http:\/\/www.gcaudron.com\/index.php?rest_route=\/wp\/v2\/pages"}],"about":[{"href":"http:\/\/www.gcaudron.com\/index.php?rest_route=\/wp\/v2\/types\/page"}],"author":[{"embeddable":true,"href":"http:\/\/www.gcaudron.com\/index.php?rest_route=\/wp\/v2\/users\/3"}],"replies":[{"embeddable":true,"href":"http:\/\/www.gcaudron.com\/index.php?rest_route=%2Fwp%2Fv2%2Fcomments&post=5757"}],"version-history":[{"count":1,"href":"http:\/\/www.gcaudron.com\/index.php?rest_route=\/wp\/v2\/pages\/5757\/revisions"}],"predecessor-version":[{"id":5758,"href":"http:\/\/www.gcaudron.com\/index.php?rest_route=\/wp\/v2\/pages\/5757\/revisions\/5758"}],"up":[{"embeddable":true,"href":"http:\/\/www.gcaudron.com\/index.php?rest_route=\/wp\/v2\/pages\/1021"}],"wp:attachment":[{"href":"http:\/\/www.gcaudron.com\/index.php?rest_route=%2Fwp%2Fv2%2Fmedia&parent=5757"}],"curies":[{"name":"wp","href":"https:\/\/api.w.org\/{rel}","templated":true}]}}