{"id":5753,"date":"2017-10-31T01:21:48","date_gmt":"2017-10-31T00:21:48","guid":{"rendered":"http:\/\/www.gcaudron.com\/?page_id=5753"},"modified":"2017-10-31T01:21:48","modified_gmt":"2017-10-31T00:21:48","slug":"femmes-et-8-mars","status":"publish","type":"page","link":"http:\/\/www.gcaudron.com\/?page_id=5753","title":{"rendered":"FEMMES ET 8 MARS"},"content":{"rendered":"<p><strong>JOURN\u00c9E mondiale de la femme<\/strong><\/p>\n<p><strong>\u00a0<\/strong><\/p>\n<p>Pour certains, c\u2019est un rituel.<\/p>\n<p>&nbsp;<\/p>\n<p>Pour les plus machos, un mauvais moment \u00e0 passer.<\/p>\n<p>&nbsp;<\/p>\n<p><strong>Pour moi, c\u2019est un acte politique majeur\u00a0<\/strong>pour une v\u00e9ritable \u00e9galit\u00e9, un acte de justice, pour un respect v\u00e9ritable contre toutes les violences faites aux femmes, mais aussi pour notre avenir car il n\u2019est dans un monde qui a gaspill\u00e9 ses ressources de richesse que dans l\u2019humain.<\/p>\n<p>&nbsp;<\/p>\n<p>C\u2019est donc le potentiel f\u00e9minin qui assurera notre avenir \u00e0 tous les niveaux.<\/p>\n<p>&nbsp;<\/p>\n<p>Oui vraiment, dans tous les sens du terme \u00ab la femme est l\u2019avenir de l\u2019homme \u00bb.<\/p>\n","protected":false},"excerpt":{"rendered":"<p>JOURN\u00c9E mondiale de la femme \u00a0 Pour certains, c\u2019est un rituel. &nbsp; Pour les plus machos, un mauvais moment \u00e0 passer. &nbsp; Pour moi, c\u2019est un acte politique majeur\u00a0pour une v\u00e9ritable \u00e9galit\u00e9, un acte de justice, pour un respect v\u00e9ritable contre toutes les violences faites aux femmes, mais aussi pour notre avenir car il n\u2019est &hellip; <\/p>\n<p><a class=\"more-link btn\" href=\"http:\/\/www.gcaudron.com\/?page_id=5753\">Continue reading<\/a><\/p>\n","protected":false},"author":3,"featured_media":0,"parent":1021,"menu_order":44,"comment_status":"closed","ping_status":"closed","template":"","meta":{"footnotes":""},"class_list":["post-5753","page","type-page","status-publish","hentry","nodate","item-wrap"],"_links":{"self":[{"href":"http:\/\/www.gcaudron.com\/index.php?rest_route=\/wp\/v2\/pages\/5753","targetHints":{"allow":["GET"]}}],"collection":[{"href":"http:\/\/www.gcaudron.com\/index.php?rest_route=\/wp\/v2\/pages"}],"about":[{"href":"http:\/\/www.gcaudron.com\/index.php?rest_route=\/wp\/v2\/types\/page"}],"author":[{"embeddable":true,"href":"http:\/\/www.gcaudron.com\/index.php?rest_route=\/wp\/v2\/users\/3"}],"replies":[{"embeddable":true,"href":"http:\/\/www.gcaudron.com\/index.php?rest_route=%2Fwp%2Fv2%2Fcomments&post=5753"}],"version-history":[{"count":1,"href":"http:\/\/www.gcaudron.com\/index.php?rest_route=\/wp\/v2\/pages\/5753\/revisions"}],"predecessor-version":[{"id":5754,"href":"http:\/\/www.gcaudron.com\/index.php?rest_route=\/wp\/v2\/pages\/5753\/revisions\/5754"}],"up":[{"embeddable":true,"href":"http:\/\/www.gcaudron.com\/index.php?rest_route=\/wp\/v2\/pages\/1021"}],"wp:attachment":[{"href":"http:\/\/www.gcaudron.com\/index.php?rest_route=%2Fwp%2Fv2%2Fmedia&parent=5753"}],"curies":[{"name":"wp","href":"https:\/\/api.w.org\/{rel}","templated":true}]}}