{"id":5751,"date":"2017-10-31T01:20:18","date_gmt":"2017-10-31T00:20:18","guid":{"rendered":"http:\/\/www.gcaudron.com\/?page_id=5751"},"modified":"2017-10-31T01:20:52","modified_gmt":"2017-10-31T00:20:52","slug":"faust-le-syndrome-de","status":"publish","type":"page","link":"http:\/\/www.gcaudron.com\/?page_id=5751","title":{"rendered":"FAUST (LE SYNDR\u00d4ME DE)"},"content":{"rendered":"<p>Tout homme est taraud\u00e9 par l\u2019obsession d\u2019une jeunesse \u00e0 retrouver et ce, \u00e0 l\u2019instar de Faust, \u00e0 n\u2019importe quel prix\u2026<\/p>\n<p>&nbsp;<\/p>\n<p>L\u2019homme priv\u00e9 pense retrouver sa jeunesse en refaisant sa vie, comme on dit. Il en paie le prix, le moment venu, avec des probl\u00e8mes \u00e0 r\u00e9soudre qui souvent ne sont plus de son \u00e2ge\u2026<\/p>\n<p>&nbsp;<\/p>\n<p>L\u2019homme public, lui, cherche sa jeunesse en prolongeant sa vie publique au-del\u00e0 du raisonnable et il en fait payer le prix par ceux qu\u2019il est cens\u00e9 repr\u00e9senter.<\/p>\n<p>&nbsp;<\/p>\n<p>Tout se paie dans la vie. Mais l\u00e0 o\u00f9 l\u2019homme priv\u00e9 paie lui-m\u00eame \u201cl\u2019addition\u201d, le politicien la fait payer par les autres en imposant aux citoyens des dirigeants notoirement plus \u00e2g\u00e9s et donc notoirement diff\u00e9rents d\u2019eux.<\/p>\n<p>&nbsp;<\/p>\n<p>C\u2019est ind\u00e9niablement beaucoup plus grave.<\/p>\n","protected":false},"excerpt":{"rendered":"<p>Tout homme est taraud\u00e9 par l\u2019obsession d\u2019une jeunesse \u00e0 retrouver et ce, \u00e0 l\u2019instar de Faust, \u00e0 n\u2019importe quel prix\u2026 &nbsp; L\u2019homme priv\u00e9 pense retrouver sa jeunesse en refaisant sa vie, comme on dit. Il en paie le prix, le moment venu, avec des probl\u00e8mes \u00e0 r\u00e9soudre qui souvent ne sont plus de son \u00e2ge\u2026 &hellip; <\/p>\n<p><a class=\"more-link btn\" href=\"http:\/\/www.gcaudron.com\/?page_id=5751\">Continue reading<\/a><\/p>\n","protected":false},"author":3,"featured_media":0,"parent":1021,"menu_order":43,"comment_status":"closed","ping_status":"closed","template":"","meta":{"footnotes":""},"class_list":["post-5751","page","type-page","status-publish","hentry","nodate","item-wrap"],"_links":{"self":[{"href":"http:\/\/www.gcaudron.com\/index.php?rest_route=\/wp\/v2\/pages\/5751","targetHints":{"allow":["GET"]}}],"collection":[{"href":"http:\/\/www.gcaudron.com\/index.php?rest_route=\/wp\/v2\/pages"}],"about":[{"href":"http:\/\/www.gcaudron.com\/index.php?rest_route=\/wp\/v2\/types\/page"}],"author":[{"embeddable":true,"href":"http:\/\/www.gcaudron.com\/index.php?rest_route=\/wp\/v2\/users\/3"}],"replies":[{"embeddable":true,"href":"http:\/\/www.gcaudron.com\/index.php?rest_route=%2Fwp%2Fv2%2Fcomments&post=5751"}],"version-history":[{"count":1,"href":"http:\/\/www.gcaudron.com\/index.php?rest_route=\/wp\/v2\/pages\/5751\/revisions"}],"predecessor-version":[{"id":5752,"href":"http:\/\/www.gcaudron.com\/index.php?rest_route=\/wp\/v2\/pages\/5751\/revisions\/5752"}],"up":[{"embeddable":true,"href":"http:\/\/www.gcaudron.com\/index.php?rest_route=\/wp\/v2\/pages\/1021"}],"wp:attachment":[{"href":"http:\/\/www.gcaudron.com\/index.php?rest_route=%2Fwp%2Fv2%2Fmedia&parent=5751"}],"curies":[{"name":"wp","href":"https:\/\/api.w.org\/{rel}","templated":true}]}}