{"id":5749,"date":"2017-10-31T01:19:48","date_gmt":"2017-10-31T00:19:48","guid":{"rendered":"http:\/\/www.gcaudron.com\/?page_id=5749"},"modified":"2017-10-31T01:19:48","modified_gmt":"2017-10-31T00:19:48","slug":"fontaine-fables-de-la","status":"publish","type":"page","link":"http:\/\/www.gcaudron.com\/?page_id=5749","title":{"rendered":"FONTAINE ( FABLES DE LA )"},"content":{"rendered":"<p>Tout \u201capprenti politicien\u201d devrait \u00eatre tenu de lire les fables de La Fontaine et d\u2019en apprendre au moins deux par coeur :<\/p>\n<p>&#8211; La grenouille qui veut se faire aussi grosse que le boeuf.<\/p>\n<p>&#8211; Le loup et l\u2019agneau<\/p>\n<p>&nbsp;<\/p>\n<p>De la grenouille qui, \u00e0 force d\u2019enfler, cr\u00e8ve, au rappel que la raison du plus fort est toujours la meilleure, on y trouve r\u00e9sum\u00e9es 90% des r\u00e8gles du code qui r\u00e9git la politique\u2026 sans oublier bien s\u00fbr \u201cle para\u00eetre\u201d, si bien d\u00e9crit dans ses comportements, par \u00ab Le corbeau et le renard \u00bb<\/p>\n","protected":false},"excerpt":{"rendered":"<p>Tout \u201capprenti politicien\u201d devrait \u00eatre tenu de lire les fables de La Fontaine et d\u2019en apprendre au moins deux par coeur : &#8211; La grenouille qui veut se faire aussi grosse que le boeuf. &#8211; Le loup et l\u2019agneau &nbsp; De la grenouille qui, \u00e0 force d\u2019enfler, cr\u00e8ve, au rappel que la raison du plus &hellip; <\/p>\n<p><a class=\"more-link btn\" href=\"http:\/\/www.gcaudron.com\/?page_id=5749\">Continue reading<\/a><\/p>\n","protected":false},"author":3,"featured_media":0,"parent":1021,"menu_order":42,"comment_status":"closed","ping_status":"closed","template":"","meta":{"footnotes":""},"class_list":["post-5749","page","type-page","status-publish","hentry","nodate","item-wrap"],"_links":{"self":[{"href":"http:\/\/www.gcaudron.com\/index.php?rest_route=\/wp\/v2\/pages\/5749","targetHints":{"allow":["GET"]}}],"collection":[{"href":"http:\/\/www.gcaudron.com\/index.php?rest_route=\/wp\/v2\/pages"}],"about":[{"href":"http:\/\/www.gcaudron.com\/index.php?rest_route=\/wp\/v2\/types\/page"}],"author":[{"embeddable":true,"href":"http:\/\/www.gcaudron.com\/index.php?rest_route=\/wp\/v2\/users\/3"}],"replies":[{"embeddable":true,"href":"http:\/\/www.gcaudron.com\/index.php?rest_route=%2Fwp%2Fv2%2Fcomments&post=5749"}],"version-history":[{"count":1,"href":"http:\/\/www.gcaudron.com\/index.php?rest_route=\/wp\/v2\/pages\/5749\/revisions"}],"predecessor-version":[{"id":5750,"href":"http:\/\/www.gcaudron.com\/index.php?rest_route=\/wp\/v2\/pages\/5749\/revisions\/5750"}],"up":[{"embeddable":true,"href":"http:\/\/www.gcaudron.com\/index.php?rest_route=\/wp\/v2\/pages\/1021"}],"wp:attachment":[{"href":"http:\/\/www.gcaudron.com\/index.php?rest_route=%2Fwp%2Fv2%2Fmedia&parent=5749"}],"curies":[{"name":"wp","href":"https:\/\/api.w.org\/{rel}","templated":true}]}}