{"id":5747,"date":"2017-10-31T01:19:16","date_gmt":"2017-10-31T00:19:16","guid":{"rendered":"http:\/\/www.gcaudron.com\/?page_id=5747"},"modified":"2017-10-31T01:19:16","modified_gmt":"2017-10-31T00:19:16","slug":"fabius-laurent","status":"publish","type":"page","link":"http:\/\/www.gcaudron.com\/?page_id=5747","title":{"rendered":"FABIUS LAURENT"},"content":{"rendered":"<p>J\u2019ai \u00e9t\u00e9 tr\u00e8s proche de lui.<\/p>\n<p>&nbsp;<\/p>\n<p>Je l\u2019ai rencontr\u00e9 r\u00e9guli\u00e8rement pendant des ann\u00e9es et j\u2019ai m\u00eame fait avec lui un de mes deux seuls voyages officiels, sans doute le plus important et le plus passionnant : c\u2019\u00e9tait en 1992 en Isra\u00ebl et en Jordanie, au lendemain de la premi\u00e8re guerre du Golfe. Nous avons pass\u00e9 36 heures dans la r\u00e9gion et y avons rencontr\u00e9 les principaux acteurs.<\/p>\n<p>&nbsp;<\/p>\n<p>Je n\u2019ai, sans doute, ensuite pas su lui en manifester une reconnaissance suffisante et je crois qu\u2019il m\u2019en a voulu.<\/p>\n<p>&nbsp;<\/p>\n<p>J\u2019ai subi surtout les contrecoups des ambitions naturelles de certains de ses soldat(e)s.<\/p>\n<p>J\u2019ai m\u00eame, sous les coups re\u00e7us, \u00e9t\u00e9 jusqu\u2019\u00e0 dire un jour que jamais je ne voterai ni pour lui ni pour l\u2019un des siens, ce qu\u2019il n\u2019a alors sans doute pas appr\u00e9ci\u00e9.<\/p>\n<p>&nbsp;<\/p>\n<p>Et pourtant, depuis d\u00e9cembre 2004 et le r\u00e9f\u00e9rendum sur la constitution de mai 2005, j\u2019adh\u00e8re largement \u00e0 son orientation et je salue son courage.<\/p>\n<p>&nbsp;<\/p>\n<p>C\u2019est aujourd\u2019hui dans tous ses aspects positifs ou moins positifs,\u00a0<strong>le seul vrai h\u00e9ritier de Fran\u00e7ois Mitterrand.<\/strong><\/p>\n<p><strong>\u00a0<\/strong><\/p>\n<p>Comme lui, il cherche \u00e0 savoir ce qui est bon pour la France avant de consulter les sondages.<\/p>\n<p>&nbsp;<\/p>\n<p>Comme lui, il laboure, l\u2019oeil riv\u00e9 sur le sillon.<\/p>\n<p>&nbsp;<\/p>\n<p>Je lui souhaite sinc\u00e8rement le m\u00eame avenir politique que son mentor.<\/p>\n","protected":false},"excerpt":{"rendered":"<p>J\u2019ai \u00e9t\u00e9 tr\u00e8s proche de lui. &nbsp; Je l\u2019ai rencontr\u00e9 r\u00e9guli\u00e8rement pendant des ann\u00e9es et j\u2019ai m\u00eame fait avec lui un de mes deux seuls voyages officiels, sans doute le plus important et le plus passionnant : c\u2019\u00e9tait en 1992 en Isra\u00ebl et en Jordanie, au lendemain de la premi\u00e8re guerre du Golfe. Nous avons &hellip; <\/p>\n<p><a class=\"more-link btn\" href=\"http:\/\/www.gcaudron.com\/?page_id=5747\">Continue reading<\/a><\/p>\n","protected":false},"author":3,"featured_media":0,"parent":1021,"menu_order":41,"comment_status":"closed","ping_status":"closed","template":"","meta":{"footnotes":""},"class_list":["post-5747","page","type-page","status-publish","hentry","nodate","item-wrap"],"_links":{"self":[{"href":"http:\/\/www.gcaudron.com\/index.php?rest_route=\/wp\/v2\/pages\/5747","targetHints":{"allow":["GET"]}}],"collection":[{"href":"http:\/\/www.gcaudron.com\/index.php?rest_route=\/wp\/v2\/pages"}],"about":[{"href":"http:\/\/www.gcaudron.com\/index.php?rest_route=\/wp\/v2\/types\/page"}],"author":[{"embeddable":true,"href":"http:\/\/www.gcaudron.com\/index.php?rest_route=\/wp\/v2\/users\/3"}],"replies":[{"embeddable":true,"href":"http:\/\/www.gcaudron.com\/index.php?rest_route=%2Fwp%2Fv2%2Fcomments&post=5747"}],"version-history":[{"count":1,"href":"http:\/\/www.gcaudron.com\/index.php?rest_route=\/wp\/v2\/pages\/5747\/revisions"}],"predecessor-version":[{"id":5748,"href":"http:\/\/www.gcaudron.com\/index.php?rest_route=\/wp\/v2\/pages\/5747\/revisions\/5748"}],"up":[{"embeddable":true,"href":"http:\/\/www.gcaudron.com\/index.php?rest_route=\/wp\/v2\/pages\/1021"}],"wp:attachment":[{"href":"http:\/\/www.gcaudron.com\/index.php?rest_route=%2Fwp%2Fv2%2Fmedia&parent=5747"}],"curies":[{"name":"wp","href":"https:\/\/api.w.org\/{rel}","templated":true}]}}