{"id":5741,"date":"2017-10-31T01:06:40","date_gmt":"2017-10-31T00:06:40","guid":{"rendered":"http:\/\/www.gcaudron.com\/?page_id=5741"},"modified":"2017-10-31T01:06:40","modified_gmt":"2017-10-31T00:06:40","slug":"equipes-municipales","status":"publish","type":"page","link":"http:\/\/www.gcaudron.com\/?page_id=5741","title":{"rendered":"\u00c9QUIPES MUNICIPALES"},"content":{"rendered":"<p>Entre 1977 et 2001, j\u2019ai anim\u00e9 en tant que Maire 4 \u00e9quipes municipales et j\u2019ai donc aujourd\u2019hui le devoir de rendre hommage\u00a0<strong>\u00e0 tous ces \u00e9lus\u00a0<\/strong>de Villeneuve d\u2019Ascq.<\/p>\n<p><strong>\u00a0<\/strong><\/p>\n<p>Le travail d\u2019un Maire, en effet, c\u2019est d\u2019abord un travail de chef d\u2019\u00e9quipe, des \u00e9quipes compos\u00e9es d\u2019\u00e9lus aid\u00e9s de fonctionnaires communaux.<\/p>\n<p>&nbsp;<\/p>\n<p>Chaque \u00e9tape voit \u00e9merger de nouveaux probl\u00e8mes qui imposent donc la mise en oeuvre de r\u00e9ponses avant et pour aller ensuite plus loin.<\/p>\n<p>&nbsp;<\/p>\n<p><strong>Comme dans une course cycliste, on ne peut d\u00e9marrer une \u00e9tape\u00a0<\/strong>qu\u2019\u00e0 condition d\u2019avoir franchi la ligne d\u2019arriv\u00e9e de l\u2019\u00e9tape pr\u00e9c\u00e9dente.<\/p>\n<p>&nbsp;<\/p>\n<p><strong>Oublier cette r\u00e9alit\u00e9, pour quelque raison\u00a0<\/strong>que ce soit, c\u2019est toujours injuste vis-\u00e0-vis du pass\u00e9, quelque fois irrespectueux du travail fait et pour ceux qui sont en responsabilit\u00e9 aujourd\u2019hui apr\u00e8s l\u2019avoir \u00e9t\u00e9 hier, une forme de schizophr\u00e9nie bien d\u00e9risoire.<\/p>\n","protected":false},"excerpt":{"rendered":"<p>Entre 1977 et 2001, j\u2019ai anim\u00e9 en tant que Maire 4 \u00e9quipes municipales et j\u2019ai donc aujourd\u2019hui le devoir de rendre hommage\u00a0\u00e0 tous ces \u00e9lus\u00a0de Villeneuve d\u2019Ascq. \u00a0 Le travail d\u2019un Maire, en effet, c\u2019est d\u2019abord un travail de chef d\u2019\u00e9quipe, des \u00e9quipes compos\u00e9es d\u2019\u00e9lus aid\u00e9s de fonctionnaires communaux. &nbsp; Chaque \u00e9tape voit \u00e9merger de &hellip; <\/p>\n<p><a class=\"more-link btn\" href=\"http:\/\/www.gcaudron.com\/?page_id=5741\">Continue reading<\/a><\/p>\n","protected":false},"author":3,"featured_media":0,"parent":1021,"menu_order":39,"comment_status":"closed","ping_status":"closed","template":"","meta":{"footnotes":""},"class_list":["post-5741","page","type-page","status-publish","hentry","nodate","item-wrap"],"_links":{"self":[{"href":"http:\/\/www.gcaudron.com\/index.php?rest_route=\/wp\/v2\/pages\/5741","targetHints":{"allow":["GET"]}}],"collection":[{"href":"http:\/\/www.gcaudron.com\/index.php?rest_route=\/wp\/v2\/pages"}],"about":[{"href":"http:\/\/www.gcaudron.com\/index.php?rest_route=\/wp\/v2\/types\/page"}],"author":[{"embeddable":true,"href":"http:\/\/www.gcaudron.com\/index.php?rest_route=\/wp\/v2\/users\/3"}],"replies":[{"embeddable":true,"href":"http:\/\/www.gcaudron.com\/index.php?rest_route=%2Fwp%2Fv2%2Fcomments&post=5741"}],"version-history":[{"count":1,"href":"http:\/\/www.gcaudron.com\/index.php?rest_route=\/wp\/v2\/pages\/5741\/revisions"}],"predecessor-version":[{"id":5742,"href":"http:\/\/www.gcaudron.com\/index.php?rest_route=\/wp\/v2\/pages\/5741\/revisions\/5742"}],"up":[{"embeddable":true,"href":"http:\/\/www.gcaudron.com\/index.php?rest_route=\/wp\/v2\/pages\/1021"}],"wp:attachment":[{"href":"http:\/\/www.gcaudron.com\/index.php?rest_route=%2Fwp%2Fv2%2Fmedia&parent=5741"}],"curies":[{"name":"wp","href":"https:\/\/api.w.org\/{rel}","templated":true}]}}