{"id":5739,"date":"2017-10-31T01:06:01","date_gmt":"2017-10-31T00:06:01","guid":{"rendered":"http:\/\/www.gcaudron.com\/?page_id=5739"},"modified":"2017-10-31T01:06:01","modified_gmt":"2017-10-31T00:06:01","slug":"energie","status":"publish","type":"page","link":"http:\/\/www.gcaudron.com\/?page_id=5739","title":{"rendered":"\u00c9NERGIE"},"content":{"rendered":"<p>Notre plan\u00e8te consomme aujourd\u2019hui 10 milliards de TEP (tonne \u00e9quivalent p\u00e9trole).<\/p>\n<p>&nbsp;<\/p>\n<p>D\u2019ici 40 ans, la croissance des pays d\u00e9velopp\u00e9s et en voie de d\u00e9veloppement, m\u00eame accompagn\u00e9e d\u2019\u00e9conomies d\u2019\u00e9nergie, nous conduira \u00e0 un besoin de 20 milliards de TEP au minimum.<\/p>\n<p>&nbsp;<\/p>\n<p>Or, aujourd\u2019hui, les 10 milliards de TEP sont couverts, \u00e0 hauteur de pr\u00e8s de 90 %, par des combustibles fossiles.<\/p>\n<p>&nbsp;<\/p>\n<p>D\u2019ici 40 ans on ne peut imaginer ni le maintien de ce pourcentage ni m\u00eame son maintien en valeur absolue.<\/p>\n<p>&nbsp;<\/p>\n<p>Il risque donc de nous manquer plus de 10 milliards de TEP ce qui nous impose d\u00e8s maintenant : un, de d\u00e9velopper les \u00e9nergies renouvelables et d\u2019y mettre les cr\u00e9dits n\u00e9cessaires; deux, de mieux g\u00e9rer le nucl\u00e9aire en traitant la question des d\u00e9chets avec une recherche accrue; et trois, d\u2019acc\u00e9l\u00e9rer la recherche sur l\u2019\u00e9nergie de fusion (ITER)<\/p>\n<p>Il faudra surtout modifier nos habitudes de vie et de d\u00e9placements pour \u00e9conomiser l\u2019\u00e9nergie sous toutes ses formes.<\/p>\n<p>&nbsp;<\/p>\n<p>C\u2019est un enjeu majeur, peut \u00eatre m\u00eame \u201cl\u2019enjeu majeur\u201d de ce si\u00e8cle : en 2050, aurons-nous les ressources \u00e9nerg\u00e9tiques n\u00e9cessaires \u00e0 la vie des 12 milliards de terriens qui peupleront alors notre plan\u00e8te bleue ?<\/p>\n","protected":false},"excerpt":{"rendered":"<p>Notre plan\u00e8te consomme aujourd\u2019hui 10 milliards de TEP (tonne \u00e9quivalent p\u00e9trole). &nbsp; D\u2019ici 40 ans, la croissance des pays d\u00e9velopp\u00e9s et en voie de d\u00e9veloppement, m\u00eame accompagn\u00e9e d\u2019\u00e9conomies d\u2019\u00e9nergie, nous conduira \u00e0 un besoin de 20 milliards de TEP au minimum. &nbsp; Or, aujourd\u2019hui, les 10 milliards de TEP sont couverts, \u00e0 hauteur de pr\u00e8s &hellip; <\/p>\n<p><a class=\"more-link btn\" href=\"http:\/\/www.gcaudron.com\/?page_id=5739\">Continue reading<\/a><\/p>\n","protected":false},"author":3,"featured_media":0,"parent":1021,"menu_order":38,"comment_status":"closed","ping_status":"closed","template":"","meta":{"footnotes":""},"class_list":["post-5739","page","type-page","status-publish","hentry","nodate","item-wrap"],"_links":{"self":[{"href":"http:\/\/www.gcaudron.com\/index.php?rest_route=\/wp\/v2\/pages\/5739","targetHints":{"allow":["GET"]}}],"collection":[{"href":"http:\/\/www.gcaudron.com\/index.php?rest_route=\/wp\/v2\/pages"}],"about":[{"href":"http:\/\/www.gcaudron.com\/index.php?rest_route=\/wp\/v2\/types\/page"}],"author":[{"embeddable":true,"href":"http:\/\/www.gcaudron.com\/index.php?rest_route=\/wp\/v2\/users\/3"}],"replies":[{"embeddable":true,"href":"http:\/\/www.gcaudron.com\/index.php?rest_route=%2Fwp%2Fv2%2Fcomments&post=5739"}],"version-history":[{"count":1,"href":"http:\/\/www.gcaudron.com\/index.php?rest_route=\/wp\/v2\/pages\/5739\/revisions"}],"predecessor-version":[{"id":5740,"href":"http:\/\/www.gcaudron.com\/index.php?rest_route=\/wp\/v2\/pages\/5739\/revisions\/5740"}],"up":[{"embeddable":true,"href":"http:\/\/www.gcaudron.com\/index.php?rest_route=\/wp\/v2\/pages\/1021"}],"wp:attachment":[{"href":"http:\/\/www.gcaudron.com\/index.php?rest_route=%2Fwp%2Fv2%2Fmedia&parent=5739"}],"curies":[{"name":"wp","href":"https:\/\/api.w.org\/{rel}","templated":true}]}}