{"id":5735,"date":"2017-10-31T01:04:44","date_gmt":"2017-10-31T00:04:44","guid":{"rendered":"http:\/\/www.gcaudron.com\/?page_id=5735"},"modified":"2017-10-31T01:04:44","modified_gmt":"2017-10-31T00:04:44","slug":"les-elus","status":"publish","type":"page","link":"http:\/\/www.gcaudron.com\/?page_id=5735","title":{"rendered":"(LES) \u00c9LUS"},"content":{"rendered":"<p>Ils sont pr\u00e8s de 500 000 en France, tr\u00e8s majoritairement d\u00e9vou\u00e9s, disponibles, b\u00e9n\u00e9voles ou quasi b\u00e9n\u00e9voles. Ils sont les fantassins de la R\u00e9publique.<\/p>\n<p>&nbsp;<\/p>\n<p>Seuls quelques milliers d\u2019entre-eux\u00a0<strong>occupent confortablement le devant de la sc\u00e8ne politique\u00a0<\/strong>avec des indemnit\u00e9s correctes ou plus.<\/p>\n<p>&nbsp;<\/p>\n<p>A l\u2019heure des regroupements de communes, du m\u00e9pris affich\u00e9 pour les petites entit\u00e9s, n\u2019oublions jamais le co\u00fbt social indirect cons\u00e9cutif \u00e0 la disparition programm\u00e9e de quelques centaines de milliers de ces \u00e9lus d\u2019un \u201cautre \u00e2ge\u201d !<\/p>\n","protected":false},"excerpt":{"rendered":"<p>Ils sont pr\u00e8s de 500 000 en France, tr\u00e8s majoritairement d\u00e9vou\u00e9s, disponibles, b\u00e9n\u00e9voles ou quasi b\u00e9n\u00e9voles. Ils sont les fantassins de la R\u00e9publique. &nbsp; Seuls quelques milliers d\u2019entre-eux\u00a0occupent confortablement le devant de la sc\u00e8ne politique\u00a0avec des indemnit\u00e9s correctes ou plus. &nbsp; A l\u2019heure des regroupements de communes, du m\u00e9pris affich\u00e9 pour les petites entit\u00e9s, n\u2019oublions &hellip; <\/p>\n<p><a class=\"more-link btn\" href=\"http:\/\/www.gcaudron.com\/?page_id=5735\">Continue reading<\/a><\/p>\n","protected":false},"author":3,"featured_media":0,"parent":1021,"menu_order":36,"comment_status":"closed","ping_status":"closed","template":"","meta":{"footnotes":""},"class_list":["post-5735","page","type-page","status-publish","hentry","nodate","item-wrap"],"_links":{"self":[{"href":"http:\/\/www.gcaudron.com\/index.php?rest_route=\/wp\/v2\/pages\/5735","targetHints":{"allow":["GET"]}}],"collection":[{"href":"http:\/\/www.gcaudron.com\/index.php?rest_route=\/wp\/v2\/pages"}],"about":[{"href":"http:\/\/www.gcaudron.com\/index.php?rest_route=\/wp\/v2\/types\/page"}],"author":[{"embeddable":true,"href":"http:\/\/www.gcaudron.com\/index.php?rest_route=\/wp\/v2\/users\/3"}],"replies":[{"embeddable":true,"href":"http:\/\/www.gcaudron.com\/index.php?rest_route=%2Fwp%2Fv2%2Fcomments&post=5735"}],"version-history":[{"count":1,"href":"http:\/\/www.gcaudron.com\/index.php?rest_route=\/wp\/v2\/pages\/5735\/revisions"}],"predecessor-version":[{"id":5736,"href":"http:\/\/www.gcaudron.com\/index.php?rest_route=\/wp\/v2\/pages\/5735\/revisions\/5736"}],"up":[{"embeddable":true,"href":"http:\/\/www.gcaudron.com\/index.php?rest_route=\/wp\/v2\/pages\/1021"}],"wp:attachment":[{"href":"http:\/\/www.gcaudron.com\/index.php?rest_route=%2Fwp%2Fv2%2Fmedia&parent=5735"}],"curies":[{"name":"wp","href":"https:\/\/api.w.org\/{rel}","templated":true}]}}