{"id":5733,"date":"2017-10-31T01:03:56","date_gmt":"2017-10-31T00:03:56","guid":{"rendered":"http:\/\/www.gcaudron.com\/?page_id=5733"},"modified":"2017-10-31T01:03:56","modified_gmt":"2017-10-31T00:03:56","slug":"economie-et-communes","status":"publish","type":"page","link":"http:\/\/www.gcaudron.com\/?page_id=5733","title":{"rendered":"\u00c9CONOMIE ET COMMUNES"},"content":{"rendered":"<p>Si l\u2019on se souvient qu\u2019\u00e0 Villeneuve d\u2019Ascq la part de la taxe professionnelle dans la fiscalit\u00e9 locale \u00e9tait pass\u00e9e en 20 ans d\u2019un peu plus de 40% \u00e0 un peu moins de 70% on mesure l\u2019importance de son d\u00e9veloppement \u00e9conomique.<\/p>\n<p>&nbsp;<\/p>\n<p>Bien s\u00fbr, il y a eu et il y a toujours, le groupe Auchan et ses multiples activit\u00e9s, ce qui a m\u00eame conduit certains mauvais esprits \u00e0 parler un jour d\u2019Auchan-Ville. Mais il y avait aussi les 3 Suisses et il y a eu surtout une multitude d\u2019entreprises li\u00e9es au commerce, aux services, \u00e0 l\u2019enseignement et \u00e0 la technologie\u2026<\/p>\n<p>&nbsp;<\/p>\n<p>Le Parc Scientifique Europ\u00e9en de la Haute Borne que nous avons con\u00e7u dans les ann\u00e9es 90 et qui se r\u00e9alise actuellement en est le dernier exemple en date.<\/p>\n","protected":false},"excerpt":{"rendered":"<p>Si l\u2019on se souvient qu\u2019\u00e0 Villeneuve d\u2019Ascq la part de la taxe professionnelle dans la fiscalit\u00e9 locale \u00e9tait pass\u00e9e en 20 ans d\u2019un peu plus de 40% \u00e0 un peu moins de 70% on mesure l\u2019importance de son d\u00e9veloppement \u00e9conomique. &nbsp; Bien s\u00fbr, il y a eu et il y a toujours, le groupe Auchan &hellip; <\/p>\n<p><a class=\"more-link btn\" href=\"http:\/\/www.gcaudron.com\/?page_id=5733\">Continue reading<\/a><\/p>\n","protected":false},"author":3,"featured_media":0,"parent":1021,"menu_order":35,"comment_status":"closed","ping_status":"closed","template":"","meta":{"footnotes":""},"class_list":["post-5733","page","type-page","status-publish","hentry","nodate","item-wrap"],"_links":{"self":[{"href":"http:\/\/www.gcaudron.com\/index.php?rest_route=\/wp\/v2\/pages\/5733","targetHints":{"allow":["GET"]}}],"collection":[{"href":"http:\/\/www.gcaudron.com\/index.php?rest_route=\/wp\/v2\/pages"}],"about":[{"href":"http:\/\/www.gcaudron.com\/index.php?rest_route=\/wp\/v2\/types\/page"}],"author":[{"embeddable":true,"href":"http:\/\/www.gcaudron.com\/index.php?rest_route=\/wp\/v2\/users\/3"}],"replies":[{"embeddable":true,"href":"http:\/\/www.gcaudron.com\/index.php?rest_route=%2Fwp%2Fv2%2Fcomments&post=5733"}],"version-history":[{"count":1,"href":"http:\/\/www.gcaudron.com\/index.php?rest_route=\/wp\/v2\/pages\/5733\/revisions"}],"predecessor-version":[{"id":5734,"href":"http:\/\/www.gcaudron.com\/index.php?rest_route=\/wp\/v2\/pages\/5733\/revisions\/5734"}],"up":[{"embeddable":true,"href":"http:\/\/www.gcaudron.com\/index.php?rest_route=\/wp\/v2\/pages\/1021"}],"wp:attachment":[{"href":"http:\/\/www.gcaudron.com\/index.php?rest_route=%2Fwp%2Fv2%2Fmedia&parent=5733"}],"curies":[{"name":"wp","href":"https:\/\/api.w.org\/{rel}","templated":true}]}}