{"id":5731,"date":"2017-10-31T01:03:16","date_gmt":"2017-10-31T00:03:16","guid":{"rendered":"http:\/\/www.gcaudron.com\/?page_id=5731"},"modified":"2017-10-31T01:03:16","modified_gmt":"2017-10-31T00:03:16","slug":"les-ecologistes","status":"publish","type":"page","link":"http:\/\/www.gcaudron.com\/?page_id=5731","title":{"rendered":"LES \u00c9COLOGISTES"},"content":{"rendered":"<p><strong>Ils ont eu souvent raison avant tout le monde !<\/strong><\/p>\n<p><strong>\u00a0<\/strong><\/p>\n<p>Ils nous ont alert\u00e9, il y a longtemps d\u00e9j\u00e0, des menaces contre la survie m\u00eame, \u00e0 terme, de la Terre et donc de l\u2019esp\u00e8ce humaine quand tout le monde vivait au rythme du \u201ctoujours plus\u201d\u2026 de tout.<\/p>\n<p>&nbsp;<\/p>\n<p>Les partis politiques classiques les ont regard\u00e9 avec condescendance. Ils les entendaient mais ils ne les \u00e9coutaient pas ! Alors, pour enfin pouvoir peser sur les d\u00e9cisions, ils se sont transform\u00e9s en partis politiques avec toutes leurs caract\u00e9ristiques bonnes et moins bonnes.<\/p>\n<p>&nbsp;<\/p>\n<p>Ils se sont mis, eux aussi, \u00e0 g\u00e9rer\u00a0<strong>la r\u00e9partition des postes de pouvoir\u00a0<\/strong>avec un art confirm\u00e9, \u00e0 doser les candidatures aux \u00e9lections plus qu\u2019\u00e0 n\u00e9gocier les programmes.<\/p>\n<p>&nbsp;<\/p>\n<p>Ils sont devenus \u00ab Verts \u00bb, sociaux, de gauche\u2026 et beaucoup moins \u00e9colos.<\/p>\n<p>&nbsp;<\/p>\n<p>C\u2019est peu de dire que c\u2019est bien dommage car\u00a0<strong>c\u2019est maintenant qu\u2019on aurait besoin d\u2019eux plus que des discours poussifs de Daniel Cohn Bendit et de No\u00ebl Mam\u00e8re.<\/strong><\/p>\n<p><strong>\u00a0<\/strong><\/p>\n<p>L\u2019\u00e9cologie s\u2019est certes infiltr\u00e9e dans tous les discours mais elle est loin d\u2019\u00eatre au coeur de tous les programmes et encore moins de toutes les actions.<\/p>\n","protected":false},"excerpt":{"rendered":"<p>Ils ont eu souvent raison avant tout le monde ! \u00a0 Ils nous ont alert\u00e9, il y a longtemps d\u00e9j\u00e0, des menaces contre la survie m\u00eame, \u00e0 terme, de la Terre et donc de l\u2019esp\u00e8ce humaine quand tout le monde vivait au rythme du \u201ctoujours plus\u201d\u2026 de tout. &nbsp; Les partis politiques classiques les ont &hellip; <\/p>\n<p><a class=\"more-link btn\" href=\"http:\/\/www.gcaudron.com\/?page_id=5731\">Continue reading<\/a><\/p>\n","protected":false},"author":3,"featured_media":0,"parent":1021,"menu_order":34,"comment_status":"closed","ping_status":"closed","template":"","meta":{"footnotes":""},"class_list":["post-5731","page","type-page","status-publish","hentry","nodate","item-wrap"],"_links":{"self":[{"href":"http:\/\/www.gcaudron.com\/index.php?rest_route=\/wp\/v2\/pages\/5731","targetHints":{"allow":["GET"]}}],"collection":[{"href":"http:\/\/www.gcaudron.com\/index.php?rest_route=\/wp\/v2\/pages"}],"about":[{"href":"http:\/\/www.gcaudron.com\/index.php?rest_route=\/wp\/v2\/types\/page"}],"author":[{"embeddable":true,"href":"http:\/\/www.gcaudron.com\/index.php?rest_route=\/wp\/v2\/users\/3"}],"replies":[{"embeddable":true,"href":"http:\/\/www.gcaudron.com\/index.php?rest_route=%2Fwp%2Fv2%2Fcomments&post=5731"}],"version-history":[{"count":1,"href":"http:\/\/www.gcaudron.com\/index.php?rest_route=\/wp\/v2\/pages\/5731\/revisions"}],"predecessor-version":[{"id":5732,"href":"http:\/\/www.gcaudron.com\/index.php?rest_route=\/wp\/v2\/pages\/5731\/revisions\/5732"}],"up":[{"embeddable":true,"href":"http:\/\/www.gcaudron.com\/index.php?rest_route=\/wp\/v2\/pages\/1021"}],"wp:attachment":[{"href":"http:\/\/www.gcaudron.com\/index.php?rest_route=%2Fwp%2Fv2%2Fmedia&parent=5731"}],"curies":[{"name":"wp","href":"https:\/\/api.w.org\/{rel}","templated":true}]}}