{"id":5729,"date":"2017-10-31T01:02:40","date_gmt":"2017-10-31T00:02:40","guid":{"rendered":"http:\/\/www.gcaudron.com\/?page_id=5729"},"modified":"2017-10-31T01:02:40","modified_gmt":"2017-10-31T00:02:40","slug":"ecologie-au-quotidien","status":"publish","type":"page","link":"http:\/\/www.gcaudron.com\/?page_id=5729","title":{"rendered":"\u00c9COLOGIE AU QUOTIDIEN"},"content":{"rendered":"<p><strong>C\u2019est un concept<\/strong>\u00a0qu\u2019on peut dire \u00ab\u00a0invent\u00e9\u00a0\u00bb \u00e0 Villeneuve d\u2019Ascq il y a 25 ans\u00a0:<\/p>\n<p>&nbsp;<\/p>\n<p>Premi\u00e8re \u00e9tape\u00a0: le refus de la densification urbaine, le d\u00e9veloppement d\u2019espaces verts et le maintien en ville de poumons verts, d\u2019espaces ruraux et de nature (pr\u00e8s\u00a0 de 500 hectares)<\/p>\n<p>&nbsp;<\/p>\n<p>Deuxi\u00e8me \u00e9tape\u00a0: la mise en place de circulation pi\u00e9tonne et cyclable en site propre.<\/p>\n<p>&nbsp;<\/p>\n<p>Tr\u00e8s rapidement ensuite, dans la ferme municipale du H\u00e9ron, on \u00e9rigera un premier prototype d\u2019\u00e9olienne, on captera l\u2019\u00e9nergie solaire pour la cuisine centrale des \u00e9coles et le centre d\u2019arts martiaux. On installera un \u00ab\u00a0mur trombe\u00a0\u00bb qui absorbe le soleil dans les nouveaux ateliers municipaux<\/p>\n<p>&nbsp;<\/p>\n<p>On fera de la g\u00e9othermie dans un nouveau quartier, le quartier des Pr\u00e8s.<\/p>\n<p>&nbsp;<\/p>\n<p>Plus tard on fera du tri s\u00e9lectif exp\u00e9rimental avec la r\u00e9cup\u00e9ration en bennes du papier, du carton, du verre, du plastique puis des huiles.<\/p>\n<p>&nbsp;<\/p>\n<p>On plante une vraie for\u00eat de 10 hectares sur une colline artificielle au-dessus des lacs, la colline des Marchenelles.<\/p>\n<p>&nbsp;<\/p>\n<p>Plus tard encore, on aura les premi\u00e8res voitures \u00e9lectriques, des voitures \u00e0 gaz, des scooters \u00e0 batteries\u2026 et m\u00eame une maison domotique.<\/p>\n<p>&nbsp;<\/p>\n<p>On pourrait allonger la liste des exemples de r\u00e9alisations \u00e9cologiques\u2026<\/p>\n<p>&nbsp;<\/p>\n<p>Tout cela s\u2019est fait en lien \u00e9troit avec une population pour laquelle cette dimension verte et \u00e9cologiste de leur ville \u00e9tait une fiert\u00e9.<\/p>\n<p>&nbsp;<\/p>\n<p>C\u2019est elle qui a permis le passage du \u00ab\u00a0concept\u00a0\u00bb \u00e0 la \u00ab\u00a0r\u00e9alit\u00e9\u00a0\u00bb et de la \u00ab\u00a0r\u00e9alit\u00e9\u00a0\u00bb \u00e0 \u00ab\u00a0l\u2019image\u00a0\u00bb\u00a0: Villeneuve d\u2019Ascq Ville verte.<\/p>\n","protected":false},"excerpt":{"rendered":"<p>C\u2019est un concept\u00a0qu\u2019on peut dire \u00ab\u00a0invent\u00e9\u00a0\u00bb \u00e0 Villeneuve d\u2019Ascq il y a 25 ans\u00a0: &nbsp; Premi\u00e8re \u00e9tape\u00a0: le refus de la densification urbaine, le d\u00e9veloppement d\u2019espaces verts et le maintien en ville de poumons verts, d\u2019espaces ruraux et de nature (pr\u00e8s\u00a0 de 500 hectares) &nbsp; Deuxi\u00e8me \u00e9tape\u00a0: la mise en place de circulation pi\u00e9tonne et &hellip; <\/p>\n<p><a class=\"more-link btn\" href=\"http:\/\/www.gcaudron.com\/?page_id=5729\">Continue reading<\/a><\/p>\n","protected":false},"author":3,"featured_media":0,"parent":1021,"menu_order":33,"comment_status":"closed","ping_status":"closed","template":"","meta":{"footnotes":""},"class_list":["post-5729","page","type-page","status-publish","hentry","nodate","item-wrap"],"_links":{"self":[{"href":"http:\/\/www.gcaudron.com\/index.php?rest_route=\/wp\/v2\/pages\/5729","targetHints":{"allow":["GET"]}}],"collection":[{"href":"http:\/\/www.gcaudron.com\/index.php?rest_route=\/wp\/v2\/pages"}],"about":[{"href":"http:\/\/www.gcaudron.com\/index.php?rest_route=\/wp\/v2\/types\/page"}],"author":[{"embeddable":true,"href":"http:\/\/www.gcaudron.com\/index.php?rest_route=\/wp\/v2\/users\/3"}],"replies":[{"embeddable":true,"href":"http:\/\/www.gcaudron.com\/index.php?rest_route=%2Fwp%2Fv2%2Fcomments&post=5729"}],"version-history":[{"count":1,"href":"http:\/\/www.gcaudron.com\/index.php?rest_route=\/wp\/v2\/pages\/5729\/revisions"}],"predecessor-version":[{"id":5730,"href":"http:\/\/www.gcaudron.com\/index.php?rest_route=\/wp\/v2\/pages\/5729\/revisions\/5730"}],"up":[{"embeddable":true,"href":"http:\/\/www.gcaudron.com\/index.php?rest_route=\/wp\/v2\/pages\/1021"}],"wp:attachment":[{"href":"http:\/\/www.gcaudron.com\/index.php?rest_route=%2Fwp%2Fv2%2Fmedia&parent=5729"}],"curies":[{"name":"wp","href":"https:\/\/api.w.org\/{rel}","templated":true}]}}