{"id":5727,"date":"2017-10-31T01:02:02","date_gmt":"2017-10-31T00:02:02","guid":{"rendered":"http:\/\/www.gcaudron.com\/?page_id=5727"},"modified":"2017-10-31T01:02:02","modified_gmt":"2017-10-31T00:02:02","slug":"ecole-et-education","status":"publish","type":"page","link":"http:\/\/www.gcaudron.com\/?page_id=5727","title":{"rendered":"\u00c9COLE ET \u00c9DUCATION"},"content":{"rendered":"<p><strong>\u00ab Les hommes naissent libres et \u00e9gaux en droit \u00bb,\u00a0<\/strong>entend-t-on dans tous les discours r\u00e9publicains.<\/p>\n<p>&nbsp;<\/p>\n<p><strong>Sans doute\u00a0<\/strong>diront certains ;\u00a0<strong>peut-\u00eatre\u00a0<\/strong>r\u00e9torqueront les autres,\u00a0<strong>mais dans tous les cas\u00a0<\/strong>que ce soit pour des raisons sociales, familiales ou culturelles,\u00a0<strong>les \u00e9carts\u00a0<\/strong>vont tr\u00e8s vite se creuser et l\u2019\u00e9galit\u00e9 si bien proclam\u00e9e ne sera bient\u00f4t plus qu\u2019un lointain souvenir.<\/p>\n<p>&nbsp;<\/p>\n<p><strong>Le seul moyen d\u2019\u00e9viter cela\u00a0<\/strong>ou tout du moins de l\u2019att\u00e9nuer,\u00a0<strong>c\u2019est l\u2019\u00e9cole elle-m\u00eame\u00a0<\/strong>et toutes les structures qui l\u2019entourent.<\/p>\n<p>&nbsp;<\/p>\n<p>Encore faut-il y mettre des moyens cons\u00e9quents, car plus la fragilit\u00e9 est grande plus les moyens doivent \u00eatre adapt\u00e9s et amplifi\u00e9s sans pour autant le faire au d\u00e9triment de ceux qui sont \u201cjuste \u00e0 la limite\u201d.<\/p>\n<p>&nbsp;<\/p>\n<p>Encore faut-il aussi y adjoindre r\u00e9solument toutes les diversit\u00e9s et toutes les richesses de la communaut\u00e9 \u00e9ducative, des r\u00e9seaux associatifs, des services publics et des liens familiaux\u2026<\/p>\n","protected":false},"excerpt":{"rendered":"<p>\u00ab Les hommes naissent libres et \u00e9gaux en droit \u00bb,\u00a0entend-t-on dans tous les discours r\u00e9publicains. &nbsp; Sans doute\u00a0diront certains ;\u00a0peut-\u00eatre\u00a0r\u00e9torqueront les autres,\u00a0mais dans tous les cas\u00a0que ce soit pour des raisons sociales, familiales ou culturelles,\u00a0les \u00e9carts\u00a0vont tr\u00e8s vite se creuser et l\u2019\u00e9galit\u00e9 si bien proclam\u00e9e ne sera bient\u00f4t plus qu\u2019un lointain souvenir. &nbsp; Le seul &hellip; <\/p>\n<p><a class=\"more-link btn\" href=\"http:\/\/www.gcaudron.com\/?page_id=5727\">Continue reading<\/a><\/p>\n","protected":false},"author":3,"featured_media":0,"parent":1021,"menu_order":32,"comment_status":"closed","ping_status":"closed","template":"","meta":{"footnotes":""},"class_list":["post-5727","page","type-page","status-publish","hentry","nodate","item-wrap"],"_links":{"self":[{"href":"http:\/\/www.gcaudron.com\/index.php?rest_route=\/wp\/v2\/pages\/5727","targetHints":{"allow":["GET"]}}],"collection":[{"href":"http:\/\/www.gcaudron.com\/index.php?rest_route=\/wp\/v2\/pages"}],"about":[{"href":"http:\/\/www.gcaudron.com\/index.php?rest_route=\/wp\/v2\/types\/page"}],"author":[{"embeddable":true,"href":"http:\/\/www.gcaudron.com\/index.php?rest_route=\/wp\/v2\/users\/3"}],"replies":[{"embeddable":true,"href":"http:\/\/www.gcaudron.com\/index.php?rest_route=%2Fwp%2Fv2%2Fcomments&post=5727"}],"version-history":[{"count":1,"href":"http:\/\/www.gcaudron.com\/index.php?rest_route=\/wp\/v2\/pages\/5727\/revisions"}],"predecessor-version":[{"id":5728,"href":"http:\/\/www.gcaudron.com\/index.php?rest_route=\/wp\/v2\/pages\/5727\/revisions\/5728"}],"up":[{"embeddable":true,"href":"http:\/\/www.gcaudron.com\/index.php?rest_route=\/wp\/v2\/pages\/1021"}],"wp:attachment":[{"href":"http:\/\/www.gcaudron.com\/index.php?rest_route=%2Fwp%2Fv2%2Fmedia&parent=5727"}],"curies":[{"name":"wp","href":"https:\/\/api.w.org\/{rel}","templated":true}]}}