{"id":5725,"date":"2017-10-31T01:00:28","date_gmt":"2017-10-31T00:00:28","guid":{"rendered":"http:\/\/www.gcaudron.com\/?page_id=5725"},"modified":"2017-10-31T01:00:28","modified_gmt":"2017-10-31T00:00:28","slug":"double-langage-et-langue-de-bois","status":"publish","type":"page","link":"http:\/\/www.gcaudron.com\/?page_id=5725","title":{"rendered":"DOUBLE LANGAGE et LANGUE de BOIS"},"content":{"rendered":"<p>Ces termes qui caract\u00e9risent bien des discours politiques sont par leur association la premi\u00e8re cause du d\u00e9samour croissant de nos concitoyens vis-\u00e0-vis des politiques.<\/p>\n<p>&nbsp;<\/p>\n<p>Alternance apr\u00e8s alternance, ils ont perdu leurs illusions et m\u00eame si par moment ils se disent que le changement ne peut \u00eatre pire que l\u2019existant cela reste une d\u00e9marche n\u00e9gative car par d\u00e9faut.<\/p>\n<p>&nbsp;<\/p>\n<p>Les cons\u00e9quences en sont connues\u00a0: manque de militants, abstentionnistes croissants aux \u00e9lections, votes extr\u00e9mistes ou populistes.<\/p>\n<p>&nbsp;<\/p>\n<p>Certes rien n\u2019est facile.<\/p>\n<p>&nbsp;<\/p>\n<p>Pour ce faire \u00e9lire il faut promettre \u00e0 ses \u00e9lecteurs ce qu\u2019ils esp\u00e8rent.<\/p>\n<p>&nbsp;<\/p>\n<p>Pour autant il faut que le politique s\u2019oblige \u00e0 ne promettre ce qu\u2019il pense pouvoir tenir et qu\u2019ensuite il fasse tout pour tenir et faire ce qu\u2019il a promis.<\/p>\n<p>&nbsp;<\/p>\n<p>Et plus les temps seront difficiles, plus les marges de man\u0153uvres seront r\u00e9duites plus cette d\u00e9marche devra \u00eatre l\u2019ardente obligation de tout candidat et de tout \u00e9lu.<\/p>\n<p>&nbsp;<\/p>\n<p>Cela ne veut pas dire qu\u2019il faut accepter la fatalit\u00e9 d\u2019une soit disante r\u00e9alit\u00e9 incontournable sinon indestructible\u2026 au contraire.<\/p>\n<p>&nbsp;<\/p>\n<p>C\u2019est peut \u00eatre aujourd\u2019hui que le temps de nouvelles r\u00e9volutions est arriv\u00e9.<\/p>\n","protected":false},"excerpt":{"rendered":"<p>Ces termes qui caract\u00e9risent bien des discours politiques sont par leur association la premi\u00e8re cause du d\u00e9samour croissant de nos concitoyens vis-\u00e0-vis des politiques. &nbsp; Alternance apr\u00e8s alternance, ils ont perdu leurs illusions et m\u00eame si par moment ils se disent que le changement ne peut \u00eatre pire que l\u2019existant cela reste une d\u00e9marche n\u00e9gative &hellip; <\/p>\n<p><a class=\"more-link btn\" href=\"http:\/\/www.gcaudron.com\/?page_id=5725\">Continue reading<\/a><\/p>\n","protected":false},"author":3,"featured_media":0,"parent":1021,"menu_order":31,"comment_status":"closed","ping_status":"closed","template":"","meta":{"footnotes":""},"class_list":["post-5725","page","type-page","status-publish","hentry","nodate","item-wrap"],"_links":{"self":[{"href":"http:\/\/www.gcaudron.com\/index.php?rest_route=\/wp\/v2\/pages\/5725","targetHints":{"allow":["GET"]}}],"collection":[{"href":"http:\/\/www.gcaudron.com\/index.php?rest_route=\/wp\/v2\/pages"}],"about":[{"href":"http:\/\/www.gcaudron.com\/index.php?rest_route=\/wp\/v2\/types\/page"}],"author":[{"embeddable":true,"href":"http:\/\/www.gcaudron.com\/index.php?rest_route=\/wp\/v2\/users\/3"}],"replies":[{"embeddable":true,"href":"http:\/\/www.gcaudron.com\/index.php?rest_route=%2Fwp%2Fv2%2Fcomments&post=5725"}],"version-history":[{"count":1,"href":"http:\/\/www.gcaudron.com\/index.php?rest_route=\/wp\/v2\/pages\/5725\/revisions"}],"predecessor-version":[{"id":5726,"href":"http:\/\/www.gcaudron.com\/index.php?rest_route=\/wp\/v2\/pages\/5725\/revisions\/5726"}],"up":[{"embeddable":true,"href":"http:\/\/www.gcaudron.com\/index.php?rest_route=\/wp\/v2\/pages\/1021"}],"wp:attachment":[{"href":"http:\/\/www.gcaudron.com\/index.php?rest_route=%2Fwp%2Fv2%2Fmedia&parent=5725"}],"curies":[{"name":"wp","href":"https:\/\/api.w.org\/{rel}","templated":true}]}}