{"id":5723,"date":"2017-10-31T00:59:48","date_gmt":"2017-10-30T23:59:48","guid":{"rendered":"http:\/\/www.gcaudron.com\/?page_id=5723"},"modified":"2017-10-31T00:59:48","modified_gmt":"2017-10-30T23:59:48","slug":"derosier-bernard","status":"publish","type":"page","link":"http:\/\/www.gcaudron.com\/?page_id=5723","title":{"rendered":"DEROSIER BERNARD"},"content":{"rendered":"<p>Apr\u00e8s avoir \u201cpapillonn\u00e9\u201d ici et l\u00e0, il s\u2019est pos\u00e9, un jour, \u00e0 Hellemmes. Il y a assur\u00e9 la fusion avec Lille, s\u2019est fait \u00e9lire Maire d\u00e9l\u00e9gu\u00e9, y a gagn\u00e9 un poste de D\u00e9put\u00e9 puis, plus tard, de Pr\u00e9sident du Conseil G\u00e9n\u00e9ral du Nord.<\/p>\n<p>&nbsp;<\/p>\n<p>Il a, on le sait, plusieurs fois r\u00eav\u00e9 d\u2019\u00eatre ministre et il en a voulu beaucoup \u00e0 Fran\u00e7ois Mitterrand de n\u2019avoir pas r\u00e9alis\u00e9 ce r\u00eave. A sa d\u00e9charge, il n\u2019est pas le seul. D\u00e9put\u00e9 sans interruption depuis 1978, gr\u00e2ce aux voix Villeneuvoises depuis 1988, il pourrait en 2007 laisser la place \u00e0 une ou \u00e0 un plus jeune\u2026 Ce serait mal le conna\u00eetre !<\/p>\n<p>&nbsp;<\/p>\n<p>Il est le \u201cpur produit\u201d d\u2019un syst\u00e8me dans lequel le poste occup\u00e9 est le premier objectif quand ce n\u2019est pas le seul.<\/p>\n<p>&nbsp;<\/p>\n<p>Au demeurant, pour avoir travaill\u00e9 avec lui au Conseil G\u00e9n\u00e9ral, je ne nierai pas certaines qualit\u00e9s, son \u00e9nergie et son organisation.<\/p>\n<p>&nbsp;<\/p>\n<p>Mais c\u2019est aussi, sinon surtout, un homme qui n\u2019a aucun scrupule \u00e0 promettre pour se faire \u00e9lire ce qu\u2019il sait qu\u2019il ne fera pas.<\/p>\n<p>&nbsp;<\/p>\n<p>Il a donc largement contribu\u00e9 \u00e0 ma rupture avec le PS en 2001 et ce ne sont pas les m\u00e9thodes qu\u2019il a utilis\u00e9 en 2002 qui me feront regretter cette rupture.<\/p>\n<p>&nbsp;<\/p>\n<p>J\u2019esp\u00e8re donc qu\u2019en 2007 Villeneuve d\u2019Ascq, qui m\u00e9rite mieux, aura un ou une autre d\u00e9put\u00e9(e).<\/p>\n","protected":false},"excerpt":{"rendered":"<p>Apr\u00e8s avoir \u201cpapillonn\u00e9\u201d ici et l\u00e0, il s\u2019est pos\u00e9, un jour, \u00e0 Hellemmes. Il y a assur\u00e9 la fusion avec Lille, s\u2019est fait \u00e9lire Maire d\u00e9l\u00e9gu\u00e9, y a gagn\u00e9 un poste de D\u00e9put\u00e9 puis, plus tard, de Pr\u00e9sident du Conseil G\u00e9n\u00e9ral du Nord. &nbsp; Il a, on le sait, plusieurs fois r\u00eav\u00e9 d\u2019\u00eatre ministre et &hellip; <\/p>\n<p><a class=\"more-link btn\" href=\"http:\/\/www.gcaudron.com\/?page_id=5723\">Continue reading<\/a><\/p>\n","protected":false},"author":3,"featured_media":0,"parent":1021,"menu_order":30,"comment_status":"closed","ping_status":"closed","template":"","meta":{"footnotes":""},"class_list":["post-5723","page","type-page","status-publish","hentry","nodate","item-wrap"],"_links":{"self":[{"href":"http:\/\/www.gcaudron.com\/index.php?rest_route=\/wp\/v2\/pages\/5723","targetHints":{"allow":["GET"]}}],"collection":[{"href":"http:\/\/www.gcaudron.com\/index.php?rest_route=\/wp\/v2\/pages"}],"about":[{"href":"http:\/\/www.gcaudron.com\/index.php?rest_route=\/wp\/v2\/types\/page"}],"author":[{"embeddable":true,"href":"http:\/\/www.gcaudron.com\/index.php?rest_route=\/wp\/v2\/users\/3"}],"replies":[{"embeddable":true,"href":"http:\/\/www.gcaudron.com\/index.php?rest_route=%2Fwp%2Fv2%2Fcomments&post=5723"}],"version-history":[{"count":1,"href":"http:\/\/www.gcaudron.com\/index.php?rest_route=\/wp\/v2\/pages\/5723\/revisions"}],"predecessor-version":[{"id":5724,"href":"http:\/\/www.gcaudron.com\/index.php?rest_route=\/wp\/v2\/pages\/5723\/revisions\/5724"}],"up":[{"embeddable":true,"href":"http:\/\/www.gcaudron.com\/index.php?rest_route=\/wp\/v2\/pages\/1021"}],"wp:attachment":[{"href":"http:\/\/www.gcaudron.com\/index.php?rest_route=%2Fwp%2Fv2%2Fmedia&parent=5723"}],"curies":[{"name":"wp","href":"https:\/\/api.w.org\/{rel}","templated":true}]}}