{"id":5719,"date":"2017-10-31T00:58:14","date_gmt":"2017-10-30T23:58:14","guid":{"rendered":"http:\/\/www.gcaudron.com\/?page_id=5719"},"modified":"2017-10-31T00:58:14","modified_gmt":"2017-10-30T23:58:14","slug":"delors-jacques","status":"publish","type":"page","link":"http:\/\/www.gcaudron.com\/?page_id=5719","title":{"rendered":"DELORS JACQUES"},"content":{"rendered":"<p>C\u2019est un Europ\u00e9en convaincu et militant, un homme sinc\u00e8re, un travailleur et pour beaucoup\u2026 un regret\u2026 Il avait \u00e9t\u00e9 Ministre avant de \u201cmonter \u201c \u00e0 Bruxelles \u00e0 la Commission europ\u00e9enne.<\/p>\n<p>&nbsp;<\/p>\n<p>Il aurait certainement pu donner davantage \u00e0 la France et \u00e0 l\u2019Europe, et il symbolise encore aujourd\u2019hui avec Fran\u00e7ois Mitterrand un temps malheureusement r\u00e9volu o\u00f9 \u201cla France comptait en Europe\u201d.<\/p>\n<p>&nbsp;<\/p>\n<p>Le \u00ab code \u00bb qui r\u00e9git la politique en France ne lui laissait que peu de chance de faire plus\u2026<\/p>\n<p>&nbsp;<\/p>\n<p>Moi qui l\u2019ai bien connu alors qu\u2019il pr\u00e9sidait la Commission Europ\u00e9enne, et m\u00eame si j\u2019\u00e9tais et que je suis loin de partager toutes ses orientations, je peux dire que je suis de ceux qui le regrettent.<\/p>\n","protected":false},"excerpt":{"rendered":"<p>C\u2019est un Europ\u00e9en convaincu et militant, un homme sinc\u00e8re, un travailleur et pour beaucoup\u2026 un regret\u2026 Il avait \u00e9t\u00e9 Ministre avant de \u201cmonter \u201c \u00e0 Bruxelles \u00e0 la Commission europ\u00e9enne. &nbsp; Il aurait certainement pu donner davantage \u00e0 la France et \u00e0 l\u2019Europe, et il symbolise encore aujourd\u2019hui avec Fran\u00e7ois Mitterrand un temps malheureusement r\u00e9volu &hellip; <\/p>\n<p><a class=\"more-link btn\" href=\"http:\/\/www.gcaudron.com\/?page_id=5719\">Continue reading<\/a><\/p>\n","protected":false},"author":3,"featured_media":0,"parent":1021,"menu_order":28,"comment_status":"closed","ping_status":"closed","template":"","meta":{"footnotes":""},"class_list":["post-5719","page","type-page","status-publish","hentry","nodate","item-wrap"],"_links":{"self":[{"href":"http:\/\/www.gcaudron.com\/index.php?rest_route=\/wp\/v2\/pages\/5719","targetHints":{"allow":["GET"]}}],"collection":[{"href":"http:\/\/www.gcaudron.com\/index.php?rest_route=\/wp\/v2\/pages"}],"about":[{"href":"http:\/\/www.gcaudron.com\/index.php?rest_route=\/wp\/v2\/types\/page"}],"author":[{"embeddable":true,"href":"http:\/\/www.gcaudron.com\/index.php?rest_route=\/wp\/v2\/users\/3"}],"replies":[{"embeddable":true,"href":"http:\/\/www.gcaudron.com\/index.php?rest_route=%2Fwp%2Fv2%2Fcomments&post=5719"}],"version-history":[{"count":1,"href":"http:\/\/www.gcaudron.com\/index.php?rest_route=\/wp\/v2\/pages\/5719\/revisions"}],"predecessor-version":[{"id":5720,"href":"http:\/\/www.gcaudron.com\/index.php?rest_route=\/wp\/v2\/pages\/5719\/revisions\/5720"}],"up":[{"embeddable":true,"href":"http:\/\/www.gcaudron.com\/index.php?rest_route=\/wp\/v2\/pages\/1021"}],"wp:attachment":[{"href":"http:\/\/www.gcaudron.com\/index.php?rest_route=%2Fwp%2Fv2%2Fmedia&parent=5719"}],"curies":[{"name":"wp","href":"https:\/\/api.w.org\/{rel}","templated":true}]}}