{"id":5714,"date":"2017-10-31T00:55:50","date_gmt":"2017-10-30T23:55:50","guid":{"rendered":"http:\/\/www.gcaudron.com\/?page_id=5714"},"modified":"2017-10-31T00:55:50","modified_gmt":"2017-10-30T23:55:50","slug":"de-villiers-philippe","status":"publish","type":"page","link":"http:\/\/www.gcaudron.com\/?page_id=5714","title":{"rendered":"DE VILLIERS PHILIPPE"},"content":{"rendered":"<p>Je laisserai \u00e0 d\u2019autres le soin de disserter sur ses d\u00e9rives d\u2019extr\u00eame droite que camoufle de moins en moins bien un conservatisme d\u00e9suet\u2026<\/p>\n<p>&nbsp;<\/p>\n<p>Je me contenterai d\u2019\u00e9voquer le \u201cpourfendeur d\u2019Europe\u201d, et le nationaliste d\u00e9brid\u00e9 que j\u2019ai crois\u00e9 \u00e0 Strasbourg.<\/p>\n<p>&nbsp;<\/p>\n<p>Il a su en effet se faire \u00e9lire sur ces th\u00e8mes au Parlement Europ\u00e9en.<\/p>\n<p>&nbsp;<\/p>\n<p>Le probl\u00e8me est, qu\u2019une fois \u00e9lu, au lieu d\u2019y travailler et d\u2019y d\u00e9fendre les int\u00e9r\u00eats de la France, il d\u00e9serte Strasbourg et Bruxelles.<\/p>\n<p>&nbsp;<\/p>\n<p>Fi des promesses faites aux \u00e9lecteurs ! Mieux vaut \u00eatre \u00e0 Paris ou en Vend\u00e9e pour assurer ses arri\u00e8res !<\/p>\n<p>&nbsp;<\/p>\n<p>Il s\u2019est m\u00eame vu un jour r\u00e9clamer, pour cause d\u2019absent\u00e9isme, des indemnit\u00e9s qu\u2019il avait re\u00e7ues et qui imposent une participation minimum au d\u00e9put\u00e9 qui les re\u00e7oit.<\/p>\n<p>&nbsp;<\/p>\n<p>Il a fait appel et, \u00e0 ma connaissance il n\u2019a pas \u00e9t\u00e9 entendu\u2026<\/p>\n<p>&nbsp;<\/p>\n<p>Je n\u2019aurai pas l\u2019irrespect de penser un instant que ce fut une raison de plus pour lui, d\u2019\u00eatre antieurop\u00e9en.<\/p>\n<p>&nbsp;<\/p>\n<p>J\u2019ajoute, avec tristesse, que chez les \u201crepr\u00e9sentants de la France\u201d au Parlement europ\u00e9en, il n\u2019est pas le seul dans ce cas.<\/p>\n","protected":false},"excerpt":{"rendered":"<p>Je laisserai \u00e0 d\u2019autres le soin de disserter sur ses d\u00e9rives d\u2019extr\u00eame droite que camoufle de moins en moins bien un conservatisme d\u00e9suet\u2026 &nbsp; Je me contenterai d\u2019\u00e9voquer le \u201cpourfendeur d\u2019Europe\u201d, et le nationaliste d\u00e9brid\u00e9 que j\u2019ai crois\u00e9 \u00e0 Strasbourg. &nbsp; Il a su en effet se faire \u00e9lire sur ces th\u00e8mes au Parlement Europ\u00e9en. &hellip; <\/p>\n<p><a class=\"more-link btn\" href=\"http:\/\/www.gcaudron.com\/?page_id=5714\">Continue reading<\/a><\/p>\n","protected":false},"author":3,"featured_media":0,"parent":1021,"menu_order":27,"comment_status":"closed","ping_status":"closed","template":"","meta":{"footnotes":""},"class_list":["post-5714","page","type-page","status-publish","hentry","nodate","item-wrap"],"_links":{"self":[{"href":"http:\/\/www.gcaudron.com\/index.php?rest_route=\/wp\/v2\/pages\/5714","targetHints":{"allow":["GET"]}}],"collection":[{"href":"http:\/\/www.gcaudron.com\/index.php?rest_route=\/wp\/v2\/pages"}],"about":[{"href":"http:\/\/www.gcaudron.com\/index.php?rest_route=\/wp\/v2\/types\/page"}],"author":[{"embeddable":true,"href":"http:\/\/www.gcaudron.com\/index.php?rest_route=\/wp\/v2\/users\/3"}],"replies":[{"embeddable":true,"href":"http:\/\/www.gcaudron.com\/index.php?rest_route=%2Fwp%2Fv2%2Fcomments&post=5714"}],"version-history":[{"count":1,"href":"http:\/\/www.gcaudron.com\/index.php?rest_route=\/wp\/v2\/pages\/5714\/revisions"}],"predecessor-version":[{"id":5715,"href":"http:\/\/www.gcaudron.com\/index.php?rest_route=\/wp\/v2\/pages\/5714\/revisions\/5715"}],"up":[{"embeddable":true,"href":"http:\/\/www.gcaudron.com\/index.php?rest_route=\/wp\/v2\/pages\/1021"}],"wp:attachment":[{"href":"http:\/\/www.gcaudron.com\/index.php?rest_route=%2Fwp%2Fv2%2Fmedia&parent=5714"}],"curies":[{"name":"wp","href":"https:\/\/api.w.org\/{rel}","templated":true}]}}