{"id":5712,"date":"2017-10-31T00:55:07","date_gmt":"2017-10-30T23:55:07","guid":{"rendered":"http:\/\/www.gcaudron.com\/?page_id=5712"},"modified":"2017-10-31T00:55:07","modified_gmt":"2017-10-30T23:55:07","slug":"cresson-edith","status":"publish","type":"page","link":"http:\/\/www.gcaudron.com\/?page_id=5712","title":{"rendered":"CRESSON EDITH"},"content":{"rendered":"<p>Elle est pour moi le symbole du machisme triomphant en politique et de ses victimes.<\/p>\n<p>&nbsp;<\/p>\n<p>Premier Ministre de la France apr\u00e8s Michel Rocard, rien ne lui aura \u00e9t\u00e9 \u00e9pargn\u00e9 de la part de ses coll\u00e8gues masculins.<\/p>\n<p>&nbsp;<\/p>\n<p>Commissaire europ\u00e9en \u00e0 la Recherche apr\u00e8s 1994, elle est \u201ctomb\u00e9e\u201d pour avoir fait \u201cen miniature\u201d ce que tous les hommes \u00e0 responsabilit\u00e9s font sans vergogne et avec le sourire complice de leurs confr\u00e8res\u2026<\/p>\n<p>&nbsp;<\/p>\n<p>C\u2019est pourquoi je persiste et je signe :\u00a0Edith \u2026 quelle femme !<\/p>\n","protected":false},"excerpt":{"rendered":"<p>Elle est pour moi le symbole du machisme triomphant en politique et de ses victimes. &nbsp; Premier Ministre de la France apr\u00e8s Michel Rocard, rien ne lui aura \u00e9t\u00e9 \u00e9pargn\u00e9 de la part de ses coll\u00e8gues masculins. &nbsp; Commissaire europ\u00e9en \u00e0 la Recherche apr\u00e8s 1994, elle est \u201ctomb\u00e9e\u201d pour avoir fait \u201cen miniature\u201d ce que &hellip; <\/p>\n<p><a class=\"more-link btn\" href=\"http:\/\/www.gcaudron.com\/?page_id=5712\">Continue reading<\/a><\/p>\n","protected":false},"author":3,"featured_media":0,"parent":1021,"menu_order":26,"comment_status":"closed","ping_status":"closed","template":"","meta":{"footnotes":""},"class_list":["post-5712","page","type-page","status-publish","hentry","nodate","item-wrap"],"_links":{"self":[{"href":"http:\/\/www.gcaudron.com\/index.php?rest_route=\/wp\/v2\/pages\/5712","targetHints":{"allow":["GET"]}}],"collection":[{"href":"http:\/\/www.gcaudron.com\/index.php?rest_route=\/wp\/v2\/pages"}],"about":[{"href":"http:\/\/www.gcaudron.com\/index.php?rest_route=\/wp\/v2\/types\/page"}],"author":[{"embeddable":true,"href":"http:\/\/www.gcaudron.com\/index.php?rest_route=\/wp\/v2\/users\/3"}],"replies":[{"embeddable":true,"href":"http:\/\/www.gcaudron.com\/index.php?rest_route=%2Fwp%2Fv2%2Fcomments&post=5712"}],"version-history":[{"count":1,"href":"http:\/\/www.gcaudron.com\/index.php?rest_route=\/wp\/v2\/pages\/5712\/revisions"}],"predecessor-version":[{"id":5713,"href":"http:\/\/www.gcaudron.com\/index.php?rest_route=\/wp\/v2\/pages\/5712\/revisions\/5713"}],"up":[{"embeddable":true,"href":"http:\/\/www.gcaudron.com\/index.php?rest_route=\/wp\/v2\/pages\/1021"}],"wp:attachment":[{"href":"http:\/\/www.gcaudron.com\/index.php?rest_route=%2Fwp%2Fv2%2Fmedia&parent=5712"}],"curies":[{"name":"wp","href":"https:\/\/api.w.org\/{rel}","templated":true}]}}