{"id":5708,"date":"2017-10-31T00:54:08","date_gmt":"2017-10-30T23:54:08","guid":{"rendered":"http:\/\/www.gcaudron.com\/?page_id=5708"},"modified":"2017-10-31T00:54:08","modified_gmt":"2017-10-30T23:54:08","slug":"concertation","status":"publish","type":"page","link":"http:\/\/www.gcaudron.com\/?page_id=5708","title":{"rendered":"CONCERTATION"},"content":{"rendered":"<p>Des Chartes de quartiers aux Conseils de quartiers en passant par les Commissions extra municipales, les Commissions extra-municipales de quartier, les Comit\u00e9s de quartier mais aussi \u00ab\u00a0les questions dans la Ville\u00bb, les r\u00e9unions publiques th\u00e9matiques, les r\u00e9unions bisannuelles de quartier, les agoras, etc\u2026., Villeneuve d\u2019Ascq a toujours \u00e9t\u00e9 en pointe dans le domaine de la concertation de 1977 \u00e0 aujourd\u2019hui.<\/p>\n<p>&nbsp;<\/p>\n<p>C\u2019est ce qui a d\u2019ailleurs fait sa force en faisant des Villeneuvois de v\u00e9ritables acteurs de leur ville.<\/p>\n<p>&nbsp;<\/p>\n<p>Il restera pour demain, en dehors des n\u00e9cessaires r\u00e9unions publiques diverses et informelles, de d\u00e9finir tr\u00e8s pr\u00e9cis\u00e9ment les r\u00f4les et les pouvoirs des Conseils de quartiers en reliant ces d\u00e9finitions pr\u00e9cises avec leur mode d\u2019\u00e9lection\u2026<\/p>\n<p>&nbsp;<\/p>\n<p>C\u2019est un enjeu important auquel il faudra clairement r\u00e9pondre si on veut \u00e9viter un reflux dans ce domaine aussi.<\/p>\n","protected":false},"excerpt":{"rendered":"<p>Des Chartes de quartiers aux Conseils de quartiers en passant par les Commissions extra municipales, les Commissions extra-municipales de quartier, les Comit\u00e9s de quartier mais aussi \u00ab\u00a0les questions dans la Ville\u00bb, les r\u00e9unions publiques th\u00e9matiques, les r\u00e9unions bisannuelles de quartier, les agoras, etc\u2026., Villeneuve d\u2019Ascq a toujours \u00e9t\u00e9 en pointe dans le domaine de la &hellip; <\/p>\n<p><a class=\"more-link btn\" href=\"http:\/\/www.gcaudron.com\/?page_id=5708\">Continue reading<\/a><\/p>\n","protected":false},"author":3,"featured_media":0,"parent":1021,"menu_order":25,"comment_status":"closed","ping_status":"closed","template":"","meta":{"footnotes":""},"class_list":["post-5708","page","type-page","status-publish","hentry","nodate","item-wrap"],"_links":{"self":[{"href":"http:\/\/www.gcaudron.com\/index.php?rest_route=\/wp\/v2\/pages\/5708","targetHints":{"allow":["GET"]}}],"collection":[{"href":"http:\/\/www.gcaudron.com\/index.php?rest_route=\/wp\/v2\/pages"}],"about":[{"href":"http:\/\/www.gcaudron.com\/index.php?rest_route=\/wp\/v2\/types\/page"}],"author":[{"embeddable":true,"href":"http:\/\/www.gcaudron.com\/index.php?rest_route=\/wp\/v2\/users\/3"}],"replies":[{"embeddable":true,"href":"http:\/\/www.gcaudron.com\/index.php?rest_route=%2Fwp%2Fv2%2Fcomments&post=5708"}],"version-history":[{"count":1,"href":"http:\/\/www.gcaudron.com\/index.php?rest_route=\/wp\/v2\/pages\/5708\/revisions"}],"predecessor-version":[{"id":5709,"href":"http:\/\/www.gcaudron.com\/index.php?rest_route=\/wp\/v2\/pages\/5708\/revisions\/5709"}],"up":[{"embeddable":true,"href":"http:\/\/www.gcaudron.com\/index.php?rest_route=\/wp\/v2\/pages\/1021"}],"wp:attachment":[{"href":"http:\/\/www.gcaudron.com\/index.php?rest_route=%2Fwp%2Fv2%2Fmedia&parent=5708"}],"curies":[{"name":"wp","href":"https:\/\/api.w.org\/{rel}","templated":true}]}}