{"id":5706,"date":"2017-10-31T00:53:33","date_gmt":"2017-10-30T23:53:33","guid":{"rendered":"http:\/\/www.gcaudron.com\/?page_id=5706"},"modified":"2017-10-31T00:53:33","modified_gmt":"2017-10-30T23:53:33","slug":"collaborateurs-delus","status":"publish","type":"page","link":"http:\/\/www.gcaudron.com\/?page_id=5706","title":{"rendered":"COLLABORATEURS D\u2019\u00c9LUS"},"content":{"rendered":"<p>Durant ma longue vie de Maire et de D\u00e9put\u00e9 europ\u00e9en, j\u2019ai us\u00e9, et parfois s\u00fbrement, abus\u00e9 comme la plupart de mes coll\u00e8gues, de ces collaborateurs d\u2019\u00e9lus.<\/p>\n<p>&nbsp;<\/p>\n<p>Pendant un an, ensuite, j\u2019ai exerc\u00e9 cette fonction aupr\u00e8s du Pr\u00e9sident Daniel Percheron de la R\u00e9gion Nord Pas de Calais.<\/p>\n<p>&nbsp;<\/p>\n<p>Cela m\u2019a permis d\u2019en mesurer les grandeurs et le reste\u2026<\/p>\n<p>&nbsp;<\/p>\n<p>C\u2019est une exp\u00e9rience qu\u2019un \u00e9lu devrait faire avant sa premi\u00e8re \u00e9lection\u00a0<strong>sans que, pour autant,\u00a0<\/strong>cette fonction soit la premi\u00e8re \u00e9tape d\u2019une carri\u00e8re politique.<\/p>\n<p>&nbsp;<\/p>\n<p><strong>Mieux vaut en effet qu\u2019un \u00e9lu travaille et vive comme celles et ceux dont il va solliciter\u00a0<\/strong>les suffrages. Cela \u00e9vitera la p\u00e9rennisation d\u2019une v\u00e9ritable caste constitu\u00e9e de clones programm\u00e9s d\u00e8s le d\u00e9part.<\/p>\n<p>&nbsp;<\/p>\n<p>J\u2019ai d\u2019ailleurs eu, un jour, l\u2019occasion de dire \u00e0 l\u2019une d\u2019entre elle, qui ne m\u2019avait pas \u00e9pargn\u00e9, que je n\u2019arrivais pas \u00e0 lui en vouloir : \u00ab elle n\u2019avait pas \u00e9t\u00e9 programm\u00e9e pour \u00eatre autrement qu\u2019elle n\u2019\u00e9tait \u00bb.<\/p>\n","protected":false},"excerpt":{"rendered":"<p>Durant ma longue vie de Maire et de D\u00e9put\u00e9 europ\u00e9en, j\u2019ai us\u00e9, et parfois s\u00fbrement, abus\u00e9 comme la plupart de mes coll\u00e8gues, de ces collaborateurs d\u2019\u00e9lus. &nbsp; Pendant un an, ensuite, j\u2019ai exerc\u00e9 cette fonction aupr\u00e8s du Pr\u00e9sident Daniel Percheron de la R\u00e9gion Nord Pas de Calais. &nbsp; Cela m\u2019a permis d\u2019en mesurer les grandeurs &hellip; <\/p>\n<p><a class=\"more-link btn\" href=\"http:\/\/www.gcaudron.com\/?page_id=5706\">Continue reading<\/a><\/p>\n","protected":false},"author":3,"featured_media":0,"parent":1021,"menu_order":24,"comment_status":"closed","ping_status":"closed","template":"","meta":{"footnotes":""},"class_list":["post-5706","page","type-page","status-publish","hentry","nodate","item-wrap"],"_links":{"self":[{"href":"http:\/\/www.gcaudron.com\/index.php?rest_route=\/wp\/v2\/pages\/5706","targetHints":{"allow":["GET"]}}],"collection":[{"href":"http:\/\/www.gcaudron.com\/index.php?rest_route=\/wp\/v2\/pages"}],"about":[{"href":"http:\/\/www.gcaudron.com\/index.php?rest_route=\/wp\/v2\/types\/page"}],"author":[{"embeddable":true,"href":"http:\/\/www.gcaudron.com\/index.php?rest_route=\/wp\/v2\/users\/3"}],"replies":[{"embeddable":true,"href":"http:\/\/www.gcaudron.com\/index.php?rest_route=%2Fwp%2Fv2%2Fcomments&post=5706"}],"version-history":[{"count":1,"href":"http:\/\/www.gcaudron.com\/index.php?rest_route=\/wp\/v2\/pages\/5706\/revisions"}],"predecessor-version":[{"id":5707,"href":"http:\/\/www.gcaudron.com\/index.php?rest_route=\/wp\/v2\/pages\/5706\/revisions\/5707"}],"up":[{"embeddable":true,"href":"http:\/\/www.gcaudron.com\/index.php?rest_route=\/wp\/v2\/pages\/1021"}],"wp:attachment":[{"href":"http:\/\/www.gcaudron.com\/index.php?rest_route=%2Fwp%2Fv2%2Fmedia&parent=5706"}],"curies":[{"name":"wp","href":"https:\/\/api.w.org\/{rel}","templated":true}]}}