{"id":5698,"date":"2017-10-31T00:44:01","date_gmt":"2017-10-30T23:44:01","guid":{"rendered":"http:\/\/www.gcaudron.com\/?page_id=5698"},"modified":"2017-10-31T00:44:01","modified_gmt":"2017-10-30T23:44:01","slug":"chomage","status":"publish","type":"page","link":"http:\/\/www.gcaudron.com\/?page_id=5698","title":{"rendered":"CH\u00d4MAGE"},"content":{"rendered":"<p>C\u2019est peu de dire que le ch\u00f4mage est un cancer.<\/p>\n<p>&nbsp;<\/p>\n<p>Il gagne tout le corps social. Il d\u00e9truit des g\u00e9n\u00e9rations.<\/p>\n<p>&nbsp;<\/p>\n<p>Il cr\u00e9e de la mis\u00e8re, de l\u2019injustice et donc de la r\u00e9volte et des violences\u2026 Les ghettos et l\u2019int\u00e9grisme en sont les ramifications.<\/p>\n<p>&nbsp;<\/p>\n<p>Le march\u00e9 a fait de l\u2019emploi et du ch\u00f4mage un \u00e9l\u00e9ment de sa r\u00e9gulation et l\u2019entreprise sa premi\u00e8re \u201cvariable d\u2019ajustement\u201d, sans oublier la Bourse pour qui c\u2019est trop souvent une aubaine.<\/p>\n<p>&nbsp;<\/p>\n<p>Et pendant ce temps l\u00e0, ce sont des millions d\u2019hommes et de femmes qui se retrouvent sans argent, sans avenir et sans espoir.<\/p>\n<p>&nbsp;<\/p>\n<p>On nous dit que la dur\u00e9e de vie s\u2019allonge et qu\u2019il faudra donc retarder l\u2019\u00e2ge de d\u00e9part \u00e0 la retraite ; en m\u00eame temps, on n\u2019est plus capable de donner du travail \u00e0 celles et ceux qui sont en \u00e2ge et qui veulent travailler ! Alors ?<\/p>\n<p>&nbsp;<\/p>\n<p>Le ch\u00f4mage, oui, ce sont peut \u00eatre d\u2019abord des chiffres qui, au gr\u00e9 des manipulations de tous les gouvernements, montent ou descendent.<\/p>\n<p>&nbsp;<\/p>\n<p>Ce sont aussi des pourcentages que les \u00e9conomistes comparent avec pr\u00e9cision et d\u00e9lice.<\/p>\n<p>&nbsp;<\/p>\n<p>Mais ce sont surtout des femmes, des hommes et des enfants d\u00e9sesp\u00e9r\u00e9s qui ne comprennent pas, pourquoi certains ont TOUT alors que, eux, n\u2019ont plus rien !<\/p>\n<p>&nbsp;<\/p>\n<p>M\u00eame au niveau du langage, si on parlait, il n\u2019y a pas si longtemps, de \u201cdroit au travail\u201d, on parle aujourd\u2019hui \u201cd\u2019employabilit\u00e9\u201d.<\/p>\n<p>&nbsp;<\/p>\n<p>Autrement dit, si quelqu\u2019un n\u2019a pas de travail, c\u2019est qu\u2019il n\u2019est pas \u201cemployable\u201d, c\u2019est donc un peu, sinon beaucoup\u2026 de sa faute !<\/p>\n<p>&nbsp;<\/p>\n<p>Ce changement de langage n\u2019est pas neutre.<\/p>\n","protected":false},"excerpt":{"rendered":"<p>C\u2019est peu de dire que le ch\u00f4mage est un cancer. &nbsp; Il gagne tout le corps social. Il d\u00e9truit des g\u00e9n\u00e9rations. &nbsp; Il cr\u00e9e de la mis\u00e8re, de l\u2019injustice et donc de la r\u00e9volte et des violences\u2026 Les ghettos et l\u2019int\u00e9grisme en sont les ramifications. &nbsp; Le march\u00e9 a fait de l\u2019emploi et du ch\u00f4mage &hellip; <\/p>\n<p><a class=\"more-link btn\" href=\"http:\/\/www.gcaudron.com\/?page_id=5698\">Continue reading<\/a><\/p>\n","protected":false},"author":3,"featured_media":0,"parent":1021,"menu_order":21,"comment_status":"closed","ping_status":"closed","template":"","meta":{"footnotes":""},"class_list":["post-5698","page","type-page","status-publish","hentry","nodate","item-wrap"],"_links":{"self":[{"href":"http:\/\/www.gcaudron.com\/index.php?rest_route=\/wp\/v2\/pages\/5698","targetHints":{"allow":["GET"]}}],"collection":[{"href":"http:\/\/www.gcaudron.com\/index.php?rest_route=\/wp\/v2\/pages"}],"about":[{"href":"http:\/\/www.gcaudron.com\/index.php?rest_route=\/wp\/v2\/types\/page"}],"author":[{"embeddable":true,"href":"http:\/\/www.gcaudron.com\/index.php?rest_route=\/wp\/v2\/users\/3"}],"replies":[{"embeddable":true,"href":"http:\/\/www.gcaudron.com\/index.php?rest_route=%2Fwp%2Fv2%2Fcomments&post=5698"}],"version-history":[{"count":1,"href":"http:\/\/www.gcaudron.com\/index.php?rest_route=\/wp\/v2\/pages\/5698\/revisions"}],"predecessor-version":[{"id":5699,"href":"http:\/\/www.gcaudron.com\/index.php?rest_route=\/wp\/v2\/pages\/5698\/revisions\/5699"}],"up":[{"embeddable":true,"href":"http:\/\/www.gcaudron.com\/index.php?rest_route=\/wp\/v2\/pages\/1021"}],"wp:attachment":[{"href":"http:\/\/www.gcaudron.com\/index.php?rest_route=%2Fwp%2Fv2%2Fmedia&parent=5698"}],"curies":[{"name":"wp","href":"https:\/\/api.w.org\/{rel}","templated":true}]}}