{"id":5696,"date":"2017-10-31T00:42:50","date_gmt":"2017-10-30T23:42:50","guid":{"rendered":"http:\/\/www.gcaudron.com\/?page_id=5696"},"modified":"2017-10-31T00:42:50","modified_gmt":"2017-10-30T23:42:50","slug":"chirac-jacques","status":"publish","type":"page","link":"http:\/\/www.gcaudron.com\/?page_id=5696","title":{"rendered":"CHIRAC JACQUES"},"content":{"rendered":"<p>Je ne l\u2019ai rencontr\u00e9 qu\u2019une seule fois ! C\u2019\u00e9tait en mai 1981 \u00e0 l\u2019\u00c9lys\u00e9e. Un peu gauche, tout en hauteur, presque timide, il assistait, comme moi, \u00e0 l\u2019intronisation du Pr\u00e9sident Mitterrand\u2026 Dieu sait \u00e0 quoi il r\u00eavait alors\u2026<\/p>\n<p>&nbsp;<\/p>\n<p><strong>En mai 2002<\/strong>, 21 ans plus tard \u00e0 l\u2019appel des socialistes d\u00e9faits, j\u2019ai failli voter pour lui\u2026 mais dans l\u2019isoloir, c\u2019est son bulletin d\u00e9chir\u00e9 que j\u2019ai finalement gliss\u00e9 dans l\u2019enveloppe\u2026 et aujourd\u2019hui encore je ne le regrette pas.<\/p>\n","protected":false},"excerpt":{"rendered":"<p>Je ne l\u2019ai rencontr\u00e9 qu\u2019une seule fois ! C\u2019\u00e9tait en mai 1981 \u00e0 l\u2019\u00c9lys\u00e9e. Un peu gauche, tout en hauteur, presque timide, il assistait, comme moi, \u00e0 l\u2019intronisation du Pr\u00e9sident Mitterrand\u2026 Dieu sait \u00e0 quoi il r\u00eavait alors\u2026 &nbsp; En mai 2002, 21 ans plus tard \u00e0 l\u2019appel des socialistes d\u00e9faits, j\u2019ai failli voter pour &hellip; <\/p>\n<p><a class=\"more-link btn\" href=\"http:\/\/www.gcaudron.com\/?page_id=5696\">Continue reading<\/a><\/p>\n","protected":false},"author":3,"featured_media":0,"parent":1021,"menu_order":20,"comment_status":"closed","ping_status":"closed","template":"","meta":{"footnotes":""},"class_list":["post-5696","page","type-page","status-publish","hentry","nodate","item-wrap"],"_links":{"self":[{"href":"http:\/\/www.gcaudron.com\/index.php?rest_route=\/wp\/v2\/pages\/5696","targetHints":{"allow":["GET"]}}],"collection":[{"href":"http:\/\/www.gcaudron.com\/index.php?rest_route=\/wp\/v2\/pages"}],"about":[{"href":"http:\/\/www.gcaudron.com\/index.php?rest_route=\/wp\/v2\/types\/page"}],"author":[{"embeddable":true,"href":"http:\/\/www.gcaudron.com\/index.php?rest_route=\/wp\/v2\/users\/3"}],"replies":[{"embeddable":true,"href":"http:\/\/www.gcaudron.com\/index.php?rest_route=%2Fwp%2Fv2%2Fcomments&post=5696"}],"version-history":[{"count":1,"href":"http:\/\/www.gcaudron.com\/index.php?rest_route=\/wp\/v2\/pages\/5696\/revisions"}],"predecessor-version":[{"id":5697,"href":"http:\/\/www.gcaudron.com\/index.php?rest_route=\/wp\/v2\/pages\/5696\/revisions\/5697"}],"up":[{"embeddable":true,"href":"http:\/\/www.gcaudron.com\/index.php?rest_route=\/wp\/v2\/pages\/1021"}],"wp:attachment":[{"href":"http:\/\/www.gcaudron.com\/index.php?rest_route=%2Fwp%2Fv2%2Fmedia&parent=5696"}],"curies":[{"name":"wp","href":"https:\/\/api.w.org\/{rel}","templated":true}]}}