{"id":5694,"date":"2017-10-31T00:42:11","date_gmt":"2017-10-30T23:42:11","guid":{"rendered":"http:\/\/www.gcaudron.com\/?page_id=5694"},"modified":"2017-10-31T00:42:11","modified_gmt":"2017-10-30T23:42:11","slug":"cheysson-claude","status":"publish","type":"page","link":"http:\/\/www.gcaudron.com\/?page_id=5694","title":{"rendered":"CHEYSSON CLAUDE"},"content":{"rendered":"<p>Il a \u00e9t\u00e9 Ministre de Fran\u00e7ois Mitterrand, Commissaire europ\u00e9en avant de finir sa carri\u00e8re comme D\u00e9put\u00e9 europ\u00e9en.<\/p>\n<p>&nbsp;<\/p>\n<p>Au-del\u00e0 de son c\u00f4t\u00e9 \u00abProfesseur Triphon Tournesol\u00bb doubl\u00e9 d\u2019un \u00abGaston Lagaffe\u00bb, j\u2019ai connu un homme, comp\u00e9tent, travailleur, d\u00e9termin\u00e9\u2026 chaleureux et un sp\u00e9cialiste des relations Nord-Sud- euro-m\u00e9diterran\u00e9ennes, ce genre de sp\u00e9cialiste qui nous manque beaucoup aujourd\u2019hui, \u00e0 l\u2019heure o\u00f9 l\u2019Europe oublie un peu que, si son \u00e9largissement naturel \u00e9tait \u00e0 l\u2019Est, son avenir, sinon sa survie, d\u00e9pend de la qualit\u00e9 de ses relations avec le sud.<\/p>\n","protected":false},"excerpt":{"rendered":"<p>Il a \u00e9t\u00e9 Ministre de Fran\u00e7ois Mitterrand, Commissaire europ\u00e9en avant de finir sa carri\u00e8re comme D\u00e9put\u00e9 europ\u00e9en. &nbsp; Au-del\u00e0 de son c\u00f4t\u00e9 \u00abProfesseur Triphon Tournesol\u00bb doubl\u00e9 d\u2019un \u00abGaston Lagaffe\u00bb, j\u2019ai connu un homme, comp\u00e9tent, travailleur, d\u00e9termin\u00e9\u2026 chaleureux et un sp\u00e9cialiste des relations Nord-Sud- euro-m\u00e9diterran\u00e9ennes, ce genre de sp\u00e9cialiste qui nous manque beaucoup aujourd\u2019hui, \u00e0 l\u2019heure &hellip; <\/p>\n<p><a class=\"more-link btn\" href=\"http:\/\/www.gcaudron.com\/?page_id=5694\">Continue reading<\/a><\/p>\n","protected":false},"author":3,"featured_media":0,"parent":1021,"menu_order":19,"comment_status":"closed","ping_status":"closed","template":"","meta":{"footnotes":""},"class_list":["post-5694","page","type-page","status-publish","hentry","nodate","item-wrap"],"_links":{"self":[{"href":"http:\/\/www.gcaudron.com\/index.php?rest_route=\/wp\/v2\/pages\/5694","targetHints":{"allow":["GET"]}}],"collection":[{"href":"http:\/\/www.gcaudron.com\/index.php?rest_route=\/wp\/v2\/pages"}],"about":[{"href":"http:\/\/www.gcaudron.com\/index.php?rest_route=\/wp\/v2\/types\/page"}],"author":[{"embeddable":true,"href":"http:\/\/www.gcaudron.com\/index.php?rest_route=\/wp\/v2\/users\/3"}],"replies":[{"embeddable":true,"href":"http:\/\/www.gcaudron.com\/index.php?rest_route=%2Fwp%2Fv2%2Fcomments&post=5694"}],"version-history":[{"count":1,"href":"http:\/\/www.gcaudron.com\/index.php?rest_route=\/wp\/v2\/pages\/5694\/revisions"}],"predecessor-version":[{"id":5695,"href":"http:\/\/www.gcaudron.com\/index.php?rest_route=\/wp\/v2\/pages\/5694\/revisions\/5695"}],"up":[{"embeddable":true,"href":"http:\/\/www.gcaudron.com\/index.php?rest_route=\/wp\/v2\/pages\/1021"}],"wp:attachment":[{"href":"http:\/\/www.gcaudron.com\/index.php?rest_route=%2Fwp%2Fv2%2Fmedia&parent=5694"}],"curies":[{"name":"wp","href":"https:\/\/api.w.org\/{rel}","templated":true}]}}