{"id":5691,"date":"2017-10-31T00:41:02","date_gmt":"2017-10-30T23:41:02","guid":{"rendered":"http:\/\/www.gcaudron.com\/?page_id=5691"},"modified":"2017-10-31T00:41:02","modified_gmt":"2017-10-30T23:41:02","slug":"chevenement-jean-pierre","status":"publish","type":"page","link":"http:\/\/www.gcaudron.com\/?page_id=5691","title":{"rendered":"CHEV\u00c8NEMENT JEAN PIERRE"},"content":{"rendered":"<p>Il reste en 2006 le porte-parole incontest\u00e9 d\u2019une certaine gauche \u00e9tatiste, patriote et r\u00e9publicaine.<\/p>\n<p>&nbsp;<\/p>\n<p>Il aurait pu encore aujourd\u2019hui occuper le large cr\u00e9neau existant entre un PS tent\u00e9 par les sir\u00e8nes lib\u00e9rales et un PCF s\u00e9duit par son extr\u00eame gauche.<\/p>\n<p>&nbsp;<\/p>\n<p>Mais il y a eu 2002\u2026 et en 2002 il a eu la malchance de se voir honteusement imputer par les socialistes l\u2019\u00e9chec de Lionel Jospin apr\u00e8s avoir fait lui-m\u00eame la grave l\u2019erreur de se prendre pour un autre\u2026<\/p>\n<p>&nbsp;<\/p>\n<p>Du CERES au MRC, Jean Pierre Chev\u00e8nement a donc parcouru plus de 40 ans de vie publique qu\u2019il a ponctu\u00e9 de ses envol\u00e9es, de son \u00e9nergie et de portes claqu\u00e9es s\u00fbrement un peu trop souvent.<\/p>\n<p>&nbsp;<\/p>\n<p>De lui aujourd\u2019hui, je retiendrai 2 images :\u00a0<strong>En 1981,\u00a0<\/strong>invit\u00e9 \u00e0 animer un meeting \u00e0<\/p>\n<p>Villeneuve d\u2019Ascq, il s\u2019enquiert, dans la voiture qui l\u2019am\u00e8ne, de la taille de la salle qui l\u2019attend. On lui r\u00e9pond que c\u2019est une salle de cin\u00e9ma, le M\u00e9li\u00e8s avec 200 places ce qui provoque une col\u00e8re de l\u2019int\u00e9ress\u00e9 qui manque de repartir faute d\u2019un gabarit de 1500 qu\u2019il dit \u00eatre le sien\u2026<\/p>\n<p>&nbsp;<\/p>\n<p>Finalement il fera quand m\u00eame son boulot devant un peu moins de 200 auditeurs et il le fera plut\u00f4t bien.<\/p>\n<p>&nbsp;<\/p>\n<p><strong>En 2002,\u00a0<\/strong>il m\u2019avait invit\u00e9 \u00e0 le rencontrer \u00e0 son PC de campagne parisien.<\/p>\n<p>&nbsp;<\/p>\n<p>Imp\u00e9rial, il se voyait d\u00e9j\u00e0 Pr\u00e9sident de la R\u00e9publique et notre entretien se r\u00e9duira \u00e0 quelques grandes phrases sur l\u2019avenir du monde et sur le sort qu\u2019il r\u00e9servera \u00e0 ceux qui n\u2019auront pas compris la grandeur de son destin.<\/p>\n<p>&nbsp;<\/p>\n<p>Quelques semaines plus tard au Z\u00e9nith de Lille, je retrouvais l\u2019atmosph\u00e8re des meetings de Gaston Deferre aux pr\u00e9sidentielles de 1969, o\u00f9 lui aussi avait alors failli passer sous la barre des 5%.<\/p>\n","protected":false},"excerpt":{"rendered":"<p>Il reste en 2006 le porte-parole incontest\u00e9 d\u2019une certaine gauche \u00e9tatiste, patriote et r\u00e9publicaine. &nbsp; Il aurait pu encore aujourd\u2019hui occuper le large cr\u00e9neau existant entre un PS tent\u00e9 par les sir\u00e8nes lib\u00e9rales et un PCF s\u00e9duit par son extr\u00eame gauche. &nbsp; Mais il y a eu 2002\u2026 et en 2002 il a eu la &hellip; <\/p>\n<p><a class=\"more-link btn\" href=\"http:\/\/www.gcaudron.com\/?page_id=5691\">Continue reading<\/a><\/p>\n","protected":false},"author":3,"featured_media":0,"parent":1021,"menu_order":18,"comment_status":"closed","ping_status":"closed","template":"","meta":{"footnotes":""},"class_list":["post-5691","page","type-page","status-publish","hentry","nodate","item-wrap"],"_links":{"self":[{"href":"http:\/\/www.gcaudron.com\/index.php?rest_route=\/wp\/v2\/pages\/5691","targetHints":{"allow":["GET"]}}],"collection":[{"href":"http:\/\/www.gcaudron.com\/index.php?rest_route=\/wp\/v2\/pages"}],"about":[{"href":"http:\/\/www.gcaudron.com\/index.php?rest_route=\/wp\/v2\/types\/page"}],"author":[{"embeddable":true,"href":"http:\/\/www.gcaudron.com\/index.php?rest_route=\/wp\/v2\/users\/3"}],"replies":[{"embeddable":true,"href":"http:\/\/www.gcaudron.com\/index.php?rest_route=%2Fwp%2Fv2%2Fcomments&post=5691"}],"version-history":[{"count":1,"href":"http:\/\/www.gcaudron.com\/index.php?rest_route=\/wp\/v2\/pages\/5691\/revisions"}],"predecessor-version":[{"id":5692,"href":"http:\/\/www.gcaudron.com\/index.php?rest_route=\/wp\/v2\/pages\/5691\/revisions\/5692"}],"up":[{"embeddable":true,"href":"http:\/\/www.gcaudron.com\/index.php?rest_route=\/wp\/v2\/pages\/1021"}],"wp:attachment":[{"href":"http:\/\/www.gcaudron.com\/index.php?rest_route=%2Fwp%2Fv2%2Fmedia&parent=5691"}],"curies":[{"name":"wp","href":"https:\/\/api.w.org\/{rel}","templated":true}]}}