{"id":5687,"date":"2017-10-31T00:39:22","date_gmt":"2017-10-30T23:39:22","guid":{"rendered":"http:\/\/www.gcaudron.com\/?page_id=5687"},"modified":"2017-10-31T00:39:22","modified_gmt":"2017-10-30T23:39:22","slug":"busquin-philippe","status":"publish","type":"page","link":"http:\/\/www.gcaudron.com\/?page_id=5687","title":{"rendered":"BUSQUIN PHILIPPE"},"content":{"rendered":"<p>Il fut, en 1999, un candidat commissaire europ\u00e9en malmen\u00e9 \u00e0 cause de sa pr\u00e9sidence pass\u00e9e du PS wallon, et son absence de pratique du flamand.<\/p>\n<p>&nbsp;<\/p>\n<p>Il restera, pour longtemps, avec le concept d\u2019Espace Europ\u00e9en de la Recherche et le succ\u00e8s du 6\u00e8me\u00a0PCRD (programme cadre de recherche et de d\u00e9veloppement technologique) un commissaire europ\u00e9en qui aura su donner un vrai souffle \u00e0 la<\/p>\n<p>Recherche europ\u00e9enne.<\/p>\n<p>&nbsp;<\/p>\n<p>Dommage qu\u2019il ne soit pas rest\u00e9 commissaire en 2004.<\/p>\n<p>&nbsp;<\/p>\n<p>Au Parlement europ\u00e9en o\u00f9 il est revenu, il essaie encore de faire avancer ses &#8211;\u00a0nos\u00a0&#8211; id\u00e9es\u2026 mais c\u2019est beaucoup plus difficile\u2026 surtout, curieusement, quand on a \u00e9t\u00e9 commissaire europ\u00e9en.<\/p>\n","protected":false},"excerpt":{"rendered":"<p>Il fut, en 1999, un candidat commissaire europ\u00e9en malmen\u00e9 \u00e0 cause de sa pr\u00e9sidence pass\u00e9e du PS wallon, et son absence de pratique du flamand. &nbsp; Il restera, pour longtemps, avec le concept d\u2019Espace Europ\u00e9en de la Recherche et le succ\u00e8s du 6\u00e8me\u00a0PCRD (programme cadre de recherche et de d\u00e9veloppement technologique) un commissaire europ\u00e9en qui &hellip; <\/p>\n<p><a class=\"more-link btn\" href=\"http:\/\/www.gcaudron.com\/?page_id=5687\">Continue reading<\/a><\/p>\n","protected":false},"author":3,"featured_media":0,"parent":1021,"menu_order":16,"comment_status":"closed","ping_status":"closed","template":"","meta":{"footnotes":""},"class_list":["post-5687","page","type-page","status-publish","hentry","nodate","item-wrap"],"_links":{"self":[{"href":"http:\/\/www.gcaudron.com\/index.php?rest_route=\/wp\/v2\/pages\/5687","targetHints":{"allow":["GET"]}}],"collection":[{"href":"http:\/\/www.gcaudron.com\/index.php?rest_route=\/wp\/v2\/pages"}],"about":[{"href":"http:\/\/www.gcaudron.com\/index.php?rest_route=\/wp\/v2\/types\/page"}],"author":[{"embeddable":true,"href":"http:\/\/www.gcaudron.com\/index.php?rest_route=\/wp\/v2\/users\/3"}],"replies":[{"embeddable":true,"href":"http:\/\/www.gcaudron.com\/index.php?rest_route=%2Fwp%2Fv2%2Fcomments&post=5687"}],"version-history":[{"count":1,"href":"http:\/\/www.gcaudron.com\/index.php?rest_route=\/wp\/v2\/pages\/5687\/revisions"}],"predecessor-version":[{"id":5688,"href":"http:\/\/www.gcaudron.com\/index.php?rest_route=\/wp\/v2\/pages\/5687\/revisions\/5688"}],"up":[{"embeddable":true,"href":"http:\/\/www.gcaudron.com\/index.php?rest_route=\/wp\/v2\/pages\/1021"}],"wp:attachment":[{"href":"http:\/\/www.gcaudron.com\/index.php?rest_route=%2Fwp%2Fv2%2Fmedia&parent=5687"}],"curies":[{"name":"wp","href":"https:\/\/api.w.org\/{rel}","templated":true}]}}