{"id":5683,"date":"2017-10-31T00:38:00","date_gmt":"2017-10-30T23:38:00","guid":{"rendered":"http:\/\/www.gcaudron.com\/?page_id=5683"},"modified":"2017-10-31T00:38:00","modified_gmt":"2017-10-30T23:38:00","slug":"bruxelles","status":"publish","type":"page","link":"http:\/\/www.gcaudron.com\/?page_id=5683","title":{"rendered":"BRUXELLES"},"content":{"rendered":"<p>C\u2019est La ville symbole de la \u201cNouvelle Europe\u201d ce qui a conduit \u00e0 la casse de son identit\u00e9 d\u2019origine en la rempla\u00e7ant par des immeubles impersonnels.<\/p>\n<p>&nbsp;<\/p>\n<p><strong>Heureusement, l\u2019esprit belge est toujours l\u00e0\u2026 dans sa sp\u00e9cificit\u00e9 bruxelloise.<\/strong><\/p>\n<p><strong>\u00a0<\/strong><\/p>\n<p>Et il suffit de s\u2019\u00e9loigner un peu du quartier europ\u00e9en pour retrouver la chaleur bruxelloise ch\u00e8re \u00e0 Jacques Brel.<\/p>\n<p>&nbsp;<\/p>\n<p>Mais quand m\u00eame\u2026 quel g\u00e2chis\u2026 et surtout quelle le\u00e7on pour ceux qui r\u00eavent d\u2019une capitale europ\u00e9enne unique \u00e0 la taille d\u2019une f\u00e9d\u00e9ration de 600 millions d\u2019habitants\u2026 ce serait une v\u00e9ritable catastrophe urbaine, humaine et \u00e9cologique.<\/p>\n<p>&nbsp;<\/p>\n<p>Vive donc le pluralisme ! L\u2019Europe \u00e0 besoin d\u2019une capitale en r\u00e9seau digne du 21\u00e8me\u00a0si\u00e8cle.<\/p>\n<p>&nbsp;<\/p>\n<p>C\u2019est cela la modernit\u00e9.<\/p>\n<p>&nbsp;<\/p>\n<p>Et c\u2019est cela qu\u2019il nous faut continuer \u00e0 concr\u00e9tiser.<\/p>\n","protected":false},"excerpt":{"rendered":"<p>C\u2019est La ville symbole de la \u201cNouvelle Europe\u201d ce qui a conduit \u00e0 la casse de son identit\u00e9 d\u2019origine en la rempla\u00e7ant par des immeubles impersonnels. &nbsp; Heureusement, l\u2019esprit belge est toujours l\u00e0\u2026 dans sa sp\u00e9cificit\u00e9 bruxelloise. \u00a0 Et il suffit de s\u2019\u00e9loigner un peu du quartier europ\u00e9en pour retrouver la chaleur bruxelloise ch\u00e8re \u00e0 &hellip; <\/p>\n<p><a class=\"more-link btn\" href=\"http:\/\/www.gcaudron.com\/?page_id=5683\">Continue reading<\/a><\/p>\n","protected":false},"author":3,"featured_media":0,"parent":1021,"menu_order":14,"comment_status":"closed","ping_status":"closed","template":"","meta":{"footnotes":""},"class_list":["post-5683","page","type-page","status-publish","hentry","nodate","item-wrap"],"_links":{"self":[{"href":"http:\/\/www.gcaudron.com\/index.php?rest_route=\/wp\/v2\/pages\/5683","targetHints":{"allow":["GET"]}}],"collection":[{"href":"http:\/\/www.gcaudron.com\/index.php?rest_route=\/wp\/v2\/pages"}],"about":[{"href":"http:\/\/www.gcaudron.com\/index.php?rest_route=\/wp\/v2\/types\/page"}],"author":[{"embeddable":true,"href":"http:\/\/www.gcaudron.com\/index.php?rest_route=\/wp\/v2\/users\/3"}],"replies":[{"embeddable":true,"href":"http:\/\/www.gcaudron.com\/index.php?rest_route=%2Fwp%2Fv2%2Fcomments&post=5683"}],"version-history":[{"count":1,"href":"http:\/\/www.gcaudron.com\/index.php?rest_route=\/wp\/v2\/pages\/5683\/revisions"}],"predecessor-version":[{"id":5684,"href":"http:\/\/www.gcaudron.com\/index.php?rest_route=\/wp\/v2\/pages\/5683\/revisions\/5684"}],"up":[{"embeddable":true,"href":"http:\/\/www.gcaudron.com\/index.php?rest_route=\/wp\/v2\/pages\/1021"}],"wp:attachment":[{"href":"http:\/\/www.gcaudron.com\/index.php?rest_route=%2Fwp%2Fv2%2Fmedia&parent=5683"}],"curies":[{"name":"wp","href":"https:\/\/api.w.org\/{rel}","templated":true}]}}