{"id":5681,"date":"2017-10-31T00:37:17","date_gmt":"2017-10-30T23:37:17","guid":{"rendered":"http:\/\/www.gcaudron.com\/?page_id=5681"},"modified":"2017-10-31T00:37:17","modified_gmt":"2017-10-30T23:37:17","slug":"bove-jose","status":"publish","type":"page","link":"http:\/\/www.gcaudron.com\/?page_id=5681","title":{"rendered":"BOVE JOS\u00c9"},"content":{"rendered":"<p>Mis en relation par un ami commun, nous nous sommes connus \u00e0 l\u2019\u00e9poque du conflit des paysans du plateau du Larzac contre les vell\u00e9it\u00e9s de l\u2019arm\u00e9e d\u2019y implanter un vaste camp militaire. Il est venu \u00e0 Villeneuve d\u2019Ascq. Nous sommes all\u00e9s au Larzac.<\/p>\n<p>Sa lutte \u00e9tait la n\u00f4tre.<\/p>\n<p>&nbsp;<\/p>\n<p>Nous avons alors jumel\u00e9 sa ferme avec notre ferme verte municipale \u00e0 Villeneuve d\u2019Ascq (aujourd\u2019hui Ferme du H\u00c9RON).<\/p>\n<p>&nbsp;<\/p>\n<p>Nous l\u2019avons ensuite retrouv\u00e9 dans ses luttes paysannes, son combat contre la \u201cmalbouffe\u201d, son rejet d\u2019une mondialisation d\u00e9r\u00e9gul\u00e9e et, bien s\u00fbr, ses actions contre les OGM.<\/p>\n<p>&nbsp;<\/p>\n<p>Il a d\u00e9j\u00e0 pour cela, connu la prison. Il est toujours menac\u00e9 d\u2019y retourner. Pendant ce temps, les \u201cempoisonneurs\u201d prosp\u00e8rent et les responsables de morts par centaines de milliers s\u2019en tirent, avec quelques r\u00e9primandes et de petites sanctions.<\/p>\n<p>&nbsp;<\/p>\n<p>C\u2019est pourquoi, son combat est plus que jamais le n\u00f4tre et le mien.<\/p>\n<p>&nbsp;<\/p>\n<p>J\u2019en suis s\u00fbr, il aura sa place dans les combats de celles et ceux qui n\u2019ont pas renonc\u00e9 \u00e0 changer la vie si les grosses machines politiques \u201clui en laissent le loisir\u201d.<\/p>\n","protected":false},"excerpt":{"rendered":"<p>Mis en relation par un ami commun, nous nous sommes connus \u00e0 l\u2019\u00e9poque du conflit des paysans du plateau du Larzac contre les vell\u00e9it\u00e9s de l\u2019arm\u00e9e d\u2019y implanter un vaste camp militaire. Il est venu \u00e0 Villeneuve d\u2019Ascq. Nous sommes all\u00e9s au Larzac. Sa lutte \u00e9tait la n\u00f4tre. &nbsp; Nous avons alors jumel\u00e9 sa ferme &hellip; <\/p>\n<p><a class=\"more-link btn\" href=\"http:\/\/www.gcaudron.com\/?page_id=5681\">Continue reading<\/a><\/p>\n","protected":false},"author":3,"featured_media":0,"parent":1021,"menu_order":13,"comment_status":"closed","ping_status":"closed","template":"","meta":{"footnotes":""},"class_list":["post-5681","page","type-page","status-publish","hentry","nodate","item-wrap"],"_links":{"self":[{"href":"http:\/\/www.gcaudron.com\/index.php?rest_route=\/wp\/v2\/pages\/5681","targetHints":{"allow":["GET"]}}],"collection":[{"href":"http:\/\/www.gcaudron.com\/index.php?rest_route=\/wp\/v2\/pages"}],"about":[{"href":"http:\/\/www.gcaudron.com\/index.php?rest_route=\/wp\/v2\/types\/page"}],"author":[{"embeddable":true,"href":"http:\/\/www.gcaudron.com\/index.php?rest_route=\/wp\/v2\/users\/3"}],"replies":[{"embeddable":true,"href":"http:\/\/www.gcaudron.com\/index.php?rest_route=%2Fwp%2Fv2%2Fcomments&post=5681"}],"version-history":[{"count":1,"href":"http:\/\/www.gcaudron.com\/index.php?rest_route=\/wp\/v2\/pages\/5681\/revisions"}],"predecessor-version":[{"id":5682,"href":"http:\/\/www.gcaudron.com\/index.php?rest_route=\/wp\/v2\/pages\/5681\/revisions\/5682"}],"up":[{"embeddable":true,"href":"http:\/\/www.gcaudron.com\/index.php?rest_route=\/wp\/v2\/pages\/1021"}],"wp:attachment":[{"href":"http:\/\/www.gcaudron.com\/index.php?rest_route=%2Fwp%2Fv2%2Fmedia&parent=5681"}],"curies":[{"name":"wp","href":"https:\/\/api.w.org\/{rel}","templated":true}]}}