{"id":5679,"date":"2017-10-31T00:36:23","date_gmt":"2017-10-30T23:36:23","guid":{"rendered":"http:\/\/www.gcaudron.com\/?page_id=5679"},"modified":"2017-10-31T00:36:23","modified_gmt":"2017-10-30T23:36:23","slug":"bombard-alain","status":"publish","type":"page","link":"http:\/\/www.gcaudron.com\/?page_id=5679","title":{"rendered":"BOMBARD ALAIN"},"content":{"rendered":"<p>Il est l\u2019un des derniers grands aventuriers qu\u2019ont admir\u00e9 les gens de ma g\u00e9n\u00e9ration. Personne n\u2019a oubli\u00e9 son \u00e9pop\u00e9e.<\/p>\n<p>&nbsp;<\/p>\n<p>Il fut aussi l\u2019un des premiers \u00e9cologistes et qui, de plus, a su le rester toute sa vie, une vie \u201cqu\u2019il a croqu\u00e9e avec d\u00e9lice\u201d.<\/p>\n<p>&nbsp;<\/p>\n<p>J\u2019ai fait sa connaissance au Parlement europ\u00e9en en 1989 et nous y avons entretenu des relations chaleureuses.<\/p>\n<p>&nbsp;<\/p>\n<p>J\u2019ai m\u00eame eu l\u2019honneur en1991 \u00e0 un moment o\u00f9 il \u00e9tait souffrant de le suppl\u00e9er dans la r\u00e9daction et la discussion d\u2019un rapport sur l\u2019\u00e9levage des mollusques bivalves afin de les rendre propres \u00e0 la consommation.<\/p>\n<p>&nbsp;<\/p>\n<p>En 1994, il sera \u201cremerci\u00e9\u201d par le PS, comme beaucoup d\u2019autres coll\u00e8gues, pour laisser la place \u00e0 plusieurs anciens ministres battus en 1993.<\/p>\n<p>&nbsp;<\/p>\n<p>Il retrouvera une Provence qu\u2019il ne quittera plus.<\/p>\n","protected":false},"excerpt":{"rendered":"<p>Il est l\u2019un des derniers grands aventuriers qu\u2019ont admir\u00e9 les gens de ma g\u00e9n\u00e9ration. Personne n\u2019a oubli\u00e9 son \u00e9pop\u00e9e. &nbsp; Il fut aussi l\u2019un des premiers \u00e9cologistes et qui, de plus, a su le rester toute sa vie, une vie \u201cqu\u2019il a croqu\u00e9e avec d\u00e9lice\u201d. &nbsp; J\u2019ai fait sa connaissance au Parlement europ\u00e9en en 1989 &hellip; <\/p>\n<p><a class=\"more-link btn\" href=\"http:\/\/www.gcaudron.com\/?page_id=5679\">Continue reading<\/a><\/p>\n","protected":false},"author":3,"featured_media":0,"parent":1021,"menu_order":12,"comment_status":"closed","ping_status":"closed","template":"","meta":{"footnotes":""},"class_list":["post-5679","page","type-page","status-publish","hentry","nodate","item-wrap"],"_links":{"self":[{"href":"http:\/\/www.gcaudron.com\/index.php?rest_route=\/wp\/v2\/pages\/5679","targetHints":{"allow":["GET"]}}],"collection":[{"href":"http:\/\/www.gcaudron.com\/index.php?rest_route=\/wp\/v2\/pages"}],"about":[{"href":"http:\/\/www.gcaudron.com\/index.php?rest_route=\/wp\/v2\/types\/page"}],"author":[{"embeddable":true,"href":"http:\/\/www.gcaudron.com\/index.php?rest_route=\/wp\/v2\/users\/3"}],"replies":[{"embeddable":true,"href":"http:\/\/www.gcaudron.com\/index.php?rest_route=%2Fwp%2Fv2%2Fcomments&post=5679"}],"version-history":[{"count":1,"href":"http:\/\/www.gcaudron.com\/index.php?rest_route=\/wp\/v2\/pages\/5679\/revisions"}],"predecessor-version":[{"id":5680,"href":"http:\/\/www.gcaudron.com\/index.php?rest_route=\/wp\/v2\/pages\/5679\/revisions\/5680"}],"up":[{"embeddable":true,"href":"http:\/\/www.gcaudron.com\/index.php?rest_route=\/wp\/v2\/pages\/1021"}],"wp:attachment":[{"href":"http:\/\/www.gcaudron.com\/index.php?rest_route=%2Fwp%2Fv2%2Fmedia&parent=5679"}],"curies":[{"name":"wp","href":"https:\/\/api.w.org\/{rel}","templated":true}]}}