{"id":5677,"date":"2017-10-31T00:35:03","date_gmt":"2017-10-30T23:35:03","guid":{"rendered":"http:\/\/www.gcaudron.com\/?page_id=5677"},"modified":"2017-10-31T00:35:03","modified_gmt":"2017-10-30T23:35:03","slug":"beregovoy-pierre","status":"publish","type":"page","link":"http:\/\/www.gcaudron.com\/?page_id=5677","title":{"rendered":"B\u00c9R\u00c9GOVOY PIERRE"},"content":{"rendered":"<p>Pierre B\u00c9R\u00c9GOVOY, c\u2019\u00e9tait d\u2019abord un ouvrier devenu Premier Ministre et donc un homme politique qui n\u2019a jamais vraiment \u00e9t\u00e9 \u00e0 son aise dans ce monde si particulier de la politique.<\/p>\n<p>&nbsp;<\/p>\n<p>De Maubeuge o\u00f9 il fut battu \u00e0 Matignon o\u00f9 il ne pouvait gagner, il ne lui a pas \u00e9t\u00e9 fait de cadeaux. Et j\u2019ai gard\u00e9 en m\u00e9moire son abattement, un soir o\u00f9 nous l\u2019avions invit\u00e9 \u00e0 d\u00eener dans un petit resto d\u2019Annappes.<\/p>\n<p>&nbsp;<\/p>\n<p>Pour couronner le tout, il connut la solitude d\u2019apr\u00e8s la d\u00e9faite de 1993, le t\u00e9l\u00e9phone qui ne sonne plus et celui que les autres ne d\u00e9crochent pas\u2026 Un vide qui devient vite tr\u00e8s glacial.<\/p>\n<p>&nbsp;<\/p>\n<p><strong>Inutile de faire davantage pour qu\u2019il d\u00e9cide de prendre cong\u00e9 \u00e0 Nevers le jour du 1er\u00a0mai.<\/strong><\/p>\n<p><strong>\u00a0<\/strong><\/p>\n<p>C\u2019est pourquoi je n\u2019ai pas aim\u00e9 certaines larmes de crocodile qui ont tach\u00e9 son cercueil.<\/p>\n<p>Finalement dans le monde d\u2019aujourd\u2019hui quand on veut se d\u00e9barrasser de quelqu\u2019un\u2026 rien n\u2019est plus facile et rien n\u2019est moins risqu\u00e9\u2026 que de pousser l\u2019int\u00e9ress\u00e9 \u00e0 dispara\u00eetre de lui-m\u00eame.<\/p>\n<p>&nbsp;<\/p>\n<p>Il suffit de le convaincre sciemment\u00a0<strong>qu\u2019il n\u2019a servi \u00e0 rien,\u00a0<\/strong>qu\u2019il a largement v\u00e9cu d\u2019illusions et que sa d\u00e9faite n\u2019est qu\u2019un juste retour \u00e0 une juste r\u00e9alit\u00e9.<\/p>\n<p>&nbsp;<\/p>\n<p>Somme toute, \u00e0 l\u2019image d\u2019un ordinateur, il suffit par un simple clic, de le d\u00e9connecter\u2026 et l\u2019affaire est jou\u00e9e.<\/p>\n","protected":false},"excerpt":{"rendered":"<p>Pierre B\u00c9R\u00c9GOVOY, c\u2019\u00e9tait d\u2019abord un ouvrier devenu Premier Ministre et donc un homme politique qui n\u2019a jamais vraiment \u00e9t\u00e9 \u00e0 son aise dans ce monde si particulier de la politique. &nbsp; De Maubeuge o\u00f9 il fut battu \u00e0 Matignon o\u00f9 il ne pouvait gagner, il ne lui a pas \u00e9t\u00e9 fait de cadeaux. Et j\u2019ai &hellip; <\/p>\n<p><a class=\"more-link btn\" href=\"http:\/\/www.gcaudron.com\/?page_id=5677\">Continue reading<\/a><\/p>\n","protected":false},"author":3,"featured_media":0,"parent":1021,"menu_order":11,"comment_status":"closed","ping_status":"closed","template":"","meta":{"footnotes":""},"class_list":["post-5677","page","type-page","status-publish","hentry","nodate","item-wrap"],"_links":{"self":[{"href":"http:\/\/www.gcaudron.com\/index.php?rest_route=\/wp\/v2\/pages\/5677","targetHints":{"allow":["GET"]}}],"collection":[{"href":"http:\/\/www.gcaudron.com\/index.php?rest_route=\/wp\/v2\/pages"}],"about":[{"href":"http:\/\/www.gcaudron.com\/index.php?rest_route=\/wp\/v2\/types\/page"}],"author":[{"embeddable":true,"href":"http:\/\/www.gcaudron.com\/index.php?rest_route=\/wp\/v2\/users\/3"}],"replies":[{"embeddable":true,"href":"http:\/\/www.gcaudron.com\/index.php?rest_route=%2Fwp%2Fv2%2Fcomments&post=5677"}],"version-history":[{"count":1,"href":"http:\/\/www.gcaudron.com\/index.php?rest_route=\/wp\/v2\/pages\/5677\/revisions"}],"predecessor-version":[{"id":5678,"href":"http:\/\/www.gcaudron.com\/index.php?rest_route=\/wp\/v2\/pages\/5677\/revisions\/5678"}],"up":[{"embeddable":true,"href":"http:\/\/www.gcaudron.com\/index.php?rest_route=\/wp\/v2\/pages\/1021"}],"wp:attachment":[{"href":"http:\/\/www.gcaudron.com\/index.php?rest_route=%2Fwp%2Fv2%2Fmedia&parent=5677"}],"curies":[{"name":"wp","href":"https:\/\/api.w.org\/{rel}","templated":true}]}}