{"id":5673,"date":"2017-10-31T00:23:10","date_gmt":"2017-10-30T23:23:10","guid":{"rendered":"http:\/\/www.gcaudron.com\/?page_id=5673"},"modified":"2017-10-31T00:32:52","modified_gmt":"2017-10-30T23:32:52","slug":"bayrou-francois","status":"publish","type":"page","link":"http:\/\/www.gcaudron.com\/?page_id=5673","title":{"rendered":"BAYROU FRAN\u00c7OIS"},"content":{"rendered":"<p>M\u00eame si, sur de tr\u00e8s nombreux points, mes id\u00e9es et mes valeurs sont tr\u00e8s diff\u00e9rentes des siennes, j\u2019ai au moins deux bonnes raisons d\u2019avoir de l\u2019estime pour Fran\u00e7ois BAYROU.<\/p>\n<p>&nbsp;<\/p>\n<p>D\u2019abord au niveau du parlement europ\u00e9en, j\u2019y ai connu un homme chaleureux, \u00e0 l\u2019\u00e9coute et tr\u00e8s attach\u00e9 aux racines fondatrices de l\u2019Europe.<\/p>\n<p>&nbsp;<\/p>\n<p>Si, entre nous, les moyens de les retrouver divergent, l\u2019objectif nous est largement commun : construire une Europe citoyenne, humaine, culturelle et sociale.<\/p>\n<p>&nbsp;<\/p>\n<p>Ensuite je veux saluer l\u2019homme politique qui a su dire NON \u00e0 l\u2019assujettissement que veut lui imposer l\u2019UMP.<\/p>\n<p>&nbsp;<\/p>\n<p>Pour m\u2019\u00eatre oppos\u00e9 \u00e0 gauche \u00e0 la puissante machine du PS, je sais l\u2019\u00e9nergie, l\u2019obstination et le courage qu\u2019il faut pour que survive en France une r\u00e9elle d\u00e9mocratie qui elle-m\u00eame suppose un pluralisme dans l\u2019offre politique faite aux \u00e9lecteurs.<\/p>\n","protected":false},"excerpt":{"rendered":"<p>M\u00eame si, sur de tr\u00e8s nombreux points, mes id\u00e9es et mes valeurs sont tr\u00e8s diff\u00e9rentes des siennes, j\u2019ai au moins deux bonnes raisons d\u2019avoir de l\u2019estime pour Fran\u00e7ois BAYROU. &nbsp; D\u2019abord au niveau du parlement europ\u00e9en, j\u2019y ai connu un homme chaleureux, \u00e0 l\u2019\u00e9coute et tr\u00e8s attach\u00e9 aux racines fondatrices de l\u2019Europe. &nbsp; Si, entre &hellip; <\/p>\n<p><a class=\"more-link btn\" href=\"http:\/\/www.gcaudron.com\/?page_id=5673\">Continue reading<\/a><\/p>\n","protected":false},"author":3,"featured_media":0,"parent":1021,"menu_order":10,"comment_status":"closed","ping_status":"closed","template":"","meta":{"footnotes":""},"class_list":["post-5673","page","type-page","status-publish","hentry","nodate","item-wrap"],"_links":{"self":[{"href":"http:\/\/www.gcaudron.com\/index.php?rest_route=\/wp\/v2\/pages\/5673","targetHints":{"allow":["GET"]}}],"collection":[{"href":"http:\/\/www.gcaudron.com\/index.php?rest_route=\/wp\/v2\/pages"}],"about":[{"href":"http:\/\/www.gcaudron.com\/index.php?rest_route=\/wp\/v2\/types\/page"}],"author":[{"embeddable":true,"href":"http:\/\/www.gcaudron.com\/index.php?rest_route=\/wp\/v2\/users\/3"}],"replies":[{"embeddable":true,"href":"http:\/\/www.gcaudron.com\/index.php?rest_route=%2Fwp%2Fv2%2Fcomments&post=5673"}],"version-history":[{"count":1,"href":"http:\/\/www.gcaudron.com\/index.php?rest_route=\/wp\/v2\/pages\/5673\/revisions"}],"predecessor-version":[{"id":5674,"href":"http:\/\/www.gcaudron.com\/index.php?rest_route=\/wp\/v2\/pages\/5673\/revisions\/5674"}],"up":[{"embeddable":true,"href":"http:\/\/www.gcaudron.com\/index.php?rest_route=\/wp\/v2\/pages\/1021"}],"wp:attachment":[{"href":"http:\/\/www.gcaudron.com\/index.php?rest_route=%2Fwp%2Fv2%2Fmedia&parent=5673"}],"curies":[{"name":"wp","href":"https:\/\/api.w.org\/{rel}","templated":true}]}}