{"id":5652,"date":"2017-10-31T00:11:02","date_gmt":"2017-10-30T23:11:02","guid":{"rendered":"http:\/\/www.gcaudron.com\/?page_id=5652"},"modified":"2017-10-31T00:32:34","modified_gmt":"2017-10-30T23:32:34","slug":"autogestion","status":"publish","type":"page","link":"http:\/\/www.gcaudron.com\/?page_id=5652","title":{"rendered":"AUTOGESTION"},"content":{"rendered":"<table>\n<tbody>\n<tr>\n<td width=\"690\">A l\u2019aube des Villes Nouvelles, on parlait et on r\u00eavait beaucoup d\u2019autogestion sans toujours savoir d\u2019ailleurs ce que cela recouvrait r\u00e9ellement dans une \u00e9conomie de march\u00e9.<\/p>\n<p>&nbsp;<\/p>\n<p>Il restera n\u00e9anmoins sur Villeneuve d\u2019Ascq deux structures que l\u2019on a appel\u00e9 \u00ab habitat autog\u00e9r\u00e9 group\u00e9 \u00bb.<\/p>\n<p>&nbsp;<\/p>\n<p>Des familles ont con\u00e7u, ont fait construire ou ont construit ensemble des logements avec des locaux communs pour leur vie collective, des services communs et des salles de jeux pour leurs enfants.<\/p>\n<p>&nbsp;<\/p>\n<p>Cela a bien fonctionn\u00e9\u2026 et cela fonctionne encore\u2026 en d\u00e9pit des pouss\u00e9es d\u2019individualisme, du d\u00e9sint\u00e9r\u00eat des autorit\u00e9s publiques et, pour le locatif, de \u201cla rigidit\u00e9\u201d du bailleur.<\/p>\n<p>&nbsp;<\/p>\n<p>A une autre \u00e9chelle, on trouve des LCR (locaux collectifs r\u00e9sidentiels) sur toute la ville, g\u00e9r\u00e9s par les habitants et aid\u00e9s financi\u00e8rement par la commune, un autre exemple de cet esprit autogestionnaire et de l\u2019envie partag\u00e9e d\u2019une dose de vie collective.<\/p>\n<p>&nbsp;<\/p>\n<p>Enfin, n\u2019oublions pas l\u2019engagement citoyen dans les centres sociaux, des centres pour beaucoup aujourd\u2019hui menac\u00e9es.<\/p>\n<p>&nbsp;<\/p>\n<p>Et pourtant, cela ne co\u00fbte pas tr\u00e8s cher et cela rapporte gros en terme de lien social et de v\u00e9ritable politique d\u2019action sociale.<\/td>\n<\/tr>\n<\/tbody>\n<\/table>\n","protected":false},"excerpt":{"rendered":"<p>A l\u2019aube des Villes Nouvelles, on parlait et on r\u00eavait beaucoup d\u2019autogestion sans toujours savoir d\u2019ailleurs ce que cela recouvrait r\u00e9ellement dans une \u00e9conomie de march\u00e9. &nbsp; Il restera n\u00e9anmoins sur Villeneuve d\u2019Ascq deux structures que l\u2019on a appel\u00e9 \u00ab habitat autog\u00e9r\u00e9 group\u00e9 \u00bb. &nbsp; Des familles ont con\u00e7u, ont fait construire ou ont construit &hellip; <\/p>\n<p><a class=\"more-link btn\" href=\"http:\/\/www.gcaudron.com\/?page_id=5652\">Continue reading<\/a><\/p>\n","protected":false},"author":3,"featured_media":0,"parent":1021,"menu_order":8,"comment_status":"closed","ping_status":"closed","template":"","meta":{"footnotes":""},"class_list":["post-5652","page","type-page","status-publish","hentry","nodate","item-wrap"],"_links":{"self":[{"href":"http:\/\/www.gcaudron.com\/index.php?rest_route=\/wp\/v2\/pages\/5652","targetHints":{"allow":["GET"]}}],"collection":[{"href":"http:\/\/www.gcaudron.com\/index.php?rest_route=\/wp\/v2\/pages"}],"about":[{"href":"http:\/\/www.gcaudron.com\/index.php?rest_route=\/wp\/v2\/types\/page"}],"author":[{"embeddable":true,"href":"http:\/\/www.gcaudron.com\/index.php?rest_route=\/wp\/v2\/users\/3"}],"replies":[{"embeddable":true,"href":"http:\/\/www.gcaudron.com\/index.php?rest_route=%2Fwp%2Fv2%2Fcomments&post=5652"}],"version-history":[{"count":3,"href":"http:\/\/www.gcaudron.com\/index.php?rest_route=\/wp\/v2\/pages\/5652\/revisions"}],"predecessor-version":[{"id":5672,"href":"http:\/\/www.gcaudron.com\/index.php?rest_route=\/wp\/v2\/pages\/5652\/revisions\/5672"}],"up":[{"embeddable":true,"href":"http:\/\/www.gcaudron.com\/index.php?rest_route=\/wp\/v2\/pages\/1021"}],"wp:attachment":[{"href":"http:\/\/www.gcaudron.com\/index.php?rest_route=%2Fwp%2Fv2%2Fmedia&parent=5652"}],"curies":[{"name":"wp","href":"https:\/\/api.w.org\/{rel}","templated":true}]}}