{"id":5649,"date":"2017-10-31T00:09:42","date_gmt":"2017-10-30T23:09:42","guid":{"rendered":"http:\/\/www.gcaudron.com\/?page_id=5649"},"modified":"2017-10-31T00:32:26","modified_gmt":"2017-10-30T23:32:26","slug":"aubry-martine","status":"publish","type":"page","link":"http:\/\/www.gcaudron.com\/?page_id=5649","title":{"rendered":"AUBRY MARTINE"},"content":{"rendered":"<p>Lorsque j\u2019ai lu il y a quelques ann\u00e9es, le pamphlet intitul\u00e9 \u00ab\u00a0La dame des 35 heures\u00a0\u00bb, j\u2019ai pens\u00e9 comme beaucoup, que les coups port\u00e9s contre Martine AUBRY \u00e9taient trop durs et tr\u00e8s injustes\u2026 J\u2019avais m\u00eame r\u00e9dig\u00e9 un communiqu\u00e9 pour m\u2019associer \u00e0 l\u2019indignation de ses amis.<\/p>\n<p>&nbsp;<\/p>\n<p>Finalement, avec le recul et apr\u00e8s une relecture r\u00e9cente, je me dis que, certes, la forme de l\u2019ouvrage est peu digne et tr\u00e8s caricaturale, mais, si Martine n\u2019\u00e9tait pas un peu telle que d\u00e9crite,\u00a0<strong>elle aurait d\u00e9j\u00e0 disparu du petit monde politique socialiste nordiste,\u00a0<\/strong>un monde \u00e9gocentrique, brutal et machiste.<\/p>\n<p>&nbsp;<\/p>\n<p>Apr\u00e8s sa cruelle d\u00e9faite aux l\u00e9gislatives de 2002, il lui appartiendra de prouver en 2007 qu\u2019elle sait rebondir.<\/p>\n<p>&nbsp;<\/p>\n<p>Elle ne pourra d\u2019ailleurs pour ce faire, compter que sur elle, seule, face aux \u00e9lecteurs\u2026<\/p>\n<p>La question est tr\u00e8s cr\u00fbment pos\u00e9e : Sera-t-elle finalement, \u00e0 Lille, un maire de transition comme c\u2019est souvent le cas apr\u00e8s des maires qui se sont identifi\u00e9s \u00e0 leur ville, ou bien aura-t-elle r\u00e9ussi \u00e0 relooker Lille \u00e0 son image ?<\/p>\n<p>&nbsp;<\/p>\n<p>Autour d\u2019elle, les paris sont d\u2019ores et d\u00e9j\u00e0 ouverts pour 2008, y compris, sinon surtout, dans son propre camp.<\/p>\n<p>&nbsp;<\/p>\n<p>On nous dit enfin qu\u2019elle cherche une circonscription nouvelle pour 2007.<\/p>\n<p>&nbsp;<\/p>\n<p>Ici aussi, les paris sont ouverts, et j\u2019en connais, ici ou l\u00e0, qui commencent \u00e0 s\u2019inqui\u00e9ter et qui n\u2019h\u00e9siteront devant rien pour conserver ce qu\u2019ils consid\u00e8rent comme \u00e9tant leur place.<\/p>\n<p>&nbsp;<\/p>\n<p>Pour en avoir parl\u00e9 avec lui le 10 novembre 1995 je sais que, l\u00e0 o\u00f9 il est, Fran\u00e7ois Mitterrand sera s\u00fbrement un observateur attentif des choix qu\u2019elle va faire et des r\u00e9sultats qu\u2019elle obtiendra.<\/p>\n<p>&nbsp;<\/p>\n<p>Je lui souhaite, tr\u00e8s sinc\u00e8rement, bonne chance.<\/p>\n","protected":false},"excerpt":{"rendered":"<p>Lorsque j\u2019ai lu il y a quelques ann\u00e9es, le pamphlet intitul\u00e9 \u00ab\u00a0La dame des 35 heures\u00a0\u00bb, j\u2019ai pens\u00e9 comme beaucoup, que les coups port\u00e9s contre Martine AUBRY \u00e9taient trop durs et tr\u00e8s injustes\u2026 J\u2019avais m\u00eame r\u00e9dig\u00e9 un communiqu\u00e9 pour m\u2019associer \u00e0 l\u2019indignation de ses amis. &nbsp; Finalement, avec le recul et apr\u00e8s une relecture r\u00e9cente, &hellip; <\/p>\n<p><a class=\"more-link btn\" href=\"http:\/\/www.gcaudron.com\/?page_id=5649\">Continue reading<\/a><\/p>\n","protected":false},"author":3,"featured_media":0,"parent":1021,"menu_order":7,"comment_status":"closed","ping_status":"closed","template":"","meta":{"footnotes":""},"class_list":["post-5649","page","type-page","status-publish","hentry","nodate","item-wrap"],"_links":{"self":[{"href":"http:\/\/www.gcaudron.com\/index.php?rest_route=\/wp\/v2\/pages\/5649","targetHints":{"allow":["GET"]}}],"collection":[{"href":"http:\/\/www.gcaudron.com\/index.php?rest_route=\/wp\/v2\/pages"}],"about":[{"href":"http:\/\/www.gcaudron.com\/index.php?rest_route=\/wp\/v2\/types\/page"}],"author":[{"embeddable":true,"href":"http:\/\/www.gcaudron.com\/index.php?rest_route=\/wp\/v2\/users\/3"}],"replies":[{"embeddable":true,"href":"http:\/\/www.gcaudron.com\/index.php?rest_route=%2Fwp%2Fv2%2Fcomments&post=5649"}],"version-history":[{"count":4,"href":"http:\/\/www.gcaudron.com\/index.php?rest_route=\/wp\/v2\/pages\/5649\/revisions"}],"predecessor-version":[{"id":5671,"href":"http:\/\/www.gcaudron.com\/index.php?rest_route=\/wp\/v2\/pages\/5649\/revisions\/5671"}],"up":[{"embeddable":true,"href":"http:\/\/www.gcaudron.com\/index.php?rest_route=\/wp\/v2\/pages\/1021"}],"wp:attachment":[{"href":"http:\/\/www.gcaudron.com\/index.php?rest_route=%2Fwp%2Fv2%2Fmedia&parent=5649"}],"curies":[{"name":"wp","href":"https:\/\/api.w.org\/{rel}","templated":true}]}}