{"id":5644,"date":"2017-10-31T00:08:27","date_gmt":"2017-10-30T23:08:27","guid":{"rendered":"http:\/\/www.gcaudron.com\/?page_id=5644"},"modified":"2017-10-31T00:32:14","modified_gmt":"2017-10-30T23:32:14","slug":"associations-et-vie-associative","status":"publish","type":"page","link":"http:\/\/www.gcaudron.com\/?page_id=5644","title":{"rendered":"ASSOCIATIONS\u00a0ET VIE ASSOCIATIVE"},"content":{"rendered":"<table>\n<tbody>\n<tr>\n<td width=\"714\">Tout maire, quelque soit sa couleur politique, vous le confirmera : le premier, sinon parfois le seul r\u00e9seau de socialisation dans les villes et leurs quartiers est constitu\u00e9 par les associations et donc par les militants qui les animent.<\/p>\n<p>&nbsp;<\/p>\n<p>Ces associations se retrouvent souvent aujourd\u2019hui en difficult\u00e9, pour cause d\u2019inversion des valeurs, qui se traduit par des difficult\u00e9s \u00e0 trouver de nouveaux militants et des \u00e9conomies budg\u00e9taires faites ind\u00fbment par les d\u00e9cideurs qui mettent en p\u00e9ril ces associations.<\/p>\n<p>&nbsp;<\/p>\n<p>On commence un peu partout \u00e0 en mesurer les dramatiques cons\u00e9quences, particuli\u00e8rement dans les secteurs les plus fragiles.<\/p>\n<p>&nbsp;<\/p>\n<p>Alors plus que jamais, le premier objectif de toute collectivit\u00e9 publique doit \u00eatre de relancer, en les aidant par tous les moyens, toutes les formes de vie associative.<\/td>\n<\/tr>\n<\/tbody>\n<\/table>\n","protected":false},"excerpt":{"rendered":"<p>Tout maire, quelque soit sa couleur politique, vous le confirmera : le premier, sinon parfois le seul r\u00e9seau de socialisation dans les villes et leurs quartiers est constitu\u00e9 par les associations et donc par les militants qui les animent. &nbsp; Ces associations se retrouvent souvent aujourd\u2019hui en difficult\u00e9, pour cause d\u2019inversion des valeurs, qui se &hellip; <\/p>\n<p><a class=\"more-link btn\" href=\"http:\/\/www.gcaudron.com\/?page_id=5644\">Continue reading<\/a><\/p>\n","protected":false},"author":3,"featured_media":0,"parent":1021,"menu_order":6,"comment_status":"closed","ping_status":"closed","template":"","meta":{"footnotes":""},"class_list":["post-5644","page","type-page","status-publish","hentry","nodate","item-wrap"],"_links":{"self":[{"href":"http:\/\/www.gcaudron.com\/index.php?rest_route=\/wp\/v2\/pages\/5644","targetHints":{"allow":["GET"]}}],"collection":[{"href":"http:\/\/www.gcaudron.com\/index.php?rest_route=\/wp\/v2\/pages"}],"about":[{"href":"http:\/\/www.gcaudron.com\/index.php?rest_route=\/wp\/v2\/types\/page"}],"author":[{"embeddable":true,"href":"http:\/\/www.gcaudron.com\/index.php?rest_route=\/wp\/v2\/users\/3"}],"replies":[{"embeddable":true,"href":"http:\/\/www.gcaudron.com\/index.php?rest_route=%2Fwp%2Fv2%2Fcomments&post=5644"}],"version-history":[{"count":4,"href":"http:\/\/www.gcaudron.com\/index.php?rest_route=\/wp\/v2\/pages\/5644\/revisions"}],"predecessor-version":[{"id":5670,"href":"http:\/\/www.gcaudron.com\/index.php?rest_route=\/wp\/v2\/pages\/5644\/revisions\/5670"}],"up":[{"embeddable":true,"href":"http:\/\/www.gcaudron.com\/index.php?rest_route=\/wp\/v2\/pages\/1021"}],"wp:attachment":[{"href":"http:\/\/www.gcaudron.com\/index.php?rest_route=%2Fwp%2Fv2%2Fmedia&parent=5644"}],"curies":[{"name":"wp","href":"https:\/\/api.w.org\/{rel}","templated":true}]}}