{"id":5636,"date":"2017-10-31T00:03:38","date_gmt":"2017-10-30T23:03:38","guid":{"rendered":"http:\/\/www.gcaudron.com\/?page_id=5636"},"modified":"2017-10-31T00:31:44","modified_gmt":"2017-10-30T23:31:44","slug":"amis-politiques","status":"publish","type":"page","link":"http:\/\/www.gcaudron.com\/?page_id=5636","title":{"rendered":"AMIS POLITIQUES"},"content":{"rendered":"<table>\n<tbody>\n<tr>\n<td width=\"755\">Voil\u00e0 bien une expression qui frise l\u2019ind\u00e9cence au sens propre du terme\u2026 (selon la d\u00e9finition du Micro-Robert : inconvenant, choquant).<\/p>\n<p>&nbsp;<\/p>\n<p>En politique, on peut avoir des compagnons, des camarades, des alli\u00e9s, des supporters, des clients, des vassaux, des parrains, des chefs ou des suzerains et\u2026 m\u00eame des \u00e9lecteurs mais\u00a0<strong>c\u2019est nier la valeur et la force de la notion d\u2019amiti\u00e9\u00a0<\/strong>que de parler d\u2019 \u201camis politiques\u201d.<\/p>\n<p>&nbsp;<\/p>\n<p>C\u2019est pourquoi, je l\u2019affirme : ce serait un devoir moral que de bannir cette expression du vocabulaire courant.<\/p>\n<p>&nbsp;<\/p>\n<p>L\u2019Amiti\u00e9, la vraie, retrouvera ses lettres de noblesse tandis que les r\u00e8gles de fonctionnement politiques inscrites dans le fameux et non \u00e9crit \u201ccode politique\u201d retrouveront la froide rigueur qui leur sied tellement mieux.<\/td>\n<\/tr>\n<\/tbody>\n<\/table>\n","protected":false},"excerpt":{"rendered":"<p>Voil\u00e0 bien une expression qui frise l\u2019ind\u00e9cence au sens propre du terme\u2026 (selon la d\u00e9finition du Micro-Robert : inconvenant, choquant). &nbsp; En politique, on peut avoir des compagnons, des camarades, des alli\u00e9s, des supporters, des clients, des vassaux, des parrains, des chefs ou des suzerains et\u2026 m\u00eame des \u00e9lecteurs mais\u00a0c\u2019est nier la valeur et la &hellip; <\/p>\n<p><a class=\"more-link btn\" href=\"http:\/\/www.gcaudron.com\/?page_id=5636\">Continue reading<\/a><\/p>\n","protected":false},"author":3,"featured_media":0,"parent":1021,"menu_order":3,"comment_status":"closed","ping_status":"closed","template":"","meta":{"footnotes":""},"class_list":["post-5636","page","type-page","status-publish","hentry","nodate","item-wrap"],"_links":{"self":[{"href":"http:\/\/www.gcaudron.com\/index.php?rest_route=\/wp\/v2\/pages\/5636","targetHints":{"allow":["GET"]}}],"collection":[{"href":"http:\/\/www.gcaudron.com\/index.php?rest_route=\/wp\/v2\/pages"}],"about":[{"href":"http:\/\/www.gcaudron.com\/index.php?rest_route=\/wp\/v2\/types\/page"}],"author":[{"embeddable":true,"href":"http:\/\/www.gcaudron.com\/index.php?rest_route=\/wp\/v2\/users\/3"}],"replies":[{"embeddable":true,"href":"http:\/\/www.gcaudron.com\/index.php?rest_route=%2Fwp%2Fv2%2Fcomments&post=5636"}],"version-history":[{"count":3,"href":"http:\/\/www.gcaudron.com\/index.php?rest_route=\/wp\/v2\/pages\/5636\/revisions"}],"predecessor-version":[{"id":5667,"href":"http:\/\/www.gcaudron.com\/index.php?rest_route=\/wp\/v2\/pages\/5636\/revisions\/5667"}],"up":[{"embeddable":true,"href":"http:\/\/www.gcaudron.com\/index.php?rest_route=\/wp\/v2\/pages\/1021"}],"wp:attachment":[{"href":"http:\/\/www.gcaudron.com\/index.php?rest_route=%2Fwp%2Fv2%2Fmedia&parent=5636"}],"curies":[{"name":"wp","href":"https:\/\/api.w.org\/{rel}","templated":true}]}}