{"id":5634,"date":"2017-10-31T00:00:48","date_gmt":"2017-10-30T23:00:48","guid":{"rendered":"http:\/\/www.gcaudron.com\/?page_id=5634"},"modified":"2017-10-31T00:31:24","modified_gmt":"2017-10-30T23:31:24","slug":"allegre-claude","status":"publish","type":"page","link":"http:\/\/www.gcaudron.com\/?page_id=5634","title":{"rendered":"ALLEGRE Claude"},"content":{"rendered":"<table>\n<tbody>\n<tr>\n<td width=\"727\">Autrefois on aurait dit de lui :\u00a0<strong>\u201cc\u2019est une t\u00eate \u00e0 claques\u201d.<\/strong><\/p>\n<p><strong>\u00a0<\/strong><\/p>\n<p>Grand scientifique, Ministre non d\u00e9pourvu d\u2019id\u00e9es, il avait une mani\u00e8re, bien \u00e0 lui, de se rendre antipathique\u2026 et m\u00eame insupportable\u2026<\/p>\n<p>&nbsp;<\/p>\n<p>\u00c9lu d\u00e9put\u00e9 europ\u00e9en en 1989, il avait eu l\u2019ind\u00e9cence d\u2019annoncer, avant m\u00eame son \u00e9lection, qu\u2019il n\u2019y si\u00e9gerait pas et qu\u2019il d\u00e9missionnerait rapidement du Parlement Europ\u00e9en, ce qu\u2019il fit d\u2019ailleurs.<\/p>\n<p>&nbsp;<\/p>\n<p>Ministre de l\u2019\u00c9ducation Nationale, sa formule choc \u201cIl faut d\u00e9graisser le mammouth\u201d, une formule digne du MEDEF, lui avait ensuite enlev\u00e9 toute chance de r\u00e9ussir des r\u00e9formes de fond.<\/p>\n<p><strong>\u00a0<\/strong><\/p>\n<p><strong>Quant \u00e0 sa suffisance<\/strong>, elle \u00e9tait l\u00e9gendaire\u2026<\/p>\n<p>&nbsp;<\/p>\n<p>Je me souviens d\u2019un \u00e9pisode : c\u2019\u00e9tait \u00e0 Tours lors des Journ\u00e9es Parlementaires du PS \u00e0 l\u2019heure de la r\u00e9ception \u00e0 l\u2019H\u00f4tel de Ville.<\/p>\n<p>&nbsp;<\/p>\n<p>En tant que Maire de Villeneuve d\u2019Ascq, j\u2019attendais une d\u00e9cision quant \u00e0 l\u2019implantation de SOLEIL, le nouveau Synchrotron, en projet au gouvernement.<\/p>\n<p>&nbsp;<\/p>\n<p>Apercevant le ministre qui venait dans ma direction,\u00a0<strong>j\u2019eus l\u2019impudence de l\u2019interroger\u00a0<\/strong>sur ses intentions\u2026<\/p>\n<p>&nbsp;<\/p>\n<p>Sans m\u00eame s\u2019arr\u00eater, il me l\u00e2che : \u00ab\u00a0Ah, ces maires, tous les m\u00eames\u2026, ils ne comprennent rien \u00e0 la science\u2026, et ils veulent TOUT\u00a0! \u00bb\u2026<\/p>\n<p>&nbsp;<\/p>\n<p>J\u2019avoue que ce jour l\u00e0, il a failli se \u201cprendre une claque\u201d.<\/p>\n<p>&nbsp;<\/p>\n<p>Les gouvernements et leurs ministres se demandent souvent pourquoi les \u00e9lecteurs ne leur renouvellent pas leur confiance\u2026 Peut \u00eatre tout simplement parce qu\u2019ils oublient quand ils sont en poste\u00a0<strong>\u00ab Qui les a fait ministres \u00bb\u2026<\/strong><\/p>\n<p>&nbsp;<\/td>\n<\/tr>\n<\/tbody>\n<\/table>\n","protected":false},"excerpt":{"rendered":"<p>Autrefois on aurait dit de lui :\u00a0\u201cc\u2019est une t\u00eate \u00e0 claques\u201d. \u00a0 Grand scientifique, Ministre non d\u00e9pourvu d\u2019id\u00e9es, il avait une mani\u00e8re, bien \u00e0 lui, de se rendre antipathique\u2026 et m\u00eame insupportable\u2026 &nbsp; \u00c9lu d\u00e9put\u00e9 europ\u00e9en en 1989, il avait eu l\u2019ind\u00e9cence d\u2019annoncer, avant m\u00eame son \u00e9lection, qu\u2019il n\u2019y si\u00e9gerait pas et qu\u2019il d\u00e9missionnerait rapidement &hellip; <\/p>\n<p><a class=\"more-link btn\" href=\"http:\/\/www.gcaudron.com\/?page_id=5634\">Continue reading<\/a><\/p>\n","protected":false},"author":3,"featured_media":0,"parent":1021,"menu_order":2,"comment_status":"closed","ping_status":"closed","template":"","meta":{"footnotes":""},"class_list":["post-5634","page","type-page","status-publish","hentry","nodate","item-wrap"],"_links":{"self":[{"href":"http:\/\/www.gcaudron.com\/index.php?rest_route=\/wp\/v2\/pages\/5634","targetHints":{"allow":["GET"]}}],"collection":[{"href":"http:\/\/www.gcaudron.com\/index.php?rest_route=\/wp\/v2\/pages"}],"about":[{"href":"http:\/\/www.gcaudron.com\/index.php?rest_route=\/wp\/v2\/types\/page"}],"author":[{"embeddable":true,"href":"http:\/\/www.gcaudron.com\/index.php?rest_route=\/wp\/v2\/users\/3"}],"replies":[{"embeddable":true,"href":"http:\/\/www.gcaudron.com\/index.php?rest_route=%2Fwp%2Fv2%2Fcomments&post=5634"}],"version-history":[{"count":3,"href":"http:\/\/www.gcaudron.com\/index.php?rest_route=\/wp\/v2\/pages\/5634\/revisions"}],"predecessor-version":[{"id":5666,"href":"http:\/\/www.gcaudron.com\/index.php?rest_route=\/wp\/v2\/pages\/5634\/revisions\/5666"}],"up":[{"embeddable":true,"href":"http:\/\/www.gcaudron.com\/index.php?rest_route=\/wp\/v2\/pages\/1021"}],"wp:attachment":[{"href":"http:\/\/www.gcaudron.com\/index.php?rest_route=%2Fwp%2Fv2%2Fmedia&parent=5634"}],"curies":[{"name":"wp","href":"https:\/\/api.w.org\/{rel}","templated":true}]}}