{"id":5631,"date":"2017-10-30T23:58:19","date_gmt":"2017-10-30T22:58:19","guid":{"rendered":"http:\/\/www.gcaudron.com\/?page_id=5631"},"modified":"2017-10-31T00:32:43","modified_gmt":"2017-10-30T23:32:43","slug":"action-sociale","status":"publish","type":"page","link":"http:\/\/www.gcaudron.com\/?page_id=5631","title":{"rendered":"ACTION SOCIALE"},"content":{"rendered":"<p>Il est pour moi deux domaines essentiels qui distinguent celles et ceux qui se r\u00e9clament de la gauche et celles et ceux qui se proclament de droite.<\/p>\n<p>&nbsp;<\/p>\n<p>Il y a d\u2019abord la conception que l\u2019on a du \u00ab\u00a0service public\u00a0\u00bb. J\u2019en parle un peu plus loin.<\/p>\n<p>&nbsp;<\/p>\n<p>Il y a aussi, sinon surtout, la conception plus ou moins large que l\u2019on a de l\u2019Action Sociale.<\/p>\n<p>&nbsp;<\/p>\n<p>Pour moi et pour tous ceux qui se r\u00e9clament encore dans le camp du progr\u00e8s en refusant la pesanteur de l\u2019id\u00e9ologie lib\u00e9rale, l\u2019action sociale ne doit pas se limiter \u00e0 aider ceux qui n\u2019ont plus rien mais elle doit aussi aider ceux qui sont en difficult\u00e9s \u00e0 ne pas sombrer et ceux qui sont en graves difficult\u00e9s \u00e0 en sortir.<\/p>\n<p>&nbsp;<\/p>\n<p>Certes cette conception de l\u2019action sociale a un co\u00fbt qui est \u00e9lev\u00e9 mais ce co\u00fbt est faible au regard du co\u00fbt humain de la mis\u00e8re et du d\u00e9sespoir et tellement plus faible au regard des co\u00fbts g\u00e9n\u00e9r\u00e9s par les ghettos, l\u2019exclusion et la violence.<\/p>\n<p>&nbsp;<\/p>\n<p>Le mod\u00e8le social europ\u00e9en est souvent l\u2019objet de beaux discours et la politique sociale est au c\u0153ur des d\u00e9bats \u00e9lectoraux.<\/p>\n<p>&nbsp;<\/p>\n<p>Une v\u00e9ritable action sociale \u00e9largie est beaucoup plus que cela\u00a0: C\u2019est la condition premi\u00e8re d\u2019une soci\u00e9t\u00e9 \u00e9quilibr\u00e9e, pacifi\u00e9e et d\u00e9mocratique.<\/p>\n","protected":false},"excerpt":{"rendered":"<p>Il est pour moi deux domaines essentiels qui distinguent celles et ceux qui se r\u00e9clament de la gauche et celles et ceux qui se proclament de droite. &nbsp; Il y a d\u2019abord la conception que l\u2019on a du \u00ab\u00a0service public\u00a0\u00bb. J\u2019en parle un peu plus loin. &nbsp; Il y a aussi, sinon surtout, la conception &hellip; <\/p>\n<p><a class=\"more-link btn\" href=\"http:\/\/www.gcaudron.com\/?page_id=5631\">Continue reading<\/a><\/p>\n","protected":false},"author":3,"featured_media":0,"parent":1021,"menu_order":9,"comment_status":"closed","ping_status":"closed","template":"","meta":{"footnotes":""},"class_list":["post-5631","page","type-page","status-publish","hentry","nodate","item-wrap"],"_links":{"self":[{"href":"http:\/\/www.gcaudron.com\/index.php?rest_route=\/wp\/v2\/pages\/5631","targetHints":{"allow":["GET"]}}],"collection":[{"href":"http:\/\/www.gcaudron.com\/index.php?rest_route=\/wp\/v2\/pages"}],"about":[{"href":"http:\/\/www.gcaudron.com\/index.php?rest_route=\/wp\/v2\/types\/page"}],"author":[{"embeddable":true,"href":"http:\/\/www.gcaudron.com\/index.php?rest_route=\/wp\/v2\/users\/3"}],"replies":[{"embeddable":true,"href":"http:\/\/www.gcaudron.com\/index.php?rest_route=%2Fwp%2Fv2%2Fcomments&post=5631"}],"version-history":[{"count":3,"href":"http:\/\/www.gcaudron.com\/index.php?rest_route=\/wp\/v2\/pages\/5631\/revisions"}],"predecessor-version":[{"id":5665,"href":"http:\/\/www.gcaudron.com\/index.php?rest_route=\/wp\/v2\/pages\/5631\/revisions\/5665"}],"up":[{"embeddable":true,"href":"http:\/\/www.gcaudron.com\/index.php?rest_route=\/wp\/v2\/pages\/1021"}],"wp:attachment":[{"href":"http:\/\/www.gcaudron.com\/index.php?rest_route=%2Fwp%2Fv2%2Fmedia&parent=5631"}],"curies":[{"name":"wp","href":"https:\/\/api.w.org\/{rel}","templated":true}]}}