{"id":5628,"date":"2017-10-30T23:55:18","date_gmt":"2017-10-30T22:55:18","guid":{"rendered":"http:\/\/www.gcaudron.com\/?page_id=5628"},"modified":"2017-10-31T00:33:02","modified_gmt":"2017-10-30T23:33:02","slug":"prologue","status":"publish","type":"page","link":"http:\/\/www.gcaudron.com\/?page_id=5628","title":{"rendered":"Prologue"},"content":{"rendered":"<table>\n<tbody>\n<tr>\n<td width=\"733\">\n<h2><span style=\"color: #800000;\">Comme des p\u2019tits coquelicots\u2026.<\/span><\/h2>\n<p>&nbsp;<\/p>\n<p>&nbsp;<\/p>\n<p><strong><em>R\u00e9flexions, souvenirs<\/em><\/strong><\/p>\n<p><strong><em>et portraits furtifs<\/em><\/strong><\/p>\n<p><strong>\u00a0<\/strong><\/p>\n<p><strong>Dans le petit Larousse de 1972<\/strong>\u00a0on peut lire\u00a0: que le\u00a0<em>\u00ab\u00a0coquelicot est une plante\u2026 qui, dans les champs, constitue une mauvaise herbe\u2026<\/em><\/p>\n<p><em>Coup\u00e9e de ses racines, ses p\u00e9tales se d\u00e9tachent et fanent en quelques instants\u00a0\u00bb.<\/em><\/p>\n<p>&nbsp;<\/p>\n<p>Cette d\u00e9finition sied tout \u00e0 fait aux portraits et, je l\u2019esp\u00e8re, un peu moins aux id\u00e9es que l\u2019on retrouvera dans ce petit ouvrage pr\u00e9sent\u00e9 sous une forme alphab\u00e9tique.<\/p>\n<p>&nbsp;<\/p>\n<p>&nbsp;<\/p>\n<p>&nbsp;<\/p>\n<p><strong>Des images, des fables, des anecdotes\u2026 des id\u00e9es<\/strong><\/p>\n<p>En un peu plus de 40 ans de vie militante dont 30 ans de vie \u00e9lective, les souvenirs accumul\u00e9s sont nombreux, les portraits de femmes et d\u2019hommes rencontr\u00e9s flottent dans la m\u00e9moire, les exp\u00e9riences v\u00e9cues font r\u00e9fl\u00e9chir autant qu\u2019elles donnent des id\u00e9es pour demain\u2026<\/p>\n<p>J\u2019ai longtemps r\u00e9sist\u00e9 aux demandes pressantes de mes amis et \u00e0 mon envie personnelle de les \u00ab\u00a0coucher sur le papier\u00a0\u00bb.<\/p>\n<p>L\u2019ampleur de la tache me semblait tellement immense, sans compter qu\u2019il me fallait \u00e9viter de \u00ab\u00a0r\u00e9\u00e9crire l\u2019Histoire\u00a0\u00bb, me m\u00e9fier des oublis et du risque r\u00e9el de prendre ses d\u00e9sirs pour des r\u00e9alit\u00e9s.<\/p>\n<p><strong>Enfin et surtout il fallait faire des choix.<\/strong><\/p>\n<p>De ma petite maison natale avec ma s\u0153ur et mes parents \u00e0 Royaucourt et Chailvet dans l\u2019Aisne pr\u00e8s de chez mes grands parents, \u00e0 ma maison ascquoise avec mon \u00e9pouse et mes deux filles, de la porte pouss\u00e9e pour la premi\u00e8re fois en septembre 1964 du si\u00e8ge du parti socialiste SFIO place Rihour,\u00a0 \u00e0 la porte claqu\u00e9e du PS de la rue Lyd\u00e9ric le 3 d\u00e9cembre 2001, de ma r\u00e9volte de jeune homme contre toutes les formes d&rsquo;injustice, \u00e0 ma r\u00e9volte d&rsquo;homme m\u00fbr contre toutes les formes d&rsquo;injustice,<\/p>\n<p><strong>J&rsquo;avais tant \u00e0 raconter<\/strong>, que le risque \u00e9tait grand de lasser mes lecteurs.<\/p>\n<p>Allais je parler du militant qui, en 1965, envoya son poing dans la figure d&rsquo;un \u00e9tudiant \u00ab\u00a0facho\u00a0\u00bb dans le hall du restaurant universitaire, du secr\u00e9taire des \u00e9tudiants mitterrandistes que je fus \u00e0 Clermont Ferrand en 1967, des bagarres de rue\u00a0 de Mai 68, de mes engagements militants pour Fran\u00e7ois Mitterrand en 1965, 1974 et 1981, de ma rencontre avec ce m\u00eame Fran\u00e7ois Mitterrand dans un restaurant des Halles \u00e0 Paris en 1978, de sa venue \u00e0 Villeneuve pour une journ\u00e9e enti\u00e8re en mars 1979 et l&rsquo;inauguration de la place L\u00e9on Blum, de ma premi\u00e8re \u00e9lection\u00a0 surprise de f\u00e9vrier 1976, de celle de 1977, de ma d\u00e9faite de juin 2002, de ma pr\u00e9sence \u00e0 l&rsquo;\u00c9lys\u00e9e le 24 mai 1981, de mes nombreux entretiens avec le Pr\u00e9sident, de ma derni\u00e8re rencontre avec lui le 10 novembre 1995, moins de deux mois avant sa mort, de mon \u00e9lection \u00e0 l\u2019arrach\u00e9 au Parlement Europ\u00e9en en 1989 \u00e0 mon triomphe villeuneuvois de juin 1995.<\/p>\n<p>Allais-je m\u00eame aller jusqu&rsquo;\u00e0 raconter mon enfance, mon entr\u00e9e \u00e0 4 ans en pr\u00e9paratoire \u00e0 la communale de Chailvet, une \u00e9cole \u00e0 classe unique, ma d\u00e9couverte \u00e0 10 ans du lyc\u00e9e de LAON o\u00f9 ma modeste condition ne fut pas facile \u00e0 vivre, de mon bac math \u00e9l\u00e9mentaire obtenu \u00e0 17 ans et de mon travail \u00e0 la Tr\u00e9sorerie G\u00e9n\u00e9rale de LAON.<\/p>\n<p>Allais-je enfin \u00e9voquer les amis tr\u00e8s nombreux quand tout allait bien et le \u00a0\u00bb dernier carr\u00e9 \u00a0\u00bb d\u2019apr\u00e8s la d\u00e9faite, le petit gar\u00e7on timide et trop peu s\u00fbr de lui, le leader politique puissant, le militant \u00e9branl\u00e9 par les trahisons, l\u2019homme bless\u00e9 \u00e0 vie par la b\u00eatise et la m\u00e9chancet\u00e9 de celles et ceux qui n\u2019auront de cesse de faire oublier ce qu\u2019ils me doivent ?<\/p>\n<p><strong>Oui j\u2019avais tant \u00e0 dire et \u00e0 \u00e9crire<\/strong>\u00a0\u2026 avec des mentions particuli\u00e8res pour les col\u00e8res d&rsquo;Arthur Notebart, les manoeuvres de Pierre Mauroy, les mani\u00e8res de Laurent Fabius, les l\u00e2chet\u00e9s de Michel Rocard, les s\u00e9ductions du Pr\u00e9sident Mitterrand, les fragilit\u00e9s de Lionel Jospin, avec enfin la cohorte des \u00a0\u00bb amis de toujours \u00a0\u00bb dont certains vous trahissent pour avoir le pouvoir et dont beaucoup d&rsquo;autres ont attendu d\u2019avoir ce \u00a0\u00bb pouvoir \u00a0\u00bb pour le faire.<\/p>\n<p><strong>Oui il y avait tant \u00e0 \u00e9crire d&rsquo;un pass\u00e9 riche et dense<\/strong>\u00a0\u00e0 Villeneuve d\u2019Ascq, en France, en Europe et dans plusieurs parties du monde, un pass\u00e9 personnel moins r\u00e9ussi sans doute que j&rsquo;eus pu le penser quand j&rsquo;\u00e9tais au sommet de ma\u00a0 r\u00e9ussite et moins rat\u00e9, je l&rsquo;esp\u00e8re, que je n\u2019ai pu le craindre ensuite.<\/p>\n<p>Une chose est s\u00fbre, j&rsquo;ai toujours essay\u00e9 honn\u00eatement de d\u00e9fendre mes id\u00e9es sans compromission<strong>avec des r\u00e8gles d&rsquo;\u00e9thique publiques<\/strong>\u00a0qui sont \u00e0 la base de mon engagement. J\u2019ai toujours essay\u00e9 de faire le travail pour lequel j\u2019avais \u00e9t\u00e9 \u00e9lu.<\/p>\n<p>Une autre chose est certaine : tant qu&rsquo;il me restera un souffle de vie, je me battrai pour ces id\u00e9es avec un espoir, que le jour venu, on dise de moi une seule chose, toute simple : \u00a0\u00bb c&rsquo;\u00e9tait un homme ! \u00a0\u00bb<\/p>\n<p>C\u2019est pourquoi sous le titre \u00ab\u00a0comme des p\u2019tits coquelicots\u00a0\u00bb, j\u2019ai fait le choix d\u2019images et de portraits furtifs, d\u2019anecdotes et de r\u00e9flexions, fruits de mon exp\u00e9rience, le tout pr\u00e9sent\u00e9 sous une forme simple, sans fard ni pr\u00e9tention.<\/p>\n<p><strong>J\u2019y dis simplement que ce que j\u2019ai vu, v\u00e9cu, pens\u00e9, et ce que je crois pour l\u2019avenir.<\/strong><\/p>\n<p>C\u2019est ma contribution \u00e0 l\u2019histoire avec un petit \u00ab\u00a0h\u00a0\u00bb et \u00e0 une r\u00e9flexion citoyenne que je pense devoir \u00e0 mes et \u00e0 nos enfants.<\/td>\n<\/tr>\n<\/tbody>\n<\/table>\n","protected":false},"excerpt":{"rendered":"<p>Comme des p\u2019tits coquelicots\u2026. &nbsp; &nbsp; R\u00e9flexions, souvenirs et portraits furtifs \u00a0 Dans le petit Larousse de 1972\u00a0on peut lire\u00a0: que le\u00a0\u00ab\u00a0coquelicot est une plante\u2026 qui, dans les champs, constitue une mauvaise herbe\u2026 Coup\u00e9e de ses racines, ses p\u00e9tales se d\u00e9tachent et fanent en quelques instants\u00a0\u00bb. &nbsp; Cette d\u00e9finition sied tout \u00e0 fait aux portraits &hellip; <\/p>\n<p><a class=\"more-link btn\" href=\"http:\/\/www.gcaudron.com\/?page_id=5628\">Continue reading<\/a><\/p>\n","protected":false},"author":3,"featured_media":0,"parent":1021,"menu_order":0,"comment_status":"closed","ping_status":"closed","template":"","meta":{"footnotes":""},"class_list":["post-5628","page","type-page","status-publish","hentry","nodate","item-wrap"],"_links":{"self":[{"href":"http:\/\/www.gcaudron.com\/index.php?rest_route=\/wp\/v2\/pages\/5628","targetHints":{"allow":["GET"]}}],"collection":[{"href":"http:\/\/www.gcaudron.com\/index.php?rest_route=\/wp\/v2\/pages"}],"about":[{"href":"http:\/\/www.gcaudron.com\/index.php?rest_route=\/wp\/v2\/types\/page"}],"author":[{"embeddable":true,"href":"http:\/\/www.gcaudron.com\/index.php?rest_route=\/wp\/v2\/users\/3"}],"replies":[{"embeddable":true,"href":"http:\/\/www.gcaudron.com\/index.php?rest_route=%2Fwp%2Fv2%2Fcomments&post=5628"}],"version-history":[{"count":2,"href":"http:\/\/www.gcaudron.com\/index.php?rest_route=\/wp\/v2\/pages\/5628\/revisions"}],"predecessor-version":[{"id":5675,"href":"http:\/\/www.gcaudron.com\/index.php?rest_route=\/wp\/v2\/pages\/5628\/revisions\/5675"}],"up":[{"embeddable":true,"href":"http:\/\/www.gcaudron.com\/index.php?rest_route=\/wp\/v2\/pages\/1021"}],"wp:attachment":[{"href":"http:\/\/www.gcaudron.com\/index.php?rest_route=%2Fwp%2Fv2%2Fmedia&parent=5628"}],"curies":[{"name":"wp","href":"https:\/\/api.w.org\/{rel}","templated":true}]}}