{"id":1021,"date":"2006-04-29T23:03:12","date_gmt":"2006-04-29T21:03:12","guid":{"rendered":"http:\/\/www.gcaudron.com\/?page_id=1021"},"modified":"2017-10-31T00:51:24","modified_gmt":"2017-10-30T23:51:24","slug":"comm-des-ptis-coquelicots","status":"publish","type":"page","link":"http:\/\/www.gcaudron.com\/?page_id=1021","title":{"rendered":"Comm&rsquo; des p&#8217;tis coquelicots&#8230;"},"content":{"rendered":"<p><a href=\"http:\/\/www.gcaudron.com\/wp-content\/uploads\/2017\/10\/affichelivre.jpg\"><img loading=\"lazy\" decoding=\"async\" class=\"aligncenter size-full wp-image-5622\" src=\"http:\/\/www.gcaudron.com\/wp-content\/uploads\/2017\/10\/affichelivre.jpg\" alt=\"\" width=\"244\" height=\"360\" srcset=\"http:\/\/www.gcaudron.com\/wp-content\/uploads\/2017\/10\/affichelivre.jpg 244w, http:\/\/www.gcaudron.com\/wp-content\/uploads\/2017\/10\/affichelivre-203x300.jpg 203w\" sizes=\"auto, (max-width: 244px) 100vw, 244px\" \/><\/a><\/p>\n<p style=\"text-align: center;\"><strong><span style=\"color: #800000;\">Livre \u00e9dit\u00e9 en 2006 qui doit \u00eatre r\u00e9actualis\u00e9<\/span><\/strong><\/p>\n<p>&nbsp;<\/p>\n<p>Cliquer sur un des liens ci-dessous pour lire l&rsquo;ensemble de la page<\/p>\n","protected":false},"excerpt":{"rendered":"<p>Livre \u00e9dit\u00e9 en 2006 qui doit \u00eatre r\u00e9actualis\u00e9 &nbsp; Cliquer sur un des liens ci-dessous pour lire l&rsquo;ensemble de la page<\/p>\n","protected":false},"author":3,"featured_media":0,"parent":0,"menu_order":0,"comment_status":"closed","ping_status":"open","template":"","meta":{"footnotes":""},"class_list":["post-1021","page","type-page","status-publish","hentry","nodate","item-wrap"],"_links":{"self":[{"href":"http:\/\/www.gcaudron.com\/index.php?rest_route=\/wp\/v2\/pages\/1021","targetHints":{"allow":["GET"]}}],"collection":[{"href":"http:\/\/www.gcaudron.com\/index.php?rest_route=\/wp\/v2\/pages"}],"about":[{"href":"http:\/\/www.gcaudron.com\/index.php?rest_route=\/wp\/v2\/types\/page"}],"author":[{"embeddable":true,"href":"http:\/\/www.gcaudron.com\/index.php?rest_route=\/wp\/v2\/users\/3"}],"replies":[{"embeddable":true,"href":"http:\/\/www.gcaudron.com\/index.php?rest_route=%2Fwp%2Fv2%2Fcomments&post=1021"}],"version-history":[{"count":24,"href":"http:\/\/www.gcaudron.com\/index.php?rest_route=\/wp\/v2\/pages\/1021\/revisions"}],"predecessor-version":[{"id":5703,"href":"http:\/\/www.gcaudron.com\/index.php?rest_route=\/wp\/v2\/pages\/1021\/revisions\/5703"}],"wp:attachment":[{"href":"http:\/\/www.gcaudron.com\/index.php?rest_route=%2Fwp%2Fv2%2Fmedia&parent=1021"}],"curies":[{"name":"wp","href":"https:\/\/api.w.org\/{rel}","templated":true}]}}